{"id":37631,"date":"2025-07-31T16:21:40","date_gmt":"2025-07-31T14:21:40","guid":{"rendered":"https:\/\/rxrprotect.com\/boutique\/senza-categoria\/r-pro-road\/"},"modified":"2026-01-07T12:13:45","modified_gmt":"2026-01-07T11:13:45","slug":"r-pro-road","status":"publish","type":"product","link":"https:\/\/rxr.clereb-siteclient.fr\/it\/official-store-it\/gilet-protettivo\/r-pro-road\/","title":{"rendered":"R-Pro 2 &#8211; Road"},"content":{"rendered":"<h2 data-pm-slice=\"1 1 []\"><strong>RXR Protect R-Pro 2 \u2013 Gilet airbag moto di nuova generazione<\/strong><\/h2>\n<p data-pm-slice=\"1 3 []\">Il gilet R-Pro 2 \u00e8 un gilet airbag moto di ultima generazione, progettato per i motociclisti pi\u00f9 esigenti su strada e in pista. Sempre gonfio e attivo, questo gilet offre una protezione immediata e costante, senza attivazione, sensori o sistemi elettronici. Pi\u00f9 leggero, pi\u00f9 sottile e pi\u00f9 confortevole sotto la giacca da moto standard, garantisce la massima sicurezza fin dal primo impatto, anche a bassa velocit\u00e0 o da fermo. Omologato EN 1621-2 livello 2 (schiena) ed EN 1621-3 livello 2 (torace), l\u2019R-Pro 2 non richiede alcuna costosa manutenzione dopo una caduta, risultando cos\u00ec una soluzione durevole ed economica.   <\/p>\n<p><strong>Vantaggi principali:<\/strong><\/p>\n<ul data-spread=\"false\">\n<li>Sempre attivo e gonfio, pronto a proteggere in ogni istante.<\/li>\n<li>Nessun attivazione, nessun rischio legato a batteria o cartuccia.<\/li>\n<li>Compatibile con una giacca da moto classica.<\/li>\n<li>Nessun costo aggiuntivo n\u00e9 pezzi da sostituire dopo una caduta.<\/li>\n<li>Manutenzione minima: lavabile, inodore, riutilizzabile immediatamente.<\/li>\n<\/ul>\n","protected":false},"excerpt":{"rendered":"<p>Il gilet R-Pro 2 \u00e8 un gilet airbag moto di ultima generazione, progettato per i motociclisti pi\u00f9 esigenti su strada e in pista.<\/p>\n","protected":false},"featured_media":37595,"template":"","meta":{"_acf_changed":false},"product_brand":[],"product_cat":[639,942],"product_tag":[],"class_list":{"0":"post-37631","1":"product","2":"type-product","3":"status-publish","4":"has-post-thumbnail","6":"product_cat-gilet-protettivo","7":"product_cat-road-it","9":"first","10":"instock","11":"taxable","12":"shipping-taxable","13":"purchasable","14":"product-type-variable"},"acf":[],"yoast_head":"<!-- This site is optimized with the Yoast SEO Premium plugin v25.1 (Yoast SEO v26.7) - https:\/\/yoast.com\/wordpress\/plugins\/seo\/ -->\n<title>Gilet airbag moto R-Pro 2 | RXR Protect<\/title>\n<meta name=\"description\" content=\"Scopri il gilet airbag moto R-Pro 2, una protezione sempre attiva, senza attivazione. Leggero, confortevole e affidabile, garantisce la massima sicurezza senza costose manutenzioni.\" \/>\n<meta name=\"robots\" content=\"index, follow, max-snippet:-1, max-image-preview:large, max-video-preview:-1\" \/>\n<link rel=\"canonical\" href=\"https:\/\/rxr.clereb-siteclient.fr\/it\/official-store-it\/gilet-protettivo\/r-pro-road\/\" \/>\n<meta property=\"og:locale\" content=\"it_IT\" \/>\n<meta property=\"og:type\" content=\"article\" \/>\n<meta property=\"og:title\" content=\"R-Pro 2 - Road\" \/>\n<meta property=\"og:description\" content=\"Scopri il gilet airbag moto R-Pro 2, una protezione sempre attiva, senza attivazione. Leggero, confortevole e affidabile, garantisce la massima sicurezza senza costose manutenzioni.\" \/>\n<meta property=\"og:url\" content=\"https:\/\/rxr.clereb-siteclient.fr\/it\/official-store-it\/gilet-protettivo\/r-pro-road\/\" \/>\n<meta property=\"og:site_name\" content=\"RXR Protect\" \/>\n<meta property=\"article:publisher\" content=\"https:\/\/www.facebook.com\/rxrprotectcom\" \/>\n<meta property=\"article:modified_time\" content=\"2026-01-07T11:13:45+00:00\" \/>\n<meta property=\"og:image\" content=\"https:\/\/rxr.clereb-siteclient.fr\/wp-content\/uploads\/2025\/07\/RPro-Road-Face.webp\" \/>\n\t<meta property=\"og:image:width\" content=\"1500\" \/>\n\t<meta property=\"og:image:height\" content=\"1500\" \/>\n\t<meta property=\"og:image:type\" content=\"image\/webp\" \/>\n<meta name=\"twitter:card\" content=\"summary_large_image\" \/>\n<script type=\"application\/ld+json\" class=\"yoast-schema-graph\">{\"@context\":\"https:\/\/schema.org\",\"@graph\":[{\"@type\":\"WebPage\",\"@id\":\"https:\/\/rxr.clereb-siteclient.fr\/it\/official-store-it\/gilet-protettivo\/r-pro-road\/\",\"url\":\"https:\/\/rxr.clereb-siteclient.fr\/it\/official-store-it\/gilet-protettivo\/r-pro-road\/\",\"name\":\"Gilet airbag moto R-Pro 2 | RXR Protect\",\"isPartOf\":{\"@id\":\"https:\/\/rxr.clereb-siteclient.fr\/it\/#website\"},\"primaryImageOfPage\":{\"@id\":\"https:\/\/rxr.clereb-siteclient.fr\/it\/official-store-it\/gilet-protettivo\/r-pro-road\/#primaryimage\"},\"image\":{\"@id\":\"https:\/\/rxr.clereb-siteclient.fr\/it\/official-store-it\/gilet-protettivo\/r-pro-road\/#primaryimage\"},\"thumbnailUrl\":\"https:\/\/rxr.clereb-siteclient.fr\/wp-content\/uploads\/2025\/07\/RPro-Road-Face.webp\",\"datePublished\":\"2025-07-31T14:21:40+00:00\",\"dateModified\":\"2026-01-07T11:13:45+00:00\",\"description\":\"Scopri il gilet airbag moto R-Pro 2, una protezione sempre attiva, senza attivazione. Leggero, confortevole e affidabile, garantisce la massima sicurezza senza costose manutenzioni.\",\"breadcrumb\":{\"@id\":\"https:\/\/rxr.clereb-siteclient.fr\/it\/official-store-it\/gilet-protettivo\/r-pro-road\/#breadcrumb\"},\"inLanguage\":\"it-IT\",\"potentialAction\":[{\"@type\":\"ReadAction\",\"target\":[\"https:\/\/rxr.clereb-siteclient.fr\/it\/official-store-it\/gilet-protettivo\/r-pro-road\/\"]}]},{\"@type\":\"ImageObject\",\"inLanguage\":\"it-IT\",\"@id\":\"https:\/\/rxr.clereb-siteclient.fr\/it\/official-store-it\/gilet-protettivo\/r-pro-road\/#primaryimage\",\"url\":\"https:\/\/rxr.clereb-siteclient.fr\/wp-content\/uploads\/2025\/07\/RPro-Road-Face.webp\",\"contentUrl\":\"https:\/\/rxr.clereb-siteclient.fr\/wp-content\/uploads\/2025\/07\/RPro-Road-Face.webp\",\"width\":1500,\"height\":1500},{\"@type\":\"BreadcrumbList\",\"@id\":\"https:\/\/rxr.clereb-siteclient.fr\/it\/official-store-it\/gilet-protettivo\/r-pro-road\/#breadcrumb\",\"itemListElement\":[{\"@type\":\"ListItem\",\"position\":1,\"name\":\"Accueil\",\"item\":\"https:\/\/rxr.clereb-siteclient.fr\/it\/home\/\"},{\"@type\":\"ListItem\",\"position\":2,\"name\":\"Official store\",\"item\":\"https:\/\/rxr.clereb-siteclient.fr\/boutique-officielle\/\"},{\"@type\":\"ListItem\",\"position\":3,\"name\":\"R-Pro 2 &#8211; Road\"}]},{\"@type\":\"WebSite\",\"@id\":\"https:\/\/rxr.clereb-siteclient.fr\/it\/#website\",\"url\":\"https:\/\/rxr.clereb-siteclient.fr\/it\/\",\"name\":\"RXR Protect\",\"description\":\"Pare pierre et protection gonflable pour le motocross, le VTT et tous les sports extr\u00eames.\",\"publisher\":{\"@id\":\"https:\/\/rxr.clereb-siteclient.fr\/it\/#organization\"},\"alternateName\":\"RXR\",\"potentialAction\":[{\"@type\":\"SearchAction\",\"target\":{\"@type\":\"EntryPoint\",\"urlTemplate\":\"https:\/\/rxr.clereb-siteclient.fr\/it\/?s={search_term_string}\"},\"query-input\":{\"@type\":\"PropertyValueSpecification\",\"valueRequired\":true,\"valueName\":\"search_term_string\"}}],\"inLanguage\":\"it-IT\"},{\"@type\":\"Organization\",\"@id\":\"https:\/\/rxr.clereb-siteclient.fr\/it\/#organization\",\"name\":\"RXR Protect\",\"alternateName\":\"RXR\",\"url\":\"https:\/\/rxr.clereb-siteclient.fr\/it\/\",\"logo\":{\"@type\":\"ImageObject\",\"inLanguage\":\"it-IT\",\"@id\":\"https:\/\/rxr.clereb-siteclient.fr\/it\/#\/schema\/logo\/image\/\",\"url\":\"https:\/\/rxr.clereb-siteclient.fr\/wp-content\/uploads\/2023\/10\/RXR-Logo-Noir.png\",\"contentUrl\":\"https:\/\/rxr.clereb-siteclient.fr\/wp-content\/uploads\/2023\/10\/RXR-Logo-Noir.png\",\"width\":500,\"height\":104,\"caption\":\"RXR Protect\"},\"image\":{\"@id\":\"https:\/\/rxr.clereb-siteclient.fr\/it\/#\/schema\/logo\/image\/\"},\"sameAs\":[\"https:\/\/www.facebook.com\/rxrprotectcom\",\"https:\/\/www.instagram.com\/rxrprotect\/\",\"https:\/\/www.tiktok.com\/@rxrprotect.com\"],\"email\":\"info@rxrprotect.com\",\"telephone\":\"09 70 24 01 01\",\"legalName\":\"PRO SHOP RXR\",\"vatID\":\"FR05511897548\",\"taxID\":\"51189754800034\",\"numberOfEmployees\":{\"@type\":\"QuantitativeValue\",\"minValue\":\"1\",\"maxValue\":\"10\"},\"hasMerchantReturnPolicy\":{\"@type\":\"MerchantReturnPolicy\",\"merchantReturnLink\":\"https:\/\/rxr.clereb-siteclient.fr\/conditions-generales-de-vente\/\"}}]}<\/script>\n<meta property=\"og:availability\" content=\"instock\" \/>\n<meta property=\"product:availability\" content=\"instock\" \/>\n<meta property=\"product:condition\" content=\"new\" \/>\n<!-- \/ Yoast SEO Premium plugin. -->","yoast_head_json":{"title":"Gilet airbag moto R-Pro 2 | RXR Protect","description":"Scopri il gilet airbag moto R-Pro 2, una protezione sempre attiva, senza attivazione. Leggero, confortevole e affidabile, garantisce la massima sicurezza senza costose manutenzioni.","robots":{"index":"index","follow":"follow","max-snippet":"max-snippet:-1","max-image-preview":"max-image-preview:large","max-video-preview":"max-video-preview:-1"},"canonical":"https:\/\/rxr.clereb-siteclient.fr\/it\/official-store-it\/gilet-protettivo\/r-pro-road\/","og_locale":"it_IT","og_type":"article","og_title":"R-Pro 2 - Road","og_description":"Scopri il gilet airbag moto R-Pro 2, una protezione sempre attiva, senza attivazione. Leggero, confortevole e affidabile, garantisce la massima sicurezza senza costose manutenzioni.","og_url":"https:\/\/rxr.clereb-siteclient.fr\/it\/official-store-it\/gilet-protettivo\/r-pro-road\/","og_site_name":"RXR Protect","article_publisher":"https:\/\/www.facebook.com\/rxrprotectcom","article_modified_time":"2026-01-07T11:13:45+00:00","og_image":[{"width":1500,"height":1500,"url":"https:\/\/rxr.clereb-siteclient.fr\/wp-content\/uploads\/2025\/07\/RPro-Road-Face.webp","type":"image\/webp"}],"twitter_card":"summary_large_image","schema":{"@context":"https:\/\/schema.org","@graph":[{"@type":"WebPage","@id":"https:\/\/rxr.clereb-siteclient.fr\/it\/official-store-it\/gilet-protettivo\/r-pro-road\/","url":"https:\/\/rxr.clereb-siteclient.fr\/it\/official-store-it\/gilet-protettivo\/r-pro-road\/","name":"Gilet airbag moto R-Pro 2 | RXR Protect","isPartOf":{"@id":"https:\/\/rxr.clereb-siteclient.fr\/it\/#website"},"primaryImageOfPage":{"@id":"https:\/\/rxr.clereb-siteclient.fr\/it\/official-store-it\/gilet-protettivo\/r-pro-road\/#primaryimage"},"image":{"@id":"https:\/\/rxr.clereb-siteclient.fr\/it\/official-store-it\/gilet-protettivo\/r-pro-road\/#primaryimage"},"thumbnailUrl":"https:\/\/rxr.clereb-siteclient.fr\/wp-content\/uploads\/2025\/07\/RPro-Road-Face.webp","datePublished":"2025-07-31T14:21:40+00:00","dateModified":"2026-01-07T11:13:45+00:00","description":"Scopri il gilet airbag moto R-Pro 2, una protezione sempre attiva, senza attivazione. Leggero, confortevole e affidabile, garantisce la massima sicurezza senza costose manutenzioni.","breadcrumb":{"@id":"https:\/\/rxr.clereb-siteclient.fr\/it\/official-store-it\/gilet-protettivo\/r-pro-road\/#breadcrumb"},"inLanguage":"it-IT","potentialAction":[{"@type":"ReadAction","target":["https:\/\/rxr.clereb-siteclient.fr\/it\/official-store-it\/gilet-protettivo\/r-pro-road\/"]}]},{"@type":"ImageObject","inLanguage":"it-IT","@id":"https:\/\/rxr.clereb-siteclient.fr\/it\/official-store-it\/gilet-protettivo\/r-pro-road\/#primaryimage","url":"https:\/\/rxr.clereb-siteclient.fr\/wp-content\/uploads\/2025\/07\/RPro-Road-Face.webp","contentUrl":"https:\/\/rxr.clereb-siteclient.fr\/wp-content\/uploads\/2025\/07\/RPro-Road-Face.webp","width":1500,"height":1500},{"@type":"BreadcrumbList","@id":"https:\/\/rxr.clereb-siteclient.fr\/it\/official-store-it\/gilet-protettivo\/r-pro-road\/#breadcrumb","itemListElement":[{"@type":"ListItem","position":1,"name":"Accueil","item":"https:\/\/rxr.clereb-siteclient.fr\/it\/home\/"},{"@type":"ListItem","position":2,"name":"Official store","item":"https:\/\/rxr.clereb-siteclient.fr\/boutique-officielle\/"},{"@type":"ListItem","position":3,"name":"R-Pro 2 &#8211; Road"}]},{"@type":"WebSite","@id":"https:\/\/rxr.clereb-siteclient.fr\/it\/#website","url":"https:\/\/rxr.clereb-siteclient.fr\/it\/","name":"RXR Protect","description":"Pare pierre et protection gonflable pour le motocross, le VTT et tous les sports extr\u00eames.","publisher":{"@id":"https:\/\/rxr.clereb-siteclient.fr\/it\/#organization"},"alternateName":"RXR","potentialAction":[{"@type":"SearchAction","target":{"@type":"EntryPoint","urlTemplate":"https:\/\/rxr.clereb-siteclient.fr\/it\/?s={search_term_string}"},"query-input":{"@type":"PropertyValueSpecification","valueRequired":true,"valueName":"search_term_string"}}],"inLanguage":"it-IT"},{"@type":"Organization","@id":"https:\/\/rxr.clereb-siteclient.fr\/it\/#organization","name":"RXR Protect","alternateName":"RXR","url":"https:\/\/rxr.clereb-siteclient.fr\/it\/","logo":{"@type":"ImageObject","inLanguage":"it-IT","@id":"https:\/\/rxr.clereb-siteclient.fr\/it\/#\/schema\/logo\/image\/","url":"https:\/\/rxr.clereb-siteclient.fr\/wp-content\/uploads\/2023\/10\/RXR-Logo-Noir.png","contentUrl":"https:\/\/rxr.clereb-siteclient.fr\/wp-content\/uploads\/2023\/10\/RXR-Logo-Noir.png","width":500,"height":104,"caption":"RXR Protect"},"image":{"@id":"https:\/\/rxr.clereb-siteclient.fr\/it\/#\/schema\/logo\/image\/"},"sameAs":["https:\/\/www.facebook.com\/rxrprotectcom","https:\/\/www.instagram.com\/rxrprotect\/","https:\/\/www.tiktok.com\/@rxrprotect.com"],"email":"info@rxrprotect.com","telephone":"09 70 24 01 01","legalName":"PRO SHOP RXR","vatID":"FR05511897548","taxID":"51189754800034","numberOfEmployees":{"@type":"QuantitativeValue","minValue":"1","maxValue":"10"},"hasMerchantReturnPolicy":{"@type":"MerchantReturnPolicy","merchantReturnLink":"https:\/\/rxr.clereb-siteclient.fr\/conditions-generales-de-vente\/"}}]},"og_availability":"instock","product_availability":"instock","product_condition":"new"},"_links":{"self":[{"href":"https:\/\/rxr.clereb-siteclient.fr\/it\/wp-json\/wp\/v2\/product\/37631","targetHints":{"allow":["GET"]}}],"collection":[{"href":"https:\/\/rxr.clereb-siteclient.fr\/it\/wp-json\/wp\/v2\/product"}],"about":[{"href":"https:\/\/rxr.clereb-siteclient.fr\/it\/wp-json\/wp\/v2\/types\/product"}],"version-history":[{"count":0,"href":"https:\/\/rxr.clereb-siteclient.fr\/it\/wp-json\/wp\/v2\/product\/37631\/revisions"}],"wp:featuredmedia":[{"embeddable":true,"href":"https:\/\/rxr.clereb-siteclient.fr\/it\/wp-json\/wp\/v2\/media\/37595"}],"wp:attachment":[{"href":"https:\/\/rxr.clereb-siteclient.fr\/it\/wp-json\/wp\/v2\/media?parent=37631"}],"wp:term":[{"taxonomy":"product_brand","embeddable":true,"href":"https:\/\/rxr.clereb-siteclient.fr\/it\/wp-json\/wp\/v2\/product_brand?post=37631"},{"taxonomy":"product_cat","embeddable":true,"href":"https:\/\/rxr.clereb-siteclient.fr\/it\/wp-json\/wp\/v2\/product_cat?post=37631"},{"taxonomy":"product_tag","embeddable":true,"href":"https:\/\/rxr.clereb-siteclient.fr\/it\/wp-json\/wp\/v2\/product_tag?post=37631"}],"curies":[{"name":"wp","href":"https:\/\/api.w.org\/{rel}","templated":true}]}}