{"id":21616,"date":"2024-03-14T14:33:34","date_gmt":"2024-03-14T13:33:34","guid":{"rendered":"https:\/\/rxrprotect.com\/boutique\/senza-categoria\/piastra-posteriore-r2o\/"},"modified":"2026-01-07T11:49:56","modified_gmt":"2026-01-07T10:49:56","slug":"piastra-posteriore-r2o","status":"publish","type":"product","link":"https:\/\/rxr.clereb-siteclient.fr\/it\/official-store-it\/protezione-dorsale\/r2o-it\/piastra-posteriore-r2o\/","title":{"rendered":"Piastra posteriore R2O"},"content":{"rendered":"<p>Scoprite la rivoluzione nel campo della protezione dorsale per motociclisti con la nostra nuovissima protezione dorsale gonfiabile R2O. Progettata con una tecnologia all&#8217;avanguardia, questa innovativa protezione offre un livello di protezione senza precedenti. <\/p>\n<p>La combinazione di una schiuma non newtoniana e del nostro sistema di cuscini d&#8217;aria migliora le prestazioni in modo esponenziale rispetto a tutte le schiume colorate presenti sul mercato. Adatto alle vostre giacche e a tutte le vostre protezioni, l&#8217;R2O vi consentir\u00e0 di aumentare il livello di protezione delle vostre attrezzature di sicurezza in tutti i vostri spostamenti. <\/p>\n<p>Leggera e discreta, la protezione dorsale per moto R2O offre un comfort senza pari garantendo al contempo la massima sicurezza. Il suo design intelligente consente una totale libert\u00e0 di movimento, permettendoti di svolgere le tue attivit\u00e0 in tutta sicurezza. <\/p>\n<p>Che tu sia un adulto o un bambino, la nostra protezione dorsale gonfiabile R2O \u00e8 adatta a tutte le et\u00e0 e a tutte le corporature. Grazie alla sua capacit\u00e0 di adattarsi perfettamente al tuo corpo e di irrigidirsi istantaneamente in caso di urto, puoi essere certo di beneficiare di una protezione ottimale in ogni momento. <\/p>\n<p>Non compromettete la vostra sicurezza. Scegliete la protezione dorsale R2O e godetevi un livello di protezione molto elevato senza rinunciare al comfort. <\/p>\n","protected":false},"excerpt":{"rendered":"<p>Protezione dorsale per motociclisti innovativa che combina aria e una schiuma speciale in grado di irrigidirsi istantaneamente in caso di impatto, offrendo un livello di protezione mai visto prima.<\/p>\n","protected":false},"featured_media":21619,"template":"","meta":{"_acf_changed":false},"product_brand":[],"product_cat":[641,601],"product_tag":[],"class_list":{"0":"post-21616","1":"product","2":"type-product","3":"status-publish","4":"has-post-thumbnail","6":"product_cat-protezione-dorsale","7":"product_cat-r2o-it","9":"first","10":"instock","11":"taxable","12":"shipping-taxable","13":"purchasable","14":"product-type-variable"},"acf":[],"yoast_head":"<!-- This site is optimized with the Yoast SEO Premium plugin v25.1 (Yoast SEO v26.7) - https:\/\/yoast.com\/wordpress\/plugins\/seo\/ -->\n<title>Schienale moto gonfiabile R2O - RXR Protect Official<\/title>\n<meta name=\"description\" content=\"Scopri il nostro paraschiena moto gonfiabile R2O, che combina l&#039;aria con la schiuma che si irrigidisce in caso di impatto, offrendo un altissimo livello di protezione!\" \/>\n<meta name=\"robots\" content=\"index, follow, max-snippet:-1, max-image-preview:large, max-video-preview:-1\" \/>\n<link rel=\"canonical\" href=\"https:\/\/rxr.clereb-siteclient.fr\/it\/official-store-it\/protezione-dorsale\/r2o-it\/piastra-posteriore-r2o\/\" \/>\n<meta property=\"og:locale\" content=\"it_IT\" \/>\n<meta property=\"og:type\" content=\"article\" \/>\n<meta property=\"og:title\" content=\"Piastra posteriore R2O\" \/>\n<meta property=\"og:description\" content=\"Scopri il nostro paraschiena moto gonfiabile R2O, che combina l&#039;aria con la schiuma che si irrigidisce in caso di impatto, offrendo un altissimo livello di protezione!\" \/>\n<meta property=\"og:url\" content=\"https:\/\/rxr.clereb-siteclient.fr\/it\/official-store-it\/protezione-dorsale\/r2o-it\/piastra-posteriore-r2o\/\" \/>\n<meta property=\"og:site_name\" content=\"RXR Protect\" \/>\n<meta property=\"article:publisher\" content=\"https:\/\/www.facebook.com\/rxrprotectcom\" \/>\n<meta property=\"article:modified_time\" content=\"2026-01-07T10:49:56+00:00\" \/>\n<meta property=\"og:image\" content=\"https:\/\/rxr.clereb-siteclient.fr\/wp-content\/uploads\/2024\/03\/R20-4.jpg\" \/>\n\t<meta property=\"og:image:width\" content=\"1500\" \/>\n\t<meta property=\"og:image:height\" content=\"1500\" \/>\n\t<meta property=\"og:image:type\" content=\"image\/jpeg\" \/>\n<meta name=\"twitter:card\" content=\"summary_large_image\" \/>\n<script type=\"application\/ld+json\" class=\"yoast-schema-graph\">{\"@context\":\"https:\/\/schema.org\",\"@graph\":[{\"@type\":\"WebPage\",\"@id\":\"https:\/\/rxr.clereb-siteclient.fr\/it\/official-store-it\/protezione-dorsale\/r2o-it\/piastra-posteriore-r2o\/\",\"url\":\"https:\/\/rxr.clereb-siteclient.fr\/it\/official-store-it\/protezione-dorsale\/r2o-it\/piastra-posteriore-r2o\/\",\"name\":\"Schienale moto gonfiabile R2O - RXR Protect Official\",\"isPartOf\":{\"@id\":\"https:\/\/rxr.clereb-siteclient.fr\/it\/#website\"},\"primaryImageOfPage\":{\"@id\":\"https:\/\/rxr.clereb-siteclient.fr\/it\/official-store-it\/protezione-dorsale\/r2o-it\/piastra-posteriore-r2o\/#primaryimage\"},\"image\":{\"@id\":\"https:\/\/rxr.clereb-siteclient.fr\/it\/official-store-it\/protezione-dorsale\/r2o-it\/piastra-posteriore-r2o\/#primaryimage\"},\"thumbnailUrl\":\"https:\/\/rxr.clereb-siteclient.fr\/wp-content\/uploads\/2024\/03\/R20-4.jpg\",\"datePublished\":\"2024-03-14T13:33:34+00:00\",\"dateModified\":\"2026-01-07T10:49:56+00:00\",\"description\":\"Scopri il nostro paraschiena moto gonfiabile R2O, che combina l'aria con la schiuma che si irrigidisce in caso di impatto, offrendo un altissimo livello di protezione!\",\"breadcrumb\":{\"@id\":\"https:\/\/rxr.clereb-siteclient.fr\/it\/official-store-it\/protezione-dorsale\/r2o-it\/piastra-posteriore-r2o\/#breadcrumb\"},\"inLanguage\":\"it-IT\",\"potentialAction\":[{\"@type\":\"ReadAction\",\"target\":[\"https:\/\/rxr.clereb-siteclient.fr\/it\/official-store-it\/protezione-dorsale\/r2o-it\/piastra-posteriore-r2o\/\"]}]},{\"@type\":\"ImageObject\",\"inLanguage\":\"it-IT\",\"@id\":\"https:\/\/rxr.clereb-siteclient.fr\/it\/official-store-it\/protezione-dorsale\/r2o-it\/piastra-posteriore-r2o\/#primaryimage\",\"url\":\"https:\/\/rxr.clereb-siteclient.fr\/wp-content\/uploads\/2024\/03\/R20-4.jpg\",\"contentUrl\":\"https:\/\/rxr.clereb-siteclient.fr\/wp-content\/uploads\/2024\/03\/R20-4.jpg\",\"width\":1500,\"height\":1500,\"caption\":\"Dorsale moto gonflable RXR Protect\"},{\"@type\":\"BreadcrumbList\",\"@id\":\"https:\/\/rxr.clereb-siteclient.fr\/it\/official-store-it\/protezione-dorsale\/r2o-it\/piastra-posteriore-r2o\/#breadcrumb\",\"itemListElement\":[{\"@type\":\"ListItem\",\"position\":1,\"name\":\"Accueil\",\"item\":\"https:\/\/rxr.clereb-siteclient.fr\/it\/home\/\"},{\"@type\":\"ListItem\",\"position\":2,\"name\":\"Official store\",\"item\":\"https:\/\/rxr.clereb-siteclient.fr\/boutique-officielle\/\"},{\"@type\":\"ListItem\",\"position\":3,\"name\":\"Dorsale Gonfiabile R2O\"}]},{\"@type\":\"WebSite\",\"@id\":\"https:\/\/rxr.clereb-siteclient.fr\/it\/#website\",\"url\":\"https:\/\/rxr.clereb-siteclient.fr\/it\/\",\"name\":\"RXR Protect\",\"description\":\"Pare pierre et protection gonflable pour le motocross, le VTT et tous les sports extr\u00eames.\",\"publisher\":{\"@id\":\"https:\/\/rxr.clereb-siteclient.fr\/it\/#organization\"},\"alternateName\":\"RXR\",\"potentialAction\":[{\"@type\":\"SearchAction\",\"target\":{\"@type\":\"EntryPoint\",\"urlTemplate\":\"https:\/\/rxr.clereb-siteclient.fr\/it\/?s={search_term_string}\"},\"query-input\":{\"@type\":\"PropertyValueSpecification\",\"valueRequired\":true,\"valueName\":\"search_term_string\"}}],\"inLanguage\":\"it-IT\"},{\"@type\":\"Organization\",\"@id\":\"https:\/\/rxr.clereb-siteclient.fr\/it\/#organization\",\"name\":\"RXR Protect\",\"alternateName\":\"RXR\",\"url\":\"https:\/\/rxr.clereb-siteclient.fr\/it\/\",\"logo\":{\"@type\":\"ImageObject\",\"inLanguage\":\"it-IT\",\"@id\":\"https:\/\/rxr.clereb-siteclient.fr\/it\/#\/schema\/logo\/image\/\",\"url\":\"https:\/\/rxr.clereb-siteclient.fr\/wp-content\/uploads\/2023\/10\/RXR-Logo-Noir.png\",\"contentUrl\":\"https:\/\/rxr.clereb-siteclient.fr\/wp-content\/uploads\/2023\/10\/RXR-Logo-Noir.png\",\"width\":500,\"height\":104,\"caption\":\"RXR Protect\"},\"image\":{\"@id\":\"https:\/\/rxr.clereb-siteclient.fr\/it\/#\/schema\/logo\/image\/\"},\"sameAs\":[\"https:\/\/www.facebook.com\/rxrprotectcom\",\"https:\/\/www.instagram.com\/rxrprotect\/\",\"https:\/\/www.tiktok.com\/@rxrprotect.com\"],\"email\":\"info@rxrprotect.com\",\"telephone\":\"09 70 24 01 01\",\"legalName\":\"PRO SHOP RXR\",\"vatID\":\"FR05511897548\",\"taxID\":\"51189754800034\",\"numberOfEmployees\":{\"@type\":\"QuantitativeValue\",\"minValue\":\"1\",\"maxValue\":\"10\"},\"hasMerchantReturnPolicy\":{\"@type\":\"MerchantReturnPolicy\",\"merchantReturnLink\":\"https:\/\/rxr.clereb-siteclient.fr\/conditions-generales-de-vente\/\"}}]}<\/script>\n<meta property=\"og:availability\" content=\"instock\" \/>\n<meta property=\"product:availability\" content=\"instock\" \/>\n<meta property=\"product:condition\" content=\"new\" \/>\n<!-- \/ Yoast SEO Premium plugin. -->","yoast_head_json":{"title":"Schienale moto gonfiabile R2O - RXR Protect Official","description":"Scopri il nostro paraschiena moto gonfiabile R2O, che combina l'aria con la schiuma che si irrigidisce in caso di impatto, offrendo un altissimo livello di protezione!","robots":{"index":"index","follow":"follow","max-snippet":"max-snippet:-1","max-image-preview":"max-image-preview:large","max-video-preview":"max-video-preview:-1"},"canonical":"https:\/\/rxr.clereb-siteclient.fr\/it\/official-store-it\/protezione-dorsale\/r2o-it\/piastra-posteriore-r2o\/","og_locale":"it_IT","og_type":"article","og_title":"Piastra posteriore R2O","og_description":"Scopri il nostro paraschiena moto gonfiabile R2O, che combina l'aria con la schiuma che si irrigidisce in caso di impatto, offrendo un altissimo livello di protezione!","og_url":"https:\/\/rxr.clereb-siteclient.fr\/it\/official-store-it\/protezione-dorsale\/r2o-it\/piastra-posteriore-r2o\/","og_site_name":"RXR Protect","article_publisher":"https:\/\/www.facebook.com\/rxrprotectcom","article_modified_time":"2026-01-07T10:49:56+00:00","og_image":[{"width":1500,"height":1500,"url":"https:\/\/rxr.clereb-siteclient.fr\/wp-content\/uploads\/2024\/03\/R20-4.jpg","type":"image\/jpeg"}],"twitter_card":"summary_large_image","schema":{"@context":"https:\/\/schema.org","@graph":[{"@type":"WebPage","@id":"https:\/\/rxr.clereb-siteclient.fr\/it\/official-store-it\/protezione-dorsale\/r2o-it\/piastra-posteriore-r2o\/","url":"https:\/\/rxr.clereb-siteclient.fr\/it\/official-store-it\/protezione-dorsale\/r2o-it\/piastra-posteriore-r2o\/","name":"Schienale moto gonfiabile R2O - RXR Protect Official","isPartOf":{"@id":"https:\/\/rxr.clereb-siteclient.fr\/it\/#website"},"primaryImageOfPage":{"@id":"https:\/\/rxr.clereb-siteclient.fr\/it\/official-store-it\/protezione-dorsale\/r2o-it\/piastra-posteriore-r2o\/#primaryimage"},"image":{"@id":"https:\/\/rxr.clereb-siteclient.fr\/it\/official-store-it\/protezione-dorsale\/r2o-it\/piastra-posteriore-r2o\/#primaryimage"},"thumbnailUrl":"https:\/\/rxr.clereb-siteclient.fr\/wp-content\/uploads\/2024\/03\/R20-4.jpg","datePublished":"2024-03-14T13:33:34+00:00","dateModified":"2026-01-07T10:49:56+00:00","description":"Scopri il nostro paraschiena moto gonfiabile R2O, che combina l'aria con la schiuma che si irrigidisce in caso di impatto, offrendo un altissimo livello di protezione!","breadcrumb":{"@id":"https:\/\/rxr.clereb-siteclient.fr\/it\/official-store-it\/protezione-dorsale\/r2o-it\/piastra-posteriore-r2o\/#breadcrumb"},"inLanguage":"it-IT","potentialAction":[{"@type":"ReadAction","target":["https:\/\/rxr.clereb-siteclient.fr\/it\/official-store-it\/protezione-dorsale\/r2o-it\/piastra-posteriore-r2o\/"]}]},{"@type":"ImageObject","inLanguage":"it-IT","@id":"https:\/\/rxr.clereb-siteclient.fr\/it\/official-store-it\/protezione-dorsale\/r2o-it\/piastra-posteriore-r2o\/#primaryimage","url":"https:\/\/rxr.clereb-siteclient.fr\/wp-content\/uploads\/2024\/03\/R20-4.jpg","contentUrl":"https:\/\/rxr.clereb-siteclient.fr\/wp-content\/uploads\/2024\/03\/R20-4.jpg","width":1500,"height":1500,"caption":"Dorsale moto gonflable RXR Protect"},{"@type":"BreadcrumbList","@id":"https:\/\/rxr.clereb-siteclient.fr\/it\/official-store-it\/protezione-dorsale\/r2o-it\/piastra-posteriore-r2o\/#breadcrumb","itemListElement":[{"@type":"ListItem","position":1,"name":"Accueil","item":"https:\/\/rxr.clereb-siteclient.fr\/it\/home\/"},{"@type":"ListItem","position":2,"name":"Official store","item":"https:\/\/rxr.clereb-siteclient.fr\/boutique-officielle\/"},{"@type":"ListItem","position":3,"name":"Dorsale Gonfiabile R2O"}]},{"@type":"WebSite","@id":"https:\/\/rxr.clereb-siteclient.fr\/it\/#website","url":"https:\/\/rxr.clereb-siteclient.fr\/it\/","name":"RXR Protect","description":"Pare pierre et protection gonflable pour le motocross, le VTT et tous les sports extr\u00eames.","publisher":{"@id":"https:\/\/rxr.clereb-siteclient.fr\/it\/#organization"},"alternateName":"RXR","potentialAction":[{"@type":"SearchAction","target":{"@type":"EntryPoint","urlTemplate":"https:\/\/rxr.clereb-siteclient.fr\/it\/?s={search_term_string}"},"query-input":{"@type":"PropertyValueSpecification","valueRequired":true,"valueName":"search_term_string"}}],"inLanguage":"it-IT"},{"@type":"Organization","@id":"https:\/\/rxr.clereb-siteclient.fr\/it\/#organization","name":"RXR Protect","alternateName":"RXR","url":"https:\/\/rxr.clereb-siteclient.fr\/it\/","logo":{"@type":"ImageObject","inLanguage":"it-IT","@id":"https:\/\/rxr.clereb-siteclient.fr\/it\/#\/schema\/logo\/image\/","url":"https:\/\/rxr.clereb-siteclient.fr\/wp-content\/uploads\/2023\/10\/RXR-Logo-Noir.png","contentUrl":"https:\/\/rxr.clereb-siteclient.fr\/wp-content\/uploads\/2023\/10\/RXR-Logo-Noir.png","width":500,"height":104,"caption":"RXR Protect"},"image":{"@id":"https:\/\/rxr.clereb-siteclient.fr\/it\/#\/schema\/logo\/image\/"},"sameAs":["https:\/\/www.facebook.com\/rxrprotectcom","https:\/\/www.instagram.com\/rxrprotect\/","https:\/\/www.tiktok.com\/@rxrprotect.com"],"email":"info@rxrprotect.com","telephone":"09 70 24 01 01","legalName":"PRO SHOP RXR","vatID":"FR05511897548","taxID":"51189754800034","numberOfEmployees":{"@type":"QuantitativeValue","minValue":"1","maxValue":"10"},"hasMerchantReturnPolicy":{"@type":"MerchantReturnPolicy","merchantReturnLink":"https:\/\/rxr.clereb-siteclient.fr\/conditions-generales-de-vente\/"}}]},"og_availability":"instock","product_availability":"instock","product_condition":"new"},"_links":{"self":[{"href":"https:\/\/rxr.clereb-siteclient.fr\/it\/wp-json\/wp\/v2\/product\/21616","targetHints":{"allow":["GET"]}}],"collection":[{"href":"https:\/\/rxr.clereb-siteclient.fr\/it\/wp-json\/wp\/v2\/product"}],"about":[{"href":"https:\/\/rxr.clereb-siteclient.fr\/it\/wp-json\/wp\/v2\/types\/product"}],"version-history":[{"count":0,"href":"https:\/\/rxr.clereb-siteclient.fr\/it\/wp-json\/wp\/v2\/product\/21616\/revisions"}],"wp:featuredmedia":[{"embeddable":true,"href":"https:\/\/rxr.clereb-siteclient.fr\/it\/wp-json\/wp\/v2\/media\/21619"}],"wp:attachment":[{"href":"https:\/\/rxr.clereb-siteclient.fr\/it\/wp-json\/wp\/v2\/media?parent=21616"}],"wp:term":[{"taxonomy":"product_brand","embeddable":true,"href":"https:\/\/rxr.clereb-siteclient.fr\/it\/wp-json\/wp\/v2\/product_brand?post=21616"},{"taxonomy":"product_cat","embeddable":true,"href":"https:\/\/rxr.clereb-siteclient.fr\/it\/wp-json\/wp\/v2\/product_cat?post=21616"},{"taxonomy":"product_tag","embeddable":true,"href":"https:\/\/rxr.clereb-siteclient.fr\/it\/wp-json\/wp\/v2\/product_tag?post=21616"}],"curies":[{"name":"wp","href":"https:\/\/api.w.org\/{rel}","templated":true}]}}