{"id":19653,"date":"2023-12-11T12:43:58","date_gmt":"2023-12-11T11:43:58","guid":{"rendered":"https:\/\/rxrprotect.com\/centro-assistenza\/reclutamento\/"},"modified":"2025-01-09T10:51:43","modified_gmt":"2025-01-09T09:51:43","slug":"reclutamento","status":"publish","type":"page","link":"https:\/\/rxr.clereb-siteclient.fr\/it\/centro-assistenza\/reclutamento\/","title":{"rendered":"Reclutamento"},"content":{"rendered":"\t\t<div data-elementor-type=\"wp-page\" data-elementor-id=\"19653\" class=\"elementor elementor-19653 elementor-5586\" data-elementor-post-type=\"page\">\n\t\t\t\t<div class=\"elementor-element elementor-element-3e4b5f6 e-flex e-con-boxed e-con e-parent\" data-id=\"3e4b5f6\" data-element_type=\"container\">\n\t\t\t\t\t<div class=\"e-con-inner\">\n\t\t\t\t<div class=\"elementor-element elementor-element-8bf8911 elementor-widget elementor-widget-woocommerce-breadcrumb\" data-id=\"8bf8911\" data-element_type=\"widget\" data-widget_type=\"woocommerce-breadcrumb.default\">\n\t\t\t\t\t<nav class=\"woocommerce-breadcrumb\" aria-label=\"Breadcrumb\">Home<\/nav>\t\t\t\t<\/div>\n\t\t\t\t<div class=\"elementor-element elementor-element-5f83a3f elementor-widget-divider--view-line elementor-widget elementor-widget-divider\" data-id=\"5f83a3f\" data-element_type=\"widget\" data-widget_type=\"divider.default\">\n\t\t\t\t\t\t\t<div class=\"elementor-divider\">\n\t\t\t<span class=\"elementor-divider-separator\">\n\t\t\t\t\t\t<\/span>\n\t\t<\/div>\n\t\t\t\t\t\t<\/div>\n\t\t\t\t\t<\/div>\n\t\t\t\t<\/div>\n\t\t<div class=\"elementor-element elementor-element-2132c85 e-flex e-con-boxed e-con e-parent\" data-id=\"2132c85\" data-element_type=\"container\">\n\t\t\t\t\t<div class=\"e-con-inner\">\n\t\t\t\t<div class=\"elementor-element elementor-element-9e50d48 elementor-widget elementor-widget-heading\" data-id=\"9e50d48\" data-element_type=\"widget\" data-widget_type=\"heading.default\">\n\t\t\t\t\t<h2 class=\"elementor-heading-title elementor-size-default\">Si vous \u00eates int\u00e9ress\u00e9 par une des offres ci dessous, vous pouvez envoyer un mail \u00e0 l'adresse suivante :<\/h2>\t\t\t\t<\/div>\n\t\t\t\t<div class=\"elementor-element elementor-element-8e78221 elementor-widget elementor-widget-heading\" data-id=\"8e78221\" data-element_type=\"widget\" data-widget_type=\"heading.default\">\n\t\t\t\t\t<h2 class=\"elementor-heading-title elementor-size-default\">david@rxrprotect.com<\/h2>\t\t\t\t<\/div>\n\t\t\t\t<div class=\"elementor-element elementor-element-bab37b1 e-n-tabs-none elementor-widget elementor-widget-n-tabs\" data-id=\"bab37b1\" data-element_type=\"widget\" data-settings=\"{&quot;tabs_justify_horizontal_mobile&quot;:&quot;center&quot;,&quot;horizontal_scroll_mobile&quot;:&quot;disable&quot;,&quot;horizontal_scroll&quot;:&quot;disable&quot;}\" data-widget_type=\"nested-tabs.default\">\n\t\t\t\t\t\t\t<div class=\"e-n-tabs\" data-widget-number=\"195770289\" aria-label=\"Schede. Apri gli elementi con Invio o Spazio, chiudili con Esc e naviga con i tasti freccia.\">\n\t\t\t<div class=\"e-n-tabs-heading\" role=\"tablist\">\n\t\t\t\t\t<button id=\"e-n-tab-title-1957702891\" data-tab-title-id=\"e-n-tab-title-1957702891\" class=\"e-n-tab-title\" aria-selected=\"true\" data-tab-index=\"1\" role=\"tab\" tabindex=\"0\" aria-controls=\"e-n-tab-content-1957702891\" style=\"--n-tabs-title-order: 1;\">\n\t\t\t\t\t\t<span class=\"e-n-tab-title-text\">\n\t\t\t\tCDI\t\t\t<\/span>\n\t\t<\/button>\n\t\t\t\t<button id=\"e-n-tab-title-1957702892\" data-tab-title-id=\"e-n-tab-title-1957702892\" class=\"e-n-tab-title\" aria-selected=\"false\" data-tab-index=\"2\" role=\"tab\" tabindex=\"-1\" aria-controls=\"e-n-tab-content-1957702892\" style=\"--n-tabs-title-order: 2;\">\n\t\t\t\t\t\t<span class=\"e-n-tab-title-text\">\n\t\t\t\tAlternance\t\t\t<\/span>\n\t\t<\/button>\n\t\t\t\t\t<\/div>\n\t\t\t<div class=\"e-n-tabs-content\">\n\t\t\t\t<div id=\"e-n-tab-content-1957702891\" role=\"tabpanel\" aria-labelledby=\"e-n-tab-title-1957702891\" data-tab-index=\"1\" style=\"--n-tabs-title-order: 1;\" class=\"e-active elementor-element elementor-element-747968b e-con-full e-flex e-con e-child\" data-id=\"747968b\" data-element_type=\"container\">\n\t\t\t\t<div class=\"elementor-element elementor-element-875ff07 elementor-widget elementor-widget-heading\" data-id=\"875ff07\" data-element_type=\"widget\" data-widget_type=\"heading.default\">\n\t\t\t\t\t<h2 class=\"elementor-heading-title elementor-size-default\">Charg\u00e9(e) de d\u00e9veloppement commercial \u2013 Division Sports et Mobilit\u00e9s Urbaines.<\/h2>\t\t\t\t<\/div>\n\t\t\t\t<div class=\"elementor-element elementor-element-3606b47 elementor-widget elementor-widget-text-editor\" data-id=\"3606b47\" data-element_type=\"widget\" data-widget_type=\"text-editor.default\">\n\t\t\t\t\t\t\t\t\t<p>RXR Protect recherche son ou sa Charg\u00e9(e) de d\u00e9veloppement commercial \u2013 Division Sports et Mobilit\u00e9s Urbaines<\/p>\n<p>Nous recrutons un(e) passionn\u00e9(e) du challenge commercial, \u00e9voluant dans un environnement \u00e0 la fois digital et terrain, et poss\u00e9dant une connaissance approfondie de l&#8217;univers des sports.<\/p>\n<p>En tant que membre de notre \u00e9quipe, tu seras responsable de :<\/p>\n<p>P<strong>rospezione attiva:<\/strong> sarai responsabile di aprire nuove porte, conquistare i tuoi contatti tecnici e proporre, negoziare e concludere con successo le vendite. Sviluppo diretto delle vendite EXPORT (nuovi clienti).<\/p>\n<p><strong>Excellent relationnel :<\/strong> Tu devras \u00eatre ouvert(e) d&#8217;esprit, dot\u00e9(e) d&#8217;un excellent relationnel, ainsi qu&#8217;organis\u00e9(e) et m\u00e9thodique pour travailler de mani\u00e8re ind\u00e9pendante.<\/p>\n<p><strong>Disponibilit\u00e9 pour voyager :<\/strong> Tu seras pr\u00eat(e) \u00e0 voyager en France et \u00e0 l&#8217;\u00e9tranger pour tes missions, ainsi qu&#8217;\u00e0 participer \u00e0 des salons et des \u00e9v\u00e8nements autour du monde du sport, avec une ma\u00eetrise parfaite de l&#8217;anglais.<\/p>\n<p><strong>Expertise en marketing digital :<\/strong> Tu auras un fort int\u00e9r\u00eat pour le marketing digital tout en \u00e9tant pr\u00e9sent sur le terrain au plus proche de tes prospects\/clients.<\/p>\n<p><strong>Co-branding :<\/strong> tu seras impliqu\u00e9(e) dans la mise en place du co-branding sur notre gamme de produits.<\/p>\n<p>Tes points incontournables :<br \/>&#8211; Comp\u00e9tence en marketing digital.<br \/>&#8211; App\u00e9tence pour l&#8217;environnement du sport et de la mobilit\u00e9 urbaine.<br \/>&#8211; Fluent in English.<\/p>\n<p>Si tu es passionn\u00e9(e) par le monde des sports, que tu poss\u00e8des un esprit entrepreneurial et que tu recherches un d\u00e9fi excitant dans un environnement dynamique et stimulant, alors cette opportunit\u00e9 est faite pour toi !<\/p>\n<p>Postule d\u00e8s maintenant et rejoins notre \u00e9quipe pour contribuer \u00e0 notre succ\u00e8s dans le monde du sport et de la mobilit\u00e9 urbaine.<\/p>\n\t\t\t\t\t\t\t\t<\/div>\n\t\t\t\t<div class=\"elementor-element elementor-element-15afe67 elementor-widget-divider--view-line elementor-widget elementor-widget-divider\" data-id=\"15afe67\" data-element_type=\"widget\" data-widget_type=\"divider.default\">\n\t\t\t\t\t\t\t<div class=\"elementor-divider\">\n\t\t\t<span class=\"elementor-divider-separator\">\n\t\t\t\t\t\t<\/span>\n\t\t<\/div>\n\t\t\t\t\t\t<\/div>\n\t\t\t\t<div class=\"elementor-element elementor-element-5622fbb elementor-widget elementor-widget-heading\" data-id=\"5622fbb\" data-element_type=\"widget\" data-widget_type=\"heading.default\">\n\t\t\t\t\t<h2 class=\"elementor-heading-title elementor-size-default\">Marketing Marketing Digital.<\/h2>\t\t\t\t<\/div>\n\t\t\t\t<div class=\"elementor-element elementor-element-1e9775d elementor-widget elementor-widget-text-editor\" data-id=\"1e9775d\" data-element_type=\"widget\" data-widget_type=\"text-editor.default\">\n\t\t\t\t\t\t\t\t\t<p>Opportunit\u00e9 Passionnante pour les Enthousiastes du Marketing et du Marketing Digital, avec une Passion pour les Sports !<\/p>\n<p>Vous \u00eates passionn\u00e9(e) par le monde du sport et vous souhaitez d\u00e9marrer votre carri\u00e8re dans le domaine du marketing et du marketing digital ?<\/p>\n<p>Ne cherchez plus !<br \/>Nous avons une opportunit\u00e9 passionnante pour vous.<br \/>Nous sommes actuellement \u00e0 la recherche d&#8217;une personne enthousiaste pour rejoindre notre \u00e9quipe Marketing et Marketing Digital.<\/p>\n<p>Dans ce r\u00f4le, vous aurez l&#8217;occasion d&#8217;explorer \u00e0 la fois les strat\u00e9gies de marketing traditionnelles et le monde dynamique du marketing digital.<br \/>Vous serez charg\u00e9(e) de cr\u00e9er du contenu engageant, de d\u00e9velopper des campagnes marketing et d&#8217;utiliser diff\u00e9rentes plateformes digitales pour promouvoir notre marque et nos produits.<br \/>De plus, vous aurez la possibilit\u00e9 d&#8217;explorer le domaine cr\u00e9atif du graphisme.<br \/>Vos comp\u00e9tences en design graphique seront mises \u00e0 contribution pour cr\u00e9er des supports visuels attrayants afin de soutenir nos efforts marketing.<br \/>Mais ce n&#8217;est pas tout &#8211; ce r\u00f4le implique \u00e9galement de piloter les campagnes publicitaires sur Google Ads et les plateformes Meta.<br \/>Vous aurez l&#8217;occasion de diriger nos campagnes publicitaires sur ces plateformes leaders, en maximisant notre port\u00e9e et notre engagement aupr\u00e8s de notre public cible.<\/p>\n<p>Exigences :<br \/>&#8211; Ma\u00eetrise du fran\u00e7ais et de l&#8217;anglais.<br \/>&#8211; Passionn\u00e9(e) par le sport et d\u00e9sireux(se) de contribuer \u00e0 l&#8217;industrie.<br \/>&#8211; Fort int\u00e9r\u00eat pour le marketing et le marketing digital.<br \/>&#8211; Comp\u00e9tences en design graphique.<br \/>&#8211; La connaissance des plateformes Google Ads et Meta est un plus.<\/p>\n<p>Si vous \u00eates pr\u00eat(e) \u00e0 allier votre amour pour le sport \u00e0 vos comp\u00e9tences en marketing, alors nous voulons vous entendre !<\/p>\n<p>Rejoignez-nous pour faire avancer notre marque et faire une diff\u00e9rence dans le monde du sport.<\/p>\n<p>Postulez d\u00e8s maintenant et participez \u00e0 un voyage passionnant !<\/p>\n\t\t\t\t\t\t\t\t<\/div>\n\t\t\t\t<\/div>\n\t\t<div id=\"e-n-tab-content-1957702892\" role=\"tabpanel\" aria-labelledby=\"e-n-tab-title-1957702892\" data-tab-index=\"2\" style=\"--n-tabs-title-order: 2;\" class=\" elementor-element elementor-element-10f877b e-con-full e-flex e-con e-child\" data-id=\"10f877b\" data-element_type=\"container\">\n\t\t\t\t<div class=\"elementor-element elementor-element-077fde6 elementor-widget elementor-widget-heading\" data-id=\"077fde6\" data-element_type=\"widget\" data-widget_type=\"heading.default\">\n\t\t\t\t\t<h2 class=\"elementor-heading-title elementor-size-default\">Charg\u00e9(e) de d\u00e9veloppement commercial \u2013 Division Sports et Mobilit\u00e9s Urbaines.<\/h2>\t\t\t\t<\/div>\n\t\t\t\t<div class=\"elementor-element elementor-element-9f8c60f elementor-widget elementor-widget-text-editor\" data-id=\"9f8c60f\" data-element_type=\"widget\" data-widget_type=\"text-editor.default\">\n\t\t\t\t\t\t\t\t\t<p>RXR Protect recherche son ou sa Charg\u00e9(e) de d\u00e9veloppement commercial \u2013 Division Sports et Mobilit\u00e9s Urbaines<\/p>\n<p>Nous recrutons un(e) passionn\u00e9(e) du challenge commercial, \u00e9voluant dans un environnement \u00e0 la fois digital et terrain, et poss\u00e9dant une connaissance approfondie de l&#8217;univers des sports.<\/p>\n<p>En tant que membre de notre \u00e9quipe, tu seras responsable de :<\/p>\n<p>P<strong>rospezione attiva:<\/strong> sarai responsabile di aprire nuove porte, conquistare i tuoi contatti tecnici e proporre, negoziare e concludere con successo le vendite. Sviluppo diretto delle vendite EXPORT (nuovi clienti).<\/p>\n<p><strong>Excellent relationnel :<\/strong> Tu devras \u00eatre ouvert(e) d&#8217;esprit, dot\u00e9(e) d&#8217;un excellent relationnel, ainsi qu&#8217;organis\u00e9(e) et m\u00e9thodique pour travailler de mani\u00e8re ind\u00e9pendante.<\/p>\n<p><strong>Disponibilit\u00e9 pour voyager :<\/strong> Tu seras pr\u00eat(e) \u00e0 voyager en France et \u00e0 l&#8217;\u00e9tranger pour tes missions, ainsi qu&#8217;\u00e0 participer \u00e0 des salons et des \u00e9v\u00e8nements autour du monde du sport, avec une ma\u00eetrise parfaite de l&#8217;anglais.<\/p>\n<p><strong>Expertise en marketing digital :<\/strong> Tu auras un fort int\u00e9r\u00eat pour le marketing digital tout en \u00e9tant pr\u00e9sent sur le terrain au plus proche de tes prospects\/clients.<\/p>\n<p><strong>Co-branding :<\/strong> tu seras impliqu\u00e9(e) dans la mise en place du co-branding sur notre gamme de produits.<\/p>\n<p>Tes points incontournables :<br \/>&#8211; Comp\u00e9tence en marketing digital.<br \/>&#8211; App\u00e9tence pour l&#8217;environnement du sport et de la mobilit\u00e9 urbaine.<br \/>&#8211; Fluent in English.<\/p>\n<p>Si tu es passionn\u00e9(e) par le monde des sports, que tu poss\u00e8des un esprit entrepreneurial et que tu recherches un d\u00e9fi excitant dans un environnement dynamique et stimulant, alors cette opportunit\u00e9 est faite pour toi !<\/p>\n<p>Postule d\u00e8s maintenant et rejoins notre \u00e9quipe pour contribuer \u00e0 notre succ\u00e8s dans le monde du sport et de la mobilit\u00e9 urbaine.<\/p>\n\t\t\t\t\t\t\t\t<\/div>\n\t\t\t\t<div class=\"elementor-element elementor-element-6f65439 elementor-widget-divider--view-line elementor-widget elementor-widget-divider\" data-id=\"6f65439\" data-element_type=\"widget\" data-widget_type=\"divider.default\">\n\t\t\t\t\t\t\t<div class=\"elementor-divider\">\n\t\t\t<span class=\"elementor-divider-separator\">\n\t\t\t\t\t\t<\/span>\n\t\t<\/div>\n\t\t\t\t\t\t<\/div>\n\t\t\t\t<div class=\"elementor-element elementor-element-c074b0c elementor-widget elementor-widget-heading\" data-id=\"c074b0c\" data-element_type=\"widget\" data-widget_type=\"heading.default\">\n\t\t\t\t\t<h2 class=\"elementor-heading-title elementor-size-default\">Marketing Marketing Digital.<\/h2>\t\t\t\t<\/div>\n\t\t\t\t<div class=\"elementor-element elementor-element-79ebe58 elementor-widget elementor-widget-text-editor\" data-id=\"79ebe58\" data-element_type=\"widget\" data-widget_type=\"text-editor.default\">\n\t\t\t\t\t\t\t\t\t<p>Opportunit\u00e9 Passionnante pour les Enthousiastes du Marketing et du Marketing Digital, avec une Passion pour les Sports !<\/p>\n<p>Vous \u00eates passionn\u00e9(e) par le monde du sport et vous souhaitez d\u00e9marrer votre carri\u00e8re dans le domaine du marketing et du marketing digital ?<\/p>\n<p>Ne cherchez plus !<br \/>Nous avons une opportunit\u00e9 passionnante pour vous.<br \/>Nous sommes actuellement \u00e0 la recherche d&#8217;une personne enthousiaste pour rejoindre notre \u00e9quipe Marketing et Marketing Digital.<\/p>\n<p>Dans ce r\u00f4le, vous aurez l&#8217;occasion d&#8217;explorer \u00e0 la fois les strat\u00e9gies de marketing traditionnelles et le monde dynamique du marketing digital.<br \/>Vous serez charg\u00e9(e) de cr\u00e9er du contenu engageant, de d\u00e9velopper des campagnes marketing et d&#8217;utiliser diff\u00e9rentes plateformes digitales pour promouvoir notre marque et nos produits.<br \/>De plus, vous aurez la possibilit\u00e9 d&#8217;explorer le domaine cr\u00e9atif du graphisme.<br \/>Vos comp\u00e9tences en design graphique seront mises \u00e0 contribution pour cr\u00e9er des supports visuels attrayants afin de soutenir nos efforts marketing.<br \/>Mais ce n&#8217;est pas tout &#8211; ce r\u00f4le implique \u00e9galement de piloter les campagnes publicitaires sur Google Ads et les plateformes Meta.<br \/>Vous aurez l&#8217;occasion de diriger nos campagnes publicitaires sur ces plateformes leaders, en maximisant notre port\u00e9e et notre engagement aupr\u00e8s de notre public cible.<\/p>\n<p>Exigences :<br \/>&#8211; Ma\u00eetrise du fran\u00e7ais et de l&#8217;anglais.<br \/>&#8211; Passionn\u00e9(e) par le sport et d\u00e9sireux(se) de contribuer \u00e0 l&#8217;industrie.<br \/>&#8211; Fort int\u00e9r\u00eat pour le marketing et le marketing digital.<br \/>&#8211; Comp\u00e9tences en design graphique.<br \/>&#8211; La connaissance des plateformes Google Ads et Meta est un plus.<\/p>\n<p>Si vous \u00eates pr\u00eat(e) \u00e0 allier votre amour pour le sport \u00e0 vos comp\u00e9tences en marketing, alors nous voulons vous entendre !<\/p>\n<p>Rejoignez-nous pour faire avancer notre marque et faire une diff\u00e9rence dans le monde du sport.<\/p>\n<p>Postulez d\u00e8s maintenant et participez \u00e0 un voyage passionnant !<\/p>\n\t\t\t\t\t\t\t\t<\/div>\n\t\t\t\t<\/div>\n\t\t\t\t\t<\/div>\n\t\t<\/div>\n\t\t\t\t\t\t<\/div>\n\t\t\t\t\t<\/div>\n\t\t\t\t<\/div>\n\t\t\t\t<\/div>\n\t\t","protected":false},"excerpt":{"rendered":"<p>Si vous \u00eates int\u00e9ress\u00e9 par une des offres ci dessous, vous pouvez envoyer un mail \u00e0 l&#8217;adresse suivante : david@rxrprotect.com CDI Alternance Charg\u00e9(e) de d\u00e9veloppement commercial \u2013 Division Sports et Mobilit\u00e9s Urbaines. RXR Protect recherche son ou sa Charg\u00e9(e) de d\u00e9veloppement commercial \u2013 Division Sports et Mobilit\u00e9s Urbaines Nous recrutons un(e) passionn\u00e9(e) du challenge commercial, [&hellip;]<\/p>\n","protected":false},"author":1,"featured_media":0,"parent":19631,"menu_order":0,"comment_status":"closed","ping_status":"closed","template":"","meta":{"_acf_changed":false,"footnotes":""},"class_list":["post-19653","page","type-page","status-publish","hentry"],"acf":[],"yoast_head":"<!-- This site is optimized with the Yoast SEO Premium plugin v25.1 (Yoast SEO v26.7) - https:\/\/yoast.com\/wordpress\/plugins\/seo\/ -->\n<title>Reclutamento - RXR Protect<\/title>\n<meta name=\"robots\" content=\"index, follow, max-snippet:-1, max-image-preview:large, max-video-preview:-1\" \/>\n<link rel=\"canonical\" href=\"https:\/\/rxr.clereb-siteclient.fr\/it\/centro-assistenza\/reclutamento\/\" \/>\n<meta property=\"og:locale\" content=\"it_IT\" \/>\n<meta property=\"og:type\" content=\"article\" \/>\n<meta property=\"og:title\" content=\"Reclutamento\" \/>\n<meta property=\"og:description\" content=\"Si vous \u00eates int\u00e9ress\u00e9 par une des offres ci dessous, vous pouvez envoyer un mail \u00e0 l&#8217;adresse suivante : david@rxrprotect.com CDI Alternance Charg\u00e9(e) de d\u00e9veloppement commercial \u2013 Division Sports et Mobilit\u00e9s Urbaines. RXR Protect recherche son ou sa Charg\u00e9(e) de d\u00e9veloppement commercial \u2013 Division Sports et Mobilit\u00e9s Urbaines Nous recrutons un(e) passionn\u00e9(e) du challenge commercial, [&hellip;]\" \/>\n<meta property=\"og:url\" content=\"https:\/\/rxr.clereb-siteclient.fr\/it\/centro-assistenza\/reclutamento\/\" \/>\n<meta property=\"og:site_name\" content=\"RXR Protect\" \/>\n<meta property=\"article:publisher\" content=\"https:\/\/www.facebook.com\/rxrprotectcom\" \/>\n<meta property=\"article:modified_time\" content=\"2025-01-09T09:51:43+00:00\" \/>\n<meta property=\"og:image\" content=\"https:\/\/rxr.clereb-siteclient.fr\/wp-content\/uploads\/2023\/10\/RXR-Logo-Noir.png\" \/>\n\t<meta property=\"og:image:width\" content=\"500\" \/>\n\t<meta property=\"og:image:height\" content=\"104\" \/>\n\t<meta property=\"og:image:type\" content=\"image\/png\" \/>\n<meta name=\"twitter:card\" content=\"summary_large_image\" \/>\n<script type=\"application\/ld+json\" class=\"yoast-schema-graph\">{\"@context\":\"https:\/\/schema.org\",\"@graph\":[{\"@type\":\"WebPage\",\"@id\":\"https:\/\/rxr.clereb-siteclient.fr\/it\/centro-assistenza\/reclutamento\/\",\"url\":\"https:\/\/rxr.clereb-siteclient.fr\/it\/centro-assistenza\/reclutamento\/\",\"name\":\"Reclutamento - RXR Protect\",\"isPartOf\":{\"@id\":\"https:\/\/rxr.clereb-siteclient.fr\/it\/#website\"},\"datePublished\":\"2023-12-11T11:43:58+00:00\",\"dateModified\":\"2025-01-09T09:51:43+00:00\",\"breadcrumb\":{\"@id\":\"https:\/\/rxr.clereb-siteclient.fr\/it\/centro-assistenza\/reclutamento\/#breadcrumb\"},\"inLanguage\":\"it-IT\",\"potentialAction\":[{\"@type\":\"ReadAction\",\"target\":[\"https:\/\/rxr.clereb-siteclient.fr\/it\/centro-assistenza\/reclutamento\/\"]}]},{\"@type\":\"BreadcrumbList\",\"@id\":\"https:\/\/rxr.clereb-siteclient.fr\/it\/centro-assistenza\/reclutamento\/#breadcrumb\",\"itemListElement\":[{\"@type\":\"ListItem\",\"position\":1,\"name\":\"Accueil\",\"item\":\"https:\/\/rxr.clereb-siteclient.fr\/it\/home\/\"},{\"@type\":\"ListItem\",\"position\":2,\"name\":\"Centro assistenza\",\"item\":\"https:\/\/rxr.clereb-siteclient.fr\/it\/centro-assistenza\/\"},{\"@type\":\"ListItem\",\"position\":3,\"name\":\"Reclutamento\"}]},{\"@type\":\"WebSite\",\"@id\":\"https:\/\/rxr.clereb-siteclient.fr\/it\/#website\",\"url\":\"https:\/\/rxr.clereb-siteclient.fr\/it\/\",\"name\":\"RXR Protect\",\"description\":\"Pare pierre et protection gonflable pour le motocross, le VTT et tous les sports extr\u00eames.\",\"publisher\":{\"@id\":\"https:\/\/rxr.clereb-siteclient.fr\/it\/#organization\"},\"alternateName\":\"RXR\",\"potentialAction\":[{\"@type\":\"SearchAction\",\"target\":{\"@type\":\"EntryPoint\",\"urlTemplate\":\"https:\/\/rxr.clereb-siteclient.fr\/it\/?s={search_term_string}\"},\"query-input\":{\"@type\":\"PropertyValueSpecification\",\"valueRequired\":true,\"valueName\":\"search_term_string\"}}],\"inLanguage\":\"it-IT\"},{\"@type\":\"Organization\",\"@id\":\"https:\/\/rxr.clereb-siteclient.fr\/it\/#organization\",\"name\":\"RXR Protect\",\"alternateName\":\"RXR\",\"url\":\"https:\/\/rxr.clereb-siteclient.fr\/it\/\",\"logo\":{\"@type\":\"ImageObject\",\"inLanguage\":\"it-IT\",\"@id\":\"https:\/\/rxr.clereb-siteclient.fr\/it\/#\/schema\/logo\/image\/\",\"url\":\"https:\/\/rxr.clereb-siteclient.fr\/wp-content\/uploads\/2023\/10\/RXR-Logo-Noir.png\",\"contentUrl\":\"https:\/\/rxr.clereb-siteclient.fr\/wp-content\/uploads\/2023\/10\/RXR-Logo-Noir.png\",\"width\":500,\"height\":104,\"caption\":\"RXR Protect\"},\"image\":{\"@id\":\"https:\/\/rxr.clereb-siteclient.fr\/it\/#\/schema\/logo\/image\/\"},\"sameAs\":[\"https:\/\/www.facebook.com\/rxrprotectcom\",\"https:\/\/www.instagram.com\/rxrprotect\/\",\"https:\/\/www.tiktok.com\/@rxrprotect.com\"],\"email\":\"info@rxrprotect.com\",\"telephone\":\"09 70 24 01 01\",\"legalName\":\"PRO SHOP RXR\",\"vatID\":\"FR05511897548\",\"taxID\":\"51189754800034\",\"numberOfEmployees\":{\"@type\":\"QuantitativeValue\",\"minValue\":\"1\",\"maxValue\":\"10\"},\"hasMerchantReturnPolicy\":{\"@type\":\"MerchantReturnPolicy\",\"merchantReturnLink\":\"https:\/\/rxr.clereb-siteclient.fr\/conditions-generales-de-vente\/\"}}]}<\/script>\n<!-- \/ Yoast SEO Premium plugin. -->","yoast_head_json":{"title":"Reclutamento - RXR Protect","robots":{"index":"index","follow":"follow","max-snippet":"max-snippet:-1","max-image-preview":"max-image-preview:large","max-video-preview":"max-video-preview:-1"},"canonical":"https:\/\/rxr.clereb-siteclient.fr\/it\/centro-assistenza\/reclutamento\/","og_locale":"it_IT","og_type":"article","og_title":"Reclutamento","og_description":"Si vous \u00eates int\u00e9ress\u00e9 par une des offres ci dessous, vous pouvez envoyer un mail \u00e0 l&#8217;adresse suivante : david@rxrprotect.com CDI Alternance Charg\u00e9(e) de d\u00e9veloppement commercial \u2013 Division Sports et Mobilit\u00e9s Urbaines. RXR Protect recherche son ou sa Charg\u00e9(e) de d\u00e9veloppement commercial \u2013 Division Sports et Mobilit\u00e9s Urbaines Nous recrutons un(e) passionn\u00e9(e) du challenge commercial, [&hellip;]","og_url":"https:\/\/rxr.clereb-siteclient.fr\/it\/centro-assistenza\/reclutamento\/","og_site_name":"RXR Protect","article_publisher":"https:\/\/www.facebook.com\/rxrprotectcom","article_modified_time":"2025-01-09T09:51:43+00:00","og_image":[{"width":500,"height":104,"url":"https:\/\/rxr.clereb-siteclient.fr\/wp-content\/uploads\/2023\/10\/RXR-Logo-Noir.png","type":"image\/png"}],"twitter_card":"summary_large_image","schema":{"@context":"https:\/\/schema.org","@graph":[{"@type":"WebPage","@id":"https:\/\/rxr.clereb-siteclient.fr\/it\/centro-assistenza\/reclutamento\/","url":"https:\/\/rxr.clereb-siteclient.fr\/it\/centro-assistenza\/reclutamento\/","name":"Reclutamento - RXR Protect","isPartOf":{"@id":"https:\/\/rxr.clereb-siteclient.fr\/it\/#website"},"datePublished":"2023-12-11T11:43:58+00:00","dateModified":"2025-01-09T09:51:43+00:00","breadcrumb":{"@id":"https:\/\/rxr.clereb-siteclient.fr\/it\/centro-assistenza\/reclutamento\/#breadcrumb"},"inLanguage":"it-IT","potentialAction":[{"@type":"ReadAction","target":["https:\/\/rxr.clereb-siteclient.fr\/it\/centro-assistenza\/reclutamento\/"]}]},{"@type":"BreadcrumbList","@id":"https:\/\/rxr.clereb-siteclient.fr\/it\/centro-assistenza\/reclutamento\/#breadcrumb","itemListElement":[{"@type":"ListItem","position":1,"name":"Accueil","item":"https:\/\/rxr.clereb-siteclient.fr\/it\/home\/"},{"@type":"ListItem","position":2,"name":"Centro assistenza","item":"https:\/\/rxr.clereb-siteclient.fr\/it\/centro-assistenza\/"},{"@type":"ListItem","position":3,"name":"Reclutamento"}]},{"@type":"WebSite","@id":"https:\/\/rxr.clereb-siteclient.fr\/it\/#website","url":"https:\/\/rxr.clereb-siteclient.fr\/it\/","name":"RXR Protect","description":"Pare pierre et protection gonflable pour le motocross, le VTT et tous les sports extr\u00eames.","publisher":{"@id":"https:\/\/rxr.clereb-siteclient.fr\/it\/#organization"},"alternateName":"RXR","potentialAction":[{"@type":"SearchAction","target":{"@type":"EntryPoint","urlTemplate":"https:\/\/rxr.clereb-siteclient.fr\/it\/?s={search_term_string}"},"query-input":{"@type":"PropertyValueSpecification","valueRequired":true,"valueName":"search_term_string"}}],"inLanguage":"it-IT"},{"@type":"Organization","@id":"https:\/\/rxr.clereb-siteclient.fr\/it\/#organization","name":"RXR Protect","alternateName":"RXR","url":"https:\/\/rxr.clereb-siteclient.fr\/it\/","logo":{"@type":"ImageObject","inLanguage":"it-IT","@id":"https:\/\/rxr.clereb-siteclient.fr\/it\/#\/schema\/logo\/image\/","url":"https:\/\/rxr.clereb-siteclient.fr\/wp-content\/uploads\/2023\/10\/RXR-Logo-Noir.png","contentUrl":"https:\/\/rxr.clereb-siteclient.fr\/wp-content\/uploads\/2023\/10\/RXR-Logo-Noir.png","width":500,"height":104,"caption":"RXR Protect"},"image":{"@id":"https:\/\/rxr.clereb-siteclient.fr\/it\/#\/schema\/logo\/image\/"},"sameAs":["https:\/\/www.facebook.com\/rxrprotectcom","https:\/\/www.instagram.com\/rxrprotect\/","https:\/\/www.tiktok.com\/@rxrprotect.com"],"email":"info@rxrprotect.com","telephone":"09 70 24 01 01","legalName":"PRO SHOP RXR","vatID":"FR05511897548","taxID":"51189754800034","numberOfEmployees":{"@type":"QuantitativeValue","minValue":"1","maxValue":"10"},"hasMerchantReturnPolicy":{"@type":"MerchantReturnPolicy","merchantReturnLink":"https:\/\/rxr.clereb-siteclient.fr\/conditions-generales-de-vente\/"}}]}},"_links":{"self":[{"href":"https:\/\/rxr.clereb-siteclient.fr\/it\/wp-json\/wp\/v2\/pages\/19653","targetHints":{"allow":["GET"]}}],"collection":[{"href":"https:\/\/rxr.clereb-siteclient.fr\/it\/wp-json\/wp\/v2\/pages"}],"about":[{"href":"https:\/\/rxr.clereb-siteclient.fr\/it\/wp-json\/wp\/v2\/types\/page"}],"author":[{"embeddable":true,"href":"https:\/\/rxr.clereb-siteclient.fr\/it\/wp-json\/wp\/v2\/users\/1"}],"replies":[{"embeddable":true,"href":"https:\/\/rxr.clereb-siteclient.fr\/it\/wp-json\/wp\/v2\/comments?post=19653"}],"version-history":[{"count":0,"href":"https:\/\/rxr.clereb-siteclient.fr\/it\/wp-json\/wp\/v2\/pages\/19653\/revisions"}],"up":[{"embeddable":true,"href":"https:\/\/rxr.clereb-siteclient.fr\/it\/wp-json\/wp\/v2\/pages\/19631"}],"wp:attachment":[{"href":"https:\/\/rxr.clereb-siteclient.fr\/it\/wp-json\/wp\/v2\/media?parent=19653"}],"curies":[{"name":"wp","href":"https:\/\/api.w.org\/{rel}","templated":true}]}}