{"id":55977,"date":"2025-01-11T11:44:06","date_gmt":"2025-01-11T10:44:06","guid":{"rendered":"https:\/\/rxrprotect.com\/boutique\/sin categor\u00eda\/paquete-de-alquiler-bullet-custom-hombros\/"},"modified":"2025-01-11T11:44:06","modified_gmt":"2025-01-11T10:44:06","slug":"paquete-de-alquiler-bullet-custom-hombros","status":"publish","type":"product","link":"https:\/\/rxr.clereb-siteclient.fr\/es\/official-store-es\/chaleco-de-proteccion\/paquete-de-alquiler-bullet-custom-hombros\/","title":{"rendered":"Paquete de alquiler Bullet + Custom + Hombros"},"content":{"rendered":"<p>Descubra el pack de alquiler Bullet, la herramienta ideal para los profesionales del alquiler. Este kit incluye equipos de protecci\u00f3n inflables de \u00faltima generaci\u00f3n con tecnolog\u00eda Air Shock Absorber, que garantizan seguridad y comodidad. Dise\u00f1ado para resistir un uso repetido, ofrece una seguridad \u00f3ptima y reduce el riesgo de lesiones corporales. Ergonom\u00eda estudiada, materiales duraderos: sus clientes se beneficiar\u00e1n de un producto fiable. Perfecto para los arrendadores exigentes que desean ofrecer un servicio premium y tranquilidad. Con RXR Protect, no solo ofrece un producto, sino una garant\u00eda de protecci\u00f3n francesa de alto nivel.     <\/p>\n","protected":false},"excerpt":{"rendered":"<p>\u00a1Pack de productos Bullet, perfecto para ofrecer alquiler a tus clientes!<\/p>\n","protected":false},"featured_media":54973,"template":"","meta":{"_acf_changed":false},"product_brand":[],"product_cat":[590,592],"product_tag":[948],"class_list":{"0":"post-55977","1":"product","2":"type-product","3":"status-publish","4":"has-post-thumbnail","6":"product_cat-chaleco-de-proteccion","7":"product_cat-cyb-r-bullet-es","8":"product_tag-alquiler","10":"first","11":"instock","12":"taxable","13":"shipping-taxable","14":"purchasable","15":"product-type-variable","16":"has-default-attributes"},"acf":[],"yoast_head":"<!-- This site is optimized with the Yoast SEO Premium plugin v25.1 (Yoast SEO v26.7) - https:\/\/yoast.com\/wordpress\/plugins\/seo\/ -->\n<title>Paquete de alquiler Bullet + Custom + Hombros | RXR Protect<\/title>\n<meta name=\"robots\" content=\"index, follow, max-snippet:-1, max-image-preview:large, max-video-preview:-1\" \/>\n<link rel=\"canonical\" href=\"https:\/\/rxr.clereb-siteclient.fr\/es\/official-store-es\/chaleco-de-proteccion\/paquete-de-alquiler-bullet-custom-hombros\/\" \/>\n<meta property=\"og:locale\" content=\"es_ES\" \/>\n<meta property=\"og:type\" content=\"article\" \/>\n<meta property=\"og:title\" content=\"Paquete de alquiler Bullet + Custom + Hombros\" \/>\n<meta property=\"og:description\" content=\"\u00a1Pack de productos Bullet, perfecto para ofrecer alquiler a tus clientes!\" \/>\n<meta property=\"og:url\" content=\"https:\/\/rxr.clereb-siteclient.fr\/es\/official-store-es\/chaleco-de-proteccion\/paquete-de-alquiler-bullet-custom-hombros\/\" \/>\n<meta property=\"og:site_name\" content=\"RXR Protect\" \/>\n<meta property=\"article:publisher\" content=\"https:\/\/www.facebook.com\/rxrprotectcom\" \/>\n<meta property=\"og:image\" content=\"https:\/\/rxr.clereb-siteclient.fr\/wp-content\/uploads\/2025\/09\/PackLocation-BulletFace.webp\" \/>\n\t<meta property=\"og:image:width\" content=\"1500\" \/>\n\t<meta property=\"og:image:height\" content=\"1500\" \/>\n\t<meta property=\"og:image:type\" content=\"image\/webp\" \/>\n<meta name=\"twitter:card\" content=\"summary_large_image\" \/>\n<script type=\"application\/ld+json\" class=\"yoast-schema-graph\">{\"@context\":\"https:\/\/schema.org\",\"@graph\":[{\"@type\":\"WebPage\",\"@id\":\"https:\/\/rxr.clereb-siteclient.fr\/es\/official-store-es\/chaleco-de-proteccion\/paquete-de-alquiler-bullet-custom-hombros\/\",\"url\":\"https:\/\/rxr.clereb-siteclient.fr\/es\/official-store-es\/chaleco-de-proteccion\/paquete-de-alquiler-bullet-custom-hombros\/\",\"name\":\"Paquete de alquiler Bullet + Custom + Hombros | RXR Protect\",\"isPartOf\":{\"@id\":\"https:\/\/rxr.clereb-siteclient.fr\/es\/#website\"},\"primaryImageOfPage\":{\"@id\":\"https:\/\/rxr.clereb-siteclient.fr\/es\/official-store-es\/chaleco-de-proteccion\/paquete-de-alquiler-bullet-custom-hombros\/#primaryimage\"},\"image\":{\"@id\":\"https:\/\/rxr.clereb-siteclient.fr\/es\/official-store-es\/chaleco-de-proteccion\/paquete-de-alquiler-bullet-custom-hombros\/#primaryimage\"},\"thumbnailUrl\":\"https:\/\/rxr.clereb-siteclient.fr\/wp-content\/uploads\/2025\/09\/PackLocation-BulletFace.webp\",\"datePublished\":\"2025-01-11T10:44:06+00:00\",\"breadcrumb\":{\"@id\":\"https:\/\/rxr.clereb-siteclient.fr\/es\/official-store-es\/chaleco-de-proteccion\/paquete-de-alquiler-bullet-custom-hombros\/#breadcrumb\"},\"inLanguage\":\"es\",\"potentialAction\":[{\"@type\":\"ReadAction\",\"target\":[\"https:\/\/rxr.clereb-siteclient.fr\/es\/official-store-es\/chaleco-de-proteccion\/paquete-de-alquiler-bullet-custom-hombros\/\"]}]},{\"@type\":\"ImageObject\",\"inLanguage\":\"es\",\"@id\":\"https:\/\/rxr.clereb-siteclient.fr\/es\/official-store-es\/chaleco-de-proteccion\/paquete-de-alquiler-bullet-custom-hombros\/#primaryimage\",\"url\":\"https:\/\/rxr.clereb-siteclient.fr\/wp-content\/uploads\/2025\/09\/PackLocation-BulletFace.webp\",\"contentUrl\":\"https:\/\/rxr.clereb-siteclient.fr\/wp-content\/uploads\/2025\/09\/PackLocation-BulletFace.webp\",\"width\":1500,\"height\":1500},{\"@type\":\"BreadcrumbList\",\"@id\":\"https:\/\/rxr.clereb-siteclient.fr\/es\/official-store-es\/chaleco-de-proteccion\/paquete-de-alquiler-bullet-custom-hombros\/#breadcrumb\",\"itemListElement\":[{\"@type\":\"ListItem\",\"position\":1,\"name\":\"Accueil\",\"item\":\"https:\/\/rxr.clereb-siteclient.fr\/es\/inicio\/\"},{\"@type\":\"ListItem\",\"position\":2,\"name\":\"Official store\",\"item\":\"https:\/\/rxr.clereb-siteclient.fr\/boutique-officielle\/\"},{\"@type\":\"ListItem\",\"position\":3,\"name\":\"Paquete de alquiler Bullet + Custom + Hombros\"}]},{\"@type\":\"WebSite\",\"@id\":\"https:\/\/rxr.clereb-siteclient.fr\/es\/#website\",\"url\":\"https:\/\/rxr.clereb-siteclient.fr\/es\/\",\"name\":\"RXR Protect\",\"description\":\"Pare pierre et protection gonflable pour le motocross, le VTT et tous les sports extr\u00eames.\",\"publisher\":{\"@id\":\"https:\/\/rxr.clereb-siteclient.fr\/es\/#organization\"},\"alternateName\":\"RXR\",\"potentialAction\":[{\"@type\":\"SearchAction\",\"target\":{\"@type\":\"EntryPoint\",\"urlTemplate\":\"https:\/\/rxr.clereb-siteclient.fr\/es\/?s={search_term_string}\"},\"query-input\":{\"@type\":\"PropertyValueSpecification\",\"valueRequired\":true,\"valueName\":\"search_term_string\"}}],\"inLanguage\":\"es\"},{\"@type\":\"Organization\",\"@id\":\"https:\/\/rxr.clereb-siteclient.fr\/es\/#organization\",\"name\":\"RXR Protect\",\"alternateName\":\"RXR\",\"url\":\"https:\/\/rxr.clereb-siteclient.fr\/es\/\",\"logo\":{\"@type\":\"ImageObject\",\"inLanguage\":\"es\",\"@id\":\"https:\/\/rxr.clereb-siteclient.fr\/es\/#\/schema\/logo\/image\/\",\"url\":\"https:\/\/rxr.clereb-siteclient.fr\/wp-content\/uploads\/2023\/10\/RXR-Logo-Noir.png\",\"contentUrl\":\"https:\/\/rxr.clereb-siteclient.fr\/wp-content\/uploads\/2023\/10\/RXR-Logo-Noir.png\",\"width\":500,\"height\":104,\"caption\":\"RXR Protect\"},\"image\":{\"@id\":\"https:\/\/rxr.clereb-siteclient.fr\/es\/#\/schema\/logo\/image\/\"},\"sameAs\":[\"https:\/\/www.facebook.com\/rxrprotectcom\",\"https:\/\/www.instagram.com\/rxrprotect\/\",\"https:\/\/www.tiktok.com\/@rxrprotect.com\"],\"email\":\"info@rxrprotect.com\",\"telephone\":\"09 70 24 01 01\",\"legalName\":\"PRO SHOP RXR\",\"vatID\":\"FR05511897548\",\"taxID\":\"51189754800034\",\"numberOfEmployees\":{\"@type\":\"QuantitativeValue\",\"minValue\":\"1\",\"maxValue\":\"10\"},\"hasMerchantReturnPolicy\":{\"@type\":\"MerchantReturnPolicy\",\"merchantReturnLink\":\"https:\/\/rxr.clereb-siteclient.fr\/conditions-generales-de-vente\/\"}}]}<\/script>\n<meta property=\"og:availability\" content=\"instock\" \/>\n<meta property=\"product:availability\" content=\"instock\" \/>\n<meta property=\"product:condition\" content=\"new\" \/>\n<!-- \/ Yoast SEO Premium plugin. -->","yoast_head_json":{"title":"Paquete de alquiler Bullet + Custom + Hombros | RXR Protect","robots":{"index":"index","follow":"follow","max-snippet":"max-snippet:-1","max-image-preview":"max-image-preview:large","max-video-preview":"max-video-preview:-1"},"canonical":"https:\/\/rxr.clereb-siteclient.fr\/es\/official-store-es\/chaleco-de-proteccion\/paquete-de-alquiler-bullet-custom-hombros\/","og_locale":"es_ES","og_type":"article","og_title":"Paquete de alquiler Bullet + Custom + Hombros","og_description":"\u00a1Pack de productos Bullet, perfecto para ofrecer alquiler a tus clientes!","og_url":"https:\/\/rxr.clereb-siteclient.fr\/es\/official-store-es\/chaleco-de-proteccion\/paquete-de-alquiler-bullet-custom-hombros\/","og_site_name":"RXR Protect","article_publisher":"https:\/\/www.facebook.com\/rxrprotectcom","og_image":[{"width":1500,"height":1500,"url":"https:\/\/rxr.clereb-siteclient.fr\/wp-content\/uploads\/2025\/09\/PackLocation-BulletFace.webp","type":"image\/webp"}],"twitter_card":"summary_large_image","schema":{"@context":"https:\/\/schema.org","@graph":[{"@type":"WebPage","@id":"https:\/\/rxr.clereb-siteclient.fr\/es\/official-store-es\/chaleco-de-proteccion\/paquete-de-alquiler-bullet-custom-hombros\/","url":"https:\/\/rxr.clereb-siteclient.fr\/es\/official-store-es\/chaleco-de-proteccion\/paquete-de-alquiler-bullet-custom-hombros\/","name":"Paquete de alquiler Bullet + Custom + Hombros | RXR Protect","isPartOf":{"@id":"https:\/\/rxr.clereb-siteclient.fr\/es\/#website"},"primaryImageOfPage":{"@id":"https:\/\/rxr.clereb-siteclient.fr\/es\/official-store-es\/chaleco-de-proteccion\/paquete-de-alquiler-bullet-custom-hombros\/#primaryimage"},"image":{"@id":"https:\/\/rxr.clereb-siteclient.fr\/es\/official-store-es\/chaleco-de-proteccion\/paquete-de-alquiler-bullet-custom-hombros\/#primaryimage"},"thumbnailUrl":"https:\/\/rxr.clereb-siteclient.fr\/wp-content\/uploads\/2025\/09\/PackLocation-BulletFace.webp","datePublished":"2025-01-11T10:44:06+00:00","breadcrumb":{"@id":"https:\/\/rxr.clereb-siteclient.fr\/es\/official-store-es\/chaleco-de-proteccion\/paquete-de-alquiler-bullet-custom-hombros\/#breadcrumb"},"inLanguage":"es","potentialAction":[{"@type":"ReadAction","target":["https:\/\/rxr.clereb-siteclient.fr\/es\/official-store-es\/chaleco-de-proteccion\/paquete-de-alquiler-bullet-custom-hombros\/"]}]},{"@type":"ImageObject","inLanguage":"es","@id":"https:\/\/rxr.clereb-siteclient.fr\/es\/official-store-es\/chaleco-de-proteccion\/paquete-de-alquiler-bullet-custom-hombros\/#primaryimage","url":"https:\/\/rxr.clereb-siteclient.fr\/wp-content\/uploads\/2025\/09\/PackLocation-BulletFace.webp","contentUrl":"https:\/\/rxr.clereb-siteclient.fr\/wp-content\/uploads\/2025\/09\/PackLocation-BulletFace.webp","width":1500,"height":1500},{"@type":"BreadcrumbList","@id":"https:\/\/rxr.clereb-siteclient.fr\/es\/official-store-es\/chaleco-de-proteccion\/paquete-de-alquiler-bullet-custom-hombros\/#breadcrumb","itemListElement":[{"@type":"ListItem","position":1,"name":"Accueil","item":"https:\/\/rxr.clereb-siteclient.fr\/es\/inicio\/"},{"@type":"ListItem","position":2,"name":"Official store","item":"https:\/\/rxr.clereb-siteclient.fr\/boutique-officielle\/"},{"@type":"ListItem","position":3,"name":"Paquete de alquiler Bullet + Custom + Hombros"}]},{"@type":"WebSite","@id":"https:\/\/rxr.clereb-siteclient.fr\/es\/#website","url":"https:\/\/rxr.clereb-siteclient.fr\/es\/","name":"RXR Protect","description":"Pare pierre et protection gonflable pour le motocross, le VTT et tous les sports extr\u00eames.","publisher":{"@id":"https:\/\/rxr.clereb-siteclient.fr\/es\/#organization"},"alternateName":"RXR","potentialAction":[{"@type":"SearchAction","target":{"@type":"EntryPoint","urlTemplate":"https:\/\/rxr.clereb-siteclient.fr\/es\/?s={search_term_string}"},"query-input":{"@type":"PropertyValueSpecification","valueRequired":true,"valueName":"search_term_string"}}],"inLanguage":"es"},{"@type":"Organization","@id":"https:\/\/rxr.clereb-siteclient.fr\/es\/#organization","name":"RXR Protect","alternateName":"RXR","url":"https:\/\/rxr.clereb-siteclient.fr\/es\/","logo":{"@type":"ImageObject","inLanguage":"es","@id":"https:\/\/rxr.clereb-siteclient.fr\/es\/#\/schema\/logo\/image\/","url":"https:\/\/rxr.clereb-siteclient.fr\/wp-content\/uploads\/2023\/10\/RXR-Logo-Noir.png","contentUrl":"https:\/\/rxr.clereb-siteclient.fr\/wp-content\/uploads\/2023\/10\/RXR-Logo-Noir.png","width":500,"height":104,"caption":"RXR Protect"},"image":{"@id":"https:\/\/rxr.clereb-siteclient.fr\/es\/#\/schema\/logo\/image\/"},"sameAs":["https:\/\/www.facebook.com\/rxrprotectcom","https:\/\/www.instagram.com\/rxrprotect\/","https:\/\/www.tiktok.com\/@rxrprotect.com"],"email":"info@rxrprotect.com","telephone":"09 70 24 01 01","legalName":"PRO SHOP RXR","vatID":"FR05511897548","taxID":"51189754800034","numberOfEmployees":{"@type":"QuantitativeValue","minValue":"1","maxValue":"10"},"hasMerchantReturnPolicy":{"@type":"MerchantReturnPolicy","merchantReturnLink":"https:\/\/rxr.clereb-siteclient.fr\/conditions-generales-de-vente\/"}}]},"og_availability":"instock","product_availability":"instock","product_condition":"new"},"_links":{"self":[{"href":"https:\/\/rxr.clereb-siteclient.fr\/es\/wp-json\/wp\/v2\/product\/55977","targetHints":{"allow":["GET"]}}],"collection":[{"href":"https:\/\/rxr.clereb-siteclient.fr\/es\/wp-json\/wp\/v2\/product"}],"about":[{"href":"https:\/\/rxr.clereb-siteclient.fr\/es\/wp-json\/wp\/v2\/types\/product"}],"version-history":[{"count":0,"href":"https:\/\/rxr.clereb-siteclient.fr\/es\/wp-json\/wp\/v2\/product\/55977\/revisions"}],"wp:featuredmedia":[{"embeddable":true,"href":"https:\/\/rxr.clereb-siteclient.fr\/es\/wp-json\/wp\/v2\/media\/54973"}],"wp:attachment":[{"href":"https:\/\/rxr.clereb-siteclient.fr\/es\/wp-json\/wp\/v2\/media?parent=55977"}],"wp:term":[{"taxonomy":"product_brand","embeddable":true,"href":"https:\/\/rxr.clereb-siteclient.fr\/es\/wp-json\/wp\/v2\/product_brand?post=55977"},{"taxonomy":"product_cat","embeddable":true,"href":"https:\/\/rxr.clereb-siteclient.fr\/es\/wp-json\/wp\/v2\/product_cat?post=55977"},{"taxonomy":"product_tag","embeddable":true,"href":"https:\/\/rxr.clereb-siteclient.fr\/es\/wp-json\/wp\/v2\/product_tag?post=55977"}],"curies":[{"name":"wp","href":"https:\/\/api.w.org\/{rel}","templated":true}]}}