{"id":54106,"date":"2025-08-14T16:29:50","date_gmt":"2025-08-14T14:29:50","guid":{"rendered":"https:\/\/rxrprotect.com\/?post_type=product&#038;p=54106"},"modified":"2026-01-07T11:36:27","modified_gmt":"2026-01-07T10:36:27","slug":"r-pro-2-pink-copie","status":"publish","type":"product","link":"https:\/\/rxr.clereb-siteclient.fr\/es\/official-store-es\/chaleco-de-proteccion\/r-pro-2-pink-copie\/","title":{"rendered":"R-Pro 2 &#8211; MTK"},"content":{"rendered":"<p data-start=\"182\" data-end=\"254\"><strong data-start=\"186\" data-end=\"254\">R-Pro 2 &#8211; La m\u00e1xima innovaci\u00f3n en protecci\u00f3n inflable<\/strong><\/p>\n<p class=\"\" data-start=\"256\" data-end=\"551\">Fruto de cinco a\u00f1os de investigaci\u00f3n y pruebas sobre el terreno, el R-Pro 2 representa lo \u00faltimo en protecci\u00f3n. Dise\u00f1ado para superar los l\u00edmites de la seguridad y ofrecer al mismo tiempo un confort excepcional, se impone como la referencia en chalecos de protecci\u00f3n de alta gama.<\/p>\n<p class=\"\" data-start=\"553\" data-end=\"964\">Gracias a la tecnolog\u00eda <strong data-start=\"576\" data-end=\"608\">ASA 3.0 (Air Shock Absorber)<\/strong>, el R-Pro 2 est\u00e1 equipado con un coj\u00edn de aire siempre inflado que act\u00faa como un aut\u00e9ntico airbag sin activaci\u00f3n. La protezione \u00e8 immediata, costante e controllata. Questo sistema autogonfiabile, riutilizzabile e senza manutenzione complessa, integra ora un chip <strong data-start=\"869\" data-end=\"876\">NFC<\/strong> che consente di <strong data-start=\"891\" data-end=\"926\">monitorare con precisione la durata dei cuscini<\/strong> tramite smartphone.<\/p>\n<p class=\"\" data-start=\"966\" data-end=\"1210\">Per quanto riguarda il comfort, il telaio \u00e8 stato completamente riprogettato con una <strong data-start=\"1026\" data-end=\"1052\">schiuma non newtoniana<\/strong> ad alte prestazioni che si adatta alla tua morfologia. Leggero, flessibile e ultraprotettivo, R-Pro 2 diventa in pochi minuti una vera e propria <strong data-start=\"1193\" data-end=\"1209\">seconda pelle.<\/strong><\/p>\n<p class=\"\" data-start=\"1212\" data-end=\"1498\">Ogni dettaglio \u00e8 stato curato con attenzione: <strong data-start=\"1254\" data-end=\"1279\">ventilazione ottimizzata,<\/strong> <strong data-start=\"1281\" data-end=\"1303\">cinghie regolabili,<\/strong> <strong data-start=\"1305\" data-end=\"1323\">design moderno<\/strong> e <strong data-start=\"1327\" data-end=\"1357\">posizionamento ergonomico.<\/strong> Per i piloti che desiderano la massima protezione, sono disponibili come optional i <strong data-start=\"1416\" data-end=\"1437\">cuscinetti laterali R2O<\/strong> per rinforzare la zona delle costole.<\/p>\n<p class=\"\" data-start=\"1500\" data-end=\"1668\">El <strong data-start=\"1503\" data-end=\"1514\">R-Pro 2<\/strong> es mucho m\u00e1s que un chaleco: es una fusi\u00f3n de tecnolog\u00eda, dise\u00f1o y rendimiento, pensada para los que quieren lo mejor.<\/p>\n","protected":false},"excerpt":{"rendered":"<p>Descubra el R-Pro 2, el \u00faltimo chaleco protector motocross de RXR Protect, dise\u00f1ado para ofrecer una seguridad y un confort inigualables.<\/p>\n","protected":false},"featured_media":54130,"template":"","meta":{"_acf_changed":false},"product_brand":[959],"product_cat":[590,593],"product_tag":[782,932],"class_list":{"0":"post-54106","1":"product","2":"type-product","3":"status-publish","4":"has-post-thumbnail","6":"product_brand-rxr-protect","7":"product_cat-chaleco-de-proteccion","8":"product_cat-r-pro-es","9":"product_tag-avec-kit-deco-es","10":"product_tag-r-pro2-es","12":"first","13":"instock","14":"taxable","15":"shipping-taxable","16":"purchasable","17":"product-type-variable"},"acf":[],"yoast_head":"<!-- This site is optimized with the Yoast SEO Premium plugin v25.1 (Yoast SEO v26.7) - https:\/\/yoast.com\/wordpress\/plugins\/seo\/ -->\n<title>Chaleco protector R-Pro 2 - KTM | Motocross MTB | RXR Protect<\/title>\n<meta name=\"description\" content=\"Descubra nuestro nuevo chaleco protector motocross R-Pro 2, \u00a1revolucionario en su campo! Un nivel de protecci\u00f3n extraordinario para todos los deportes de alto riesgo.\" \/>\n<meta name=\"robots\" content=\"index, follow, max-snippet:-1, max-image-preview:large, max-video-preview:-1\" \/>\n<link rel=\"canonical\" href=\"https:\/\/rxr.clereb-siteclient.fr\/es\/official-store-es\/chaleco-de-proteccion\/r-pro-2-pink-copie\/\" \/>\n<meta property=\"og:locale\" content=\"es_ES\" \/>\n<meta property=\"og:type\" content=\"article\" \/>\n<meta property=\"og:title\" content=\"R-Pro 2 - MTK\" \/>\n<meta property=\"og:description\" content=\"Descubra nuestro nuevo chaleco protector motocross R-Pro 2, \u00a1revolucionario en su campo! Un nivel de protecci\u00f3n extraordinario para todos los deportes de alto riesgo.\" \/>\n<meta property=\"og:url\" content=\"https:\/\/rxr.clereb-siteclient.fr\/es\/official-store-es\/chaleco-de-proteccion\/r-pro-2-pink-copie\/\" \/>\n<meta property=\"og:site_name\" content=\"RXR Protect\" \/>\n<meta property=\"article:publisher\" content=\"https:\/\/www.facebook.com\/rxrprotectcom\" \/>\n<meta property=\"article:modified_time\" content=\"2026-01-07T10:36:27+00:00\" \/>\n<meta property=\"og:image\" content=\"https:\/\/rxr.clereb-siteclient.fr\/wp-content\/uploads\/2025\/08\/RPro2-MTK-Face.webp\" \/>\n\t<meta property=\"og:image:width\" content=\"1500\" \/>\n\t<meta property=\"og:image:height\" content=\"1500\" \/>\n\t<meta property=\"og:image:type\" content=\"image\/webp\" \/>\n<meta name=\"twitter:card\" content=\"summary_large_image\" \/>\n<script type=\"application\/ld+json\" class=\"yoast-schema-graph\">{\"@context\":\"https:\/\/schema.org\",\"@graph\":[{\"@type\":\"WebPage\",\"@id\":\"https:\/\/rxr.clereb-siteclient.fr\/es\/official-store-es\/chaleco-de-proteccion\/r-pro-2-pink-copie\/\",\"url\":\"https:\/\/rxr.clereb-siteclient.fr\/es\/official-store-es\/chaleco-de-proteccion\/r-pro-2-pink-copie\/\",\"name\":\"Chaleco protector R-Pro 2 - KTM | Motocross MTB | RXR Protect\",\"isPartOf\":{\"@id\":\"https:\/\/rxr.clereb-siteclient.fr\/es\/#website\"},\"primaryImageOfPage\":{\"@id\":\"https:\/\/rxr.clereb-siteclient.fr\/es\/official-store-es\/chaleco-de-proteccion\/r-pro-2-pink-copie\/#primaryimage\"},\"image\":{\"@id\":\"https:\/\/rxr.clereb-siteclient.fr\/es\/official-store-es\/chaleco-de-proteccion\/r-pro-2-pink-copie\/#primaryimage\"},\"thumbnailUrl\":\"https:\/\/rxr.clereb-siteclient.fr\/wp-content\/uploads\/2025\/08\/RPro2-MTK-Face.webp\",\"datePublished\":\"2025-08-14T14:29:50+00:00\",\"dateModified\":\"2026-01-07T10:36:27+00:00\",\"description\":\"Descubra nuestro nuevo chaleco protector motocross R-Pro 2, \u00a1revolucionario en su campo! Un nivel de protecci\u00f3n extraordinario para todos los deportes de alto riesgo.\",\"breadcrumb\":{\"@id\":\"https:\/\/rxr.clereb-siteclient.fr\/es\/official-store-es\/chaleco-de-proteccion\/r-pro-2-pink-copie\/#breadcrumb\"},\"inLanguage\":\"es\",\"potentialAction\":[{\"@type\":\"ReadAction\",\"target\":[\"https:\/\/rxr.clereb-siteclient.fr\/es\/official-store-es\/chaleco-de-proteccion\/r-pro-2-pink-copie\/\"]}]},{\"@type\":\"ImageObject\",\"inLanguage\":\"es\",\"@id\":\"https:\/\/rxr.clereb-siteclient.fr\/es\/official-store-es\/chaleco-de-proteccion\/r-pro-2-pink-copie\/#primaryimage\",\"url\":\"https:\/\/rxr.clereb-siteclient.fr\/wp-content\/uploads\/2025\/08\/RPro2-MTK-Face.webp\",\"contentUrl\":\"https:\/\/rxr.clereb-siteclient.fr\/wp-content\/uploads\/2025\/08\/RPro2-MTK-Face.webp\",\"width\":1500,\"height\":1500},{\"@type\":\"BreadcrumbList\",\"@id\":\"https:\/\/rxr.clereb-siteclient.fr\/es\/official-store-es\/chaleco-de-proteccion\/r-pro-2-pink-copie\/#breadcrumb\",\"itemListElement\":[{\"@type\":\"ListItem\",\"position\":1,\"name\":\"Accueil\",\"item\":\"https:\/\/rxr.clereb-siteclient.fr\/es\/inicio\/\"},{\"@type\":\"ListItem\",\"position\":2,\"name\":\"Official store\",\"item\":\"https:\/\/rxr.clereb-siteclient.fr\/boutique-officielle\/\"},{\"@type\":\"ListItem\",\"position\":3,\"name\":\"R-Pro 2 &#8211; MTK\"}]},{\"@type\":\"WebSite\",\"@id\":\"https:\/\/rxr.clereb-siteclient.fr\/es\/#website\",\"url\":\"https:\/\/rxr.clereb-siteclient.fr\/es\/\",\"name\":\"RXR Protect\",\"description\":\"Pare pierre et protection gonflable pour le motocross, le VTT et tous les sports extr\u00eames.\",\"publisher\":{\"@id\":\"https:\/\/rxr.clereb-siteclient.fr\/es\/#organization\"},\"alternateName\":\"RXR\",\"potentialAction\":[{\"@type\":\"SearchAction\",\"target\":{\"@type\":\"EntryPoint\",\"urlTemplate\":\"https:\/\/rxr.clereb-siteclient.fr\/es\/?s={search_term_string}\"},\"query-input\":{\"@type\":\"PropertyValueSpecification\",\"valueRequired\":true,\"valueName\":\"search_term_string\"}}],\"inLanguage\":\"es\"},{\"@type\":\"Organization\",\"@id\":\"https:\/\/rxr.clereb-siteclient.fr\/es\/#organization\",\"name\":\"RXR Protect\",\"alternateName\":\"RXR\",\"url\":\"https:\/\/rxr.clereb-siteclient.fr\/es\/\",\"logo\":{\"@type\":\"ImageObject\",\"inLanguage\":\"es\",\"@id\":\"https:\/\/rxr.clereb-siteclient.fr\/es\/#\/schema\/logo\/image\/\",\"url\":\"https:\/\/rxr.clereb-siteclient.fr\/wp-content\/uploads\/2023\/10\/RXR-Logo-Noir.png\",\"contentUrl\":\"https:\/\/rxr.clereb-siteclient.fr\/wp-content\/uploads\/2023\/10\/RXR-Logo-Noir.png\",\"width\":500,\"height\":104,\"caption\":\"RXR Protect\"},\"image\":{\"@id\":\"https:\/\/rxr.clereb-siteclient.fr\/es\/#\/schema\/logo\/image\/\"},\"sameAs\":[\"https:\/\/www.facebook.com\/rxrprotectcom\",\"https:\/\/www.instagram.com\/rxrprotect\/\",\"https:\/\/www.tiktok.com\/@rxrprotect.com\"],\"email\":\"info@rxrprotect.com\",\"telephone\":\"09 70 24 01 01\",\"legalName\":\"PRO SHOP RXR\",\"vatID\":\"FR05511897548\",\"taxID\":\"51189754800034\",\"numberOfEmployees\":{\"@type\":\"QuantitativeValue\",\"minValue\":\"1\",\"maxValue\":\"10\"},\"hasMerchantReturnPolicy\":{\"@type\":\"MerchantReturnPolicy\",\"merchantReturnLink\":\"https:\/\/rxr.clereb-siteclient.fr\/conditions-generales-de-vente\/\"}}]}<\/script>\n<meta property=\"og:availability\" content=\"instock\" \/>\n<meta property=\"product:availability\" content=\"instock\" \/>\n<meta property=\"product:condition\" content=\"new\" \/>\n<!-- \/ Yoast SEO Premium plugin. -->","yoast_head_json":{"title":"Chaleco protector R-Pro 2 - KTM | Motocross MTB | RXR Protect","description":"Descubra nuestro nuevo chaleco protector motocross R-Pro 2, \u00a1revolucionario en su campo! Un nivel de protecci\u00f3n extraordinario para todos los deportes de alto riesgo.","robots":{"index":"index","follow":"follow","max-snippet":"max-snippet:-1","max-image-preview":"max-image-preview:large","max-video-preview":"max-video-preview:-1"},"canonical":"https:\/\/rxr.clereb-siteclient.fr\/es\/official-store-es\/chaleco-de-proteccion\/r-pro-2-pink-copie\/","og_locale":"es_ES","og_type":"article","og_title":"R-Pro 2 - MTK","og_description":"Descubra nuestro nuevo chaleco protector motocross R-Pro 2, \u00a1revolucionario en su campo! Un nivel de protecci\u00f3n extraordinario para todos los deportes de alto riesgo.","og_url":"https:\/\/rxr.clereb-siteclient.fr\/es\/official-store-es\/chaleco-de-proteccion\/r-pro-2-pink-copie\/","og_site_name":"RXR Protect","article_publisher":"https:\/\/www.facebook.com\/rxrprotectcom","article_modified_time":"2026-01-07T10:36:27+00:00","og_image":[{"width":1500,"height":1500,"url":"https:\/\/rxr.clereb-siteclient.fr\/wp-content\/uploads\/2025\/08\/RPro2-MTK-Face.webp","type":"image\/webp"}],"twitter_card":"summary_large_image","schema":{"@context":"https:\/\/schema.org","@graph":[{"@type":"WebPage","@id":"https:\/\/rxr.clereb-siteclient.fr\/es\/official-store-es\/chaleco-de-proteccion\/r-pro-2-pink-copie\/","url":"https:\/\/rxr.clereb-siteclient.fr\/es\/official-store-es\/chaleco-de-proteccion\/r-pro-2-pink-copie\/","name":"Chaleco protector R-Pro 2 - KTM | Motocross MTB | RXR Protect","isPartOf":{"@id":"https:\/\/rxr.clereb-siteclient.fr\/es\/#website"},"primaryImageOfPage":{"@id":"https:\/\/rxr.clereb-siteclient.fr\/es\/official-store-es\/chaleco-de-proteccion\/r-pro-2-pink-copie\/#primaryimage"},"image":{"@id":"https:\/\/rxr.clereb-siteclient.fr\/es\/official-store-es\/chaleco-de-proteccion\/r-pro-2-pink-copie\/#primaryimage"},"thumbnailUrl":"https:\/\/rxr.clereb-siteclient.fr\/wp-content\/uploads\/2025\/08\/RPro2-MTK-Face.webp","datePublished":"2025-08-14T14:29:50+00:00","dateModified":"2026-01-07T10:36:27+00:00","description":"Descubra nuestro nuevo chaleco protector motocross R-Pro 2, \u00a1revolucionario en su campo! Un nivel de protecci\u00f3n extraordinario para todos los deportes de alto riesgo.","breadcrumb":{"@id":"https:\/\/rxr.clereb-siteclient.fr\/es\/official-store-es\/chaleco-de-proteccion\/r-pro-2-pink-copie\/#breadcrumb"},"inLanguage":"es","potentialAction":[{"@type":"ReadAction","target":["https:\/\/rxr.clereb-siteclient.fr\/es\/official-store-es\/chaleco-de-proteccion\/r-pro-2-pink-copie\/"]}]},{"@type":"ImageObject","inLanguage":"es","@id":"https:\/\/rxr.clereb-siteclient.fr\/es\/official-store-es\/chaleco-de-proteccion\/r-pro-2-pink-copie\/#primaryimage","url":"https:\/\/rxr.clereb-siteclient.fr\/wp-content\/uploads\/2025\/08\/RPro2-MTK-Face.webp","contentUrl":"https:\/\/rxr.clereb-siteclient.fr\/wp-content\/uploads\/2025\/08\/RPro2-MTK-Face.webp","width":1500,"height":1500},{"@type":"BreadcrumbList","@id":"https:\/\/rxr.clereb-siteclient.fr\/es\/official-store-es\/chaleco-de-proteccion\/r-pro-2-pink-copie\/#breadcrumb","itemListElement":[{"@type":"ListItem","position":1,"name":"Accueil","item":"https:\/\/rxr.clereb-siteclient.fr\/es\/inicio\/"},{"@type":"ListItem","position":2,"name":"Official store","item":"https:\/\/rxr.clereb-siteclient.fr\/boutique-officielle\/"},{"@type":"ListItem","position":3,"name":"R-Pro 2 &#8211; MTK"}]},{"@type":"WebSite","@id":"https:\/\/rxr.clereb-siteclient.fr\/es\/#website","url":"https:\/\/rxr.clereb-siteclient.fr\/es\/","name":"RXR Protect","description":"Pare pierre et protection gonflable pour le motocross, le VTT et tous les sports extr\u00eames.","publisher":{"@id":"https:\/\/rxr.clereb-siteclient.fr\/es\/#organization"},"alternateName":"RXR","potentialAction":[{"@type":"SearchAction","target":{"@type":"EntryPoint","urlTemplate":"https:\/\/rxr.clereb-siteclient.fr\/es\/?s={search_term_string}"},"query-input":{"@type":"PropertyValueSpecification","valueRequired":true,"valueName":"search_term_string"}}],"inLanguage":"es"},{"@type":"Organization","@id":"https:\/\/rxr.clereb-siteclient.fr\/es\/#organization","name":"RXR Protect","alternateName":"RXR","url":"https:\/\/rxr.clereb-siteclient.fr\/es\/","logo":{"@type":"ImageObject","inLanguage":"es","@id":"https:\/\/rxr.clereb-siteclient.fr\/es\/#\/schema\/logo\/image\/","url":"https:\/\/rxr.clereb-siteclient.fr\/wp-content\/uploads\/2023\/10\/RXR-Logo-Noir.png","contentUrl":"https:\/\/rxr.clereb-siteclient.fr\/wp-content\/uploads\/2023\/10\/RXR-Logo-Noir.png","width":500,"height":104,"caption":"RXR Protect"},"image":{"@id":"https:\/\/rxr.clereb-siteclient.fr\/es\/#\/schema\/logo\/image\/"},"sameAs":["https:\/\/www.facebook.com\/rxrprotectcom","https:\/\/www.instagram.com\/rxrprotect\/","https:\/\/www.tiktok.com\/@rxrprotect.com"],"email":"info@rxrprotect.com","telephone":"09 70 24 01 01","legalName":"PRO SHOP RXR","vatID":"FR05511897548","taxID":"51189754800034","numberOfEmployees":{"@type":"QuantitativeValue","minValue":"1","maxValue":"10"},"hasMerchantReturnPolicy":{"@type":"MerchantReturnPolicy","merchantReturnLink":"https:\/\/rxr.clereb-siteclient.fr\/conditions-generales-de-vente\/"}}]},"og_availability":"instock","product_availability":"instock","product_condition":"new"},"_links":{"self":[{"href":"https:\/\/rxr.clereb-siteclient.fr\/es\/wp-json\/wp\/v2\/product\/54106","targetHints":{"allow":["GET"]}}],"collection":[{"href":"https:\/\/rxr.clereb-siteclient.fr\/es\/wp-json\/wp\/v2\/product"}],"about":[{"href":"https:\/\/rxr.clereb-siteclient.fr\/es\/wp-json\/wp\/v2\/types\/product"}],"version-history":[{"count":0,"href":"https:\/\/rxr.clereb-siteclient.fr\/es\/wp-json\/wp\/v2\/product\/54106\/revisions"}],"wp:featuredmedia":[{"embeddable":true,"href":"https:\/\/rxr.clereb-siteclient.fr\/es\/wp-json\/wp\/v2\/media\/54130"}],"wp:attachment":[{"href":"https:\/\/rxr.clereb-siteclient.fr\/es\/wp-json\/wp\/v2\/media?parent=54106"}],"wp:term":[{"taxonomy":"product_brand","embeddable":true,"href":"https:\/\/rxr.clereb-siteclient.fr\/es\/wp-json\/wp\/v2\/product_brand?post=54106"},{"taxonomy":"product_cat","embeddable":true,"href":"https:\/\/rxr.clereb-siteclient.fr\/es\/wp-json\/wp\/v2\/product_cat?post=54106"},{"taxonomy":"product_tag","embeddable":true,"href":"https:\/\/rxr.clereb-siteclient.fr\/es\/wp-json\/wp\/v2\/product_tag?post=54106"}],"curies":[{"name":"wp","href":"https:\/\/api.w.org\/{rel}","templated":true}]}}