{"id":28267,"date":"2024-11-22T00:01:03","date_gmt":"2024-11-21T23:01:03","guid":{"rendered":"https:\/\/rxrprotect.com\/?post_type=product&#038;p=28267"},"modified":"2026-01-07T11:48:46","modified_gmt":"2026-01-07T10:48:46","slug":"r-pro-2-energy","status":"publish","type":"product","link":"https:\/\/rxr.clereb-siteclient.fr\/es\/official-store-es\/chaleco-de-proteccion\/r-pro-2-energy\/","title":{"rendered":"R-Pro 2 &#8211; Energy"},"content":{"rendered":"<h5><strong>R-Pro 2 &#8211; El revolucionario chaleco protector motocross de RXR Protect<\/strong><\/h5>\n<p>Descubra el R-Pro 2, el \u00faltimo chaleco protector motocross de RXR Protect, dise\u00f1ado para ofrecer una seguridad y un confort inigualables. Con la avanzada tecnolog\u00eda 3.0, el material TPU XV2BLACK ultrarresistente y la espuma no newtoniana, este modelo ofrece una amortiguaci\u00f3n \u00f3ptima y un ajuste perfecto.<\/p>\n<p>La R Pro 2: 5 a\u00f1os de experiencia, perfeccionada por nuestros pilotos profesionales en condiciones reales con el modelo 1.<\/p>\n<p>Cada detalle se ha revisado para crear una segunda piel: c\u00f3modas almohadillas laterales, ventilaci\u00f3n mejorada y correas ajustables para una estabilidad perfecta. La R-Pro 2 encarna la innovaci\u00f3n en protecci\u00f3n corporal, ofreciendo rendimiento, fiabilidad y un dise\u00f1o moderno para una experiencia de uso excepcional. <\/p>\n<p>Las almohadillas laterales de espuma R2O opcionales ofrecen una protecci\u00f3n de las costillas \u00fanica para un producto de protecci\u00f3n corporal, combinando rendimiento y comodidad.<br \/>\nNuestro departamento de I+D ha querido capitalizar nuestra primera versi\u00f3n introduciendo mejoras significativas. Hemos revisado meticulosamente cada detalle para ofrecer una experiencia de uso \u00fanica y responder a las expectativas de nuestros clientes. Este lavado de cara nos ha permitido centrarnos en los 2 aspectos esenciales de nuestro producto: las prestaciones y el confort.  <\/p>\n<h5><strong>Composici\u00f3n de la R-Pro 2 &#8211; Protecci\u00f3n de gama alta<\/strong><\/h5>\n<p>Una combinaci\u00f3n de tres materiales con un \u00fanico objetivo: ofrecer protecci\u00f3n y confort de alto rendimiento.<\/p>\n<div class=\"group\/conversation-turn relative flex w-full min-w-0 flex-col agent-turn\">\n<div class=\"flex-col gap-1 md:gap-3\">\n<div class=\"flex max-w-full flex-col flex-grow\">\n<div class=\"min-h-8 text-message flex w-full flex-col items-end gap-2 whitespace-normal break-words [.text-message+&amp;]:mt-5\" dir=\"auto\" data-message-author-role=\"assistant\" data-message-id=\"e0d8f414-8646-4815-8741-9b53de469716\" data-message-model-slug=\"gpt-4o\">\n<div class=\"flex w-full flex-col gap-1 empty:hidden first:pt-[3px]\">\n<div class=\"markdown prose w-full break-words dark:prose-invert dark\">\n<p><strong>R-Pro 2 <\/strong>ofrece una protecci\u00f3n inigualable gracias a su estructura de tres capas:<\/p>\n<ol>\n<li><strong>Escudo de tensi\u00f3n:<\/strong> Las carcasas de distribuci\u00f3n ultrarresistentes proporcionan una protecci\u00f3n eficaz contra impactos y pinchazos, cubriendo zonas sensibles como el h\u00edgado, el bazo y la columna vertebral contra impactos de manillares, piedras y otras proyecciones.<\/li>\n<li><strong>Tecnolog\u00eda Air Shock Absorber 3.0:<\/strong> Con sus compartimentos de aire permanentemente inflados fabricados con pol\u00edmero RXV2, esta tecnolog\u00eda absorbe los impactos de forma revolucionaria. Su chip NFC integrado permite el seguimiento en tiempo real, garantizando una protecci\u00f3n \u00f3ptima y duradera. <\/li>\n<li><strong>Espuma R2O: <\/strong>Inteligente e innovadora, esta espuma se endurece en caso de impacto para absorber los golpes, al tiempo que garantiza el confort y la movilidad para una seguridad m\u00e1xima.<\/li>\n<\/ol>\n<p><strong> <\/strong><\/p>\n<p>La R-Pro 2 ampl\u00eda los l\u00edmites de la protecci\u00f3n corporal, combinando seguridad, confort e innovaci\u00f3n para una experiencia sin igual.<\/p>\n<\/div>\n<\/div>\n<\/div>\n<\/div>\n<\/div>\n<\/div>\n","protected":false},"excerpt":{"rendered":"<p>Descubra el R-Pro 2, el \u00faltimo chaleco protector motocross de RXR Protect, dise\u00f1ado para ofrecer una seguridad y un confort inigualables.<\/p>\n","protected":false},"featured_media":33114,"template":"","meta":{"_acf_changed":false},"product_brand":[],"product_cat":[590,593],"product_tag":[782,932],"class_list":{"0":"post-28267","1":"product","2":"type-product","3":"status-publish","4":"has-post-thumbnail","6":"product_cat-chaleco-de-proteccion","7":"product_cat-r-pro-es","8":"product_tag-avec-kit-deco-es","9":"product_tag-r-pro2-es","11":"first","12":"instock","13":"taxable","14":"shipping-taxable","15":"purchasable","16":"product-type-variable"},"acf":[],"yoast_head":"<!-- This site is optimized with the Yoast SEO Premium plugin v25.1 (Yoast SEO v26.7) - https:\/\/yoast.com\/wordpress\/plugins\/seo\/ -->\n<title>Chaleco protector motocross R-Pro 2 | RXR Protect<\/title>\n<meta name=\"description\" content=\"Descubra nuestro nuevo chaleco protector motocross R-Pro 2, \u00a1revolucionario en su campo! Un nivel de protecci\u00f3n extraordinario para todos los deportes de alto riesgo.\" \/>\n<meta name=\"robots\" content=\"index, follow, max-snippet:-1, max-image-preview:large, max-video-preview:-1\" \/>\n<link rel=\"canonical\" href=\"https:\/\/rxr.clereb-siteclient.fr\/es\/official-store-es\/chaleco-de-proteccion\/r-pro-2-energy\/\" \/>\n<meta property=\"og:locale\" content=\"es_ES\" \/>\n<meta property=\"og:type\" content=\"article\" \/>\n<meta property=\"og:title\" content=\"R-Pro 2 - Energy\" \/>\n<meta property=\"og:description\" content=\"Descubra nuestro nuevo chaleco protector motocross R-Pro 2, \u00a1revolucionario en su campo! Un nivel de protecci\u00f3n extraordinario para todos los deportes de alto riesgo.\" \/>\n<meta property=\"og:url\" content=\"https:\/\/rxr.clereb-siteclient.fr\/es\/official-store-es\/chaleco-de-proteccion\/r-pro-2-energy\/\" \/>\n<meta property=\"og:site_name\" content=\"RXR Protect\" \/>\n<meta property=\"article:publisher\" content=\"https:\/\/www.facebook.com\/rxrprotectcom\" \/>\n<meta property=\"article:modified_time\" content=\"2026-01-07T10:48:46+00:00\" \/>\n<meta property=\"og:image\" content=\"https:\/\/rxr.clereb-siteclient.fr\/wp-content\/uploads\/2025\/03\/RPRO2-V2-Energy.jpg\" \/>\n\t<meta property=\"og:image:width\" content=\"1500\" \/>\n\t<meta property=\"og:image:height\" content=\"1500\" \/>\n\t<meta property=\"og:image:type\" content=\"image\/jpeg\" \/>\n<meta name=\"twitter:card\" content=\"summary_large_image\" \/>\n<script type=\"application\/ld+json\" class=\"yoast-schema-graph\">{\"@context\":\"https:\/\/schema.org\",\"@graph\":[{\"@type\":\"WebPage\",\"@id\":\"https:\/\/rxr.clereb-siteclient.fr\/es\/official-store-es\/chaleco-de-proteccion\/r-pro-2-energy\/\",\"url\":\"https:\/\/rxr.clereb-siteclient.fr\/es\/official-store-es\/chaleco-de-proteccion\/r-pro-2-energy\/\",\"name\":\"Chaleco protector motocross R-Pro 2 | RXR Protect\",\"isPartOf\":{\"@id\":\"https:\/\/rxr.clereb-siteclient.fr\/es\/#website\"},\"primaryImageOfPage\":{\"@id\":\"https:\/\/rxr.clereb-siteclient.fr\/es\/official-store-es\/chaleco-de-proteccion\/r-pro-2-energy\/#primaryimage\"},\"image\":{\"@id\":\"https:\/\/rxr.clereb-siteclient.fr\/es\/official-store-es\/chaleco-de-proteccion\/r-pro-2-energy\/#primaryimage\"},\"thumbnailUrl\":\"https:\/\/rxr.clereb-siteclient.fr\/wp-content\/uploads\/2025\/03\/RPRO2-V2-Energy.jpg\",\"datePublished\":\"2024-11-21T23:01:03+00:00\",\"dateModified\":\"2026-01-07T10:48:46+00:00\",\"description\":\"Descubra nuestro nuevo chaleco protector motocross R-Pro 2, \u00a1revolucionario en su campo! Un nivel de protecci\u00f3n extraordinario para todos los deportes de alto riesgo.\",\"breadcrumb\":{\"@id\":\"https:\/\/rxr.clereb-siteclient.fr\/es\/official-store-es\/chaleco-de-proteccion\/r-pro-2-energy\/#breadcrumb\"},\"inLanguage\":\"es\",\"potentialAction\":[{\"@type\":\"ReadAction\",\"target\":[\"https:\/\/rxr.clereb-siteclient.fr\/es\/official-store-es\/chaleco-de-proteccion\/r-pro-2-energy\/\"]}]},{\"@type\":\"ImageObject\",\"inLanguage\":\"es\",\"@id\":\"https:\/\/rxr.clereb-siteclient.fr\/es\/official-store-es\/chaleco-de-proteccion\/r-pro-2-energy\/#primaryimage\",\"url\":\"https:\/\/rxr.clereb-siteclient.fr\/wp-content\/uploads\/2025\/03\/RPRO2-V2-Energy.jpg\",\"contentUrl\":\"https:\/\/rxr.clereb-siteclient.fr\/wp-content\/uploads\/2025\/03\/RPRO2-V2-Energy.jpg\",\"width\":1500,\"height\":1500},{\"@type\":\"BreadcrumbList\",\"@id\":\"https:\/\/rxr.clereb-siteclient.fr\/es\/official-store-es\/chaleco-de-proteccion\/r-pro-2-energy\/#breadcrumb\",\"itemListElement\":[{\"@type\":\"ListItem\",\"position\":1,\"name\":\"Accueil\",\"item\":\"https:\/\/rxr.clereb-siteclient.fr\/es\/inicio\/\"},{\"@type\":\"ListItem\",\"position\":2,\"name\":\"Official store\",\"item\":\"https:\/\/rxr.clereb-siteclient.fr\/boutique-officielle\/\"},{\"@type\":\"ListItem\",\"position\":3,\"name\":\"R-Pro 2 &#8211; Energy\"}]},{\"@type\":\"WebSite\",\"@id\":\"https:\/\/rxr.clereb-siteclient.fr\/es\/#website\",\"url\":\"https:\/\/rxr.clereb-siteclient.fr\/es\/\",\"name\":\"RXR Protect\",\"description\":\"Pare pierre et protection gonflable pour le motocross, le VTT et tous les sports extr\u00eames.\",\"publisher\":{\"@id\":\"https:\/\/rxr.clereb-siteclient.fr\/es\/#organization\"},\"alternateName\":\"RXR\",\"potentialAction\":[{\"@type\":\"SearchAction\",\"target\":{\"@type\":\"EntryPoint\",\"urlTemplate\":\"https:\/\/rxr.clereb-siteclient.fr\/es\/?s={search_term_string}\"},\"query-input\":{\"@type\":\"PropertyValueSpecification\",\"valueRequired\":true,\"valueName\":\"search_term_string\"}}],\"inLanguage\":\"es\"},{\"@type\":\"Organization\",\"@id\":\"https:\/\/rxr.clereb-siteclient.fr\/es\/#organization\",\"name\":\"RXR Protect\",\"alternateName\":\"RXR\",\"url\":\"https:\/\/rxr.clereb-siteclient.fr\/es\/\",\"logo\":{\"@type\":\"ImageObject\",\"inLanguage\":\"es\",\"@id\":\"https:\/\/rxr.clereb-siteclient.fr\/es\/#\/schema\/logo\/image\/\",\"url\":\"https:\/\/rxr.clereb-siteclient.fr\/wp-content\/uploads\/2023\/10\/RXR-Logo-Noir.png\",\"contentUrl\":\"https:\/\/rxr.clereb-siteclient.fr\/wp-content\/uploads\/2023\/10\/RXR-Logo-Noir.png\",\"width\":500,\"height\":104,\"caption\":\"RXR Protect\"},\"image\":{\"@id\":\"https:\/\/rxr.clereb-siteclient.fr\/es\/#\/schema\/logo\/image\/\"},\"sameAs\":[\"https:\/\/www.facebook.com\/rxrprotectcom\",\"https:\/\/www.instagram.com\/rxrprotect\/\",\"https:\/\/www.tiktok.com\/@rxrprotect.com\"],\"email\":\"info@rxrprotect.com\",\"telephone\":\"09 70 24 01 01\",\"legalName\":\"PRO SHOP RXR\",\"vatID\":\"FR05511897548\",\"taxID\":\"51189754800034\",\"numberOfEmployees\":{\"@type\":\"QuantitativeValue\",\"minValue\":\"1\",\"maxValue\":\"10\"},\"hasMerchantReturnPolicy\":{\"@type\":\"MerchantReturnPolicy\",\"merchantReturnLink\":\"https:\/\/rxr.clereb-siteclient.fr\/conditions-generales-de-vente\/\"}}]}<\/script>\n<meta property=\"og:availability\" content=\"instock\" \/>\n<meta property=\"product:availability\" content=\"instock\" \/>\n<meta property=\"product:condition\" content=\"new\" \/>\n<!-- \/ Yoast SEO Premium plugin. -->","yoast_head_json":{"title":"Chaleco protector motocross R-Pro 2 | RXR Protect","description":"Descubra nuestro nuevo chaleco protector motocross R-Pro 2, \u00a1revolucionario en su campo! Un nivel de protecci\u00f3n extraordinario para todos los deportes de alto riesgo.","robots":{"index":"index","follow":"follow","max-snippet":"max-snippet:-1","max-image-preview":"max-image-preview:large","max-video-preview":"max-video-preview:-1"},"canonical":"https:\/\/rxr.clereb-siteclient.fr\/es\/official-store-es\/chaleco-de-proteccion\/r-pro-2-energy\/","og_locale":"es_ES","og_type":"article","og_title":"R-Pro 2 - Energy","og_description":"Descubra nuestro nuevo chaleco protector motocross R-Pro 2, \u00a1revolucionario en su campo! Un nivel de protecci\u00f3n extraordinario para todos los deportes de alto riesgo.","og_url":"https:\/\/rxr.clereb-siteclient.fr\/es\/official-store-es\/chaleco-de-proteccion\/r-pro-2-energy\/","og_site_name":"RXR Protect","article_publisher":"https:\/\/www.facebook.com\/rxrprotectcom","article_modified_time":"2026-01-07T10:48:46+00:00","og_image":[{"width":1500,"height":1500,"url":"https:\/\/rxr.clereb-siteclient.fr\/wp-content\/uploads\/2025\/03\/RPRO2-V2-Energy.jpg","type":"image\/jpeg"}],"twitter_card":"summary_large_image","schema":{"@context":"https:\/\/schema.org","@graph":[{"@type":"WebPage","@id":"https:\/\/rxr.clereb-siteclient.fr\/es\/official-store-es\/chaleco-de-proteccion\/r-pro-2-energy\/","url":"https:\/\/rxr.clereb-siteclient.fr\/es\/official-store-es\/chaleco-de-proteccion\/r-pro-2-energy\/","name":"Chaleco protector motocross R-Pro 2 | RXR Protect","isPartOf":{"@id":"https:\/\/rxr.clereb-siteclient.fr\/es\/#website"},"primaryImageOfPage":{"@id":"https:\/\/rxr.clereb-siteclient.fr\/es\/official-store-es\/chaleco-de-proteccion\/r-pro-2-energy\/#primaryimage"},"image":{"@id":"https:\/\/rxr.clereb-siteclient.fr\/es\/official-store-es\/chaleco-de-proteccion\/r-pro-2-energy\/#primaryimage"},"thumbnailUrl":"https:\/\/rxr.clereb-siteclient.fr\/wp-content\/uploads\/2025\/03\/RPRO2-V2-Energy.jpg","datePublished":"2024-11-21T23:01:03+00:00","dateModified":"2026-01-07T10:48:46+00:00","description":"Descubra nuestro nuevo chaleco protector motocross R-Pro 2, \u00a1revolucionario en su campo! Un nivel de protecci\u00f3n extraordinario para todos los deportes de alto riesgo.","breadcrumb":{"@id":"https:\/\/rxr.clereb-siteclient.fr\/es\/official-store-es\/chaleco-de-proteccion\/r-pro-2-energy\/#breadcrumb"},"inLanguage":"es","potentialAction":[{"@type":"ReadAction","target":["https:\/\/rxr.clereb-siteclient.fr\/es\/official-store-es\/chaleco-de-proteccion\/r-pro-2-energy\/"]}]},{"@type":"ImageObject","inLanguage":"es","@id":"https:\/\/rxr.clereb-siteclient.fr\/es\/official-store-es\/chaleco-de-proteccion\/r-pro-2-energy\/#primaryimage","url":"https:\/\/rxr.clereb-siteclient.fr\/wp-content\/uploads\/2025\/03\/RPRO2-V2-Energy.jpg","contentUrl":"https:\/\/rxr.clereb-siteclient.fr\/wp-content\/uploads\/2025\/03\/RPRO2-V2-Energy.jpg","width":1500,"height":1500},{"@type":"BreadcrumbList","@id":"https:\/\/rxr.clereb-siteclient.fr\/es\/official-store-es\/chaleco-de-proteccion\/r-pro-2-energy\/#breadcrumb","itemListElement":[{"@type":"ListItem","position":1,"name":"Accueil","item":"https:\/\/rxr.clereb-siteclient.fr\/es\/inicio\/"},{"@type":"ListItem","position":2,"name":"Official store","item":"https:\/\/rxr.clereb-siteclient.fr\/boutique-officielle\/"},{"@type":"ListItem","position":3,"name":"R-Pro 2 &#8211; Energy"}]},{"@type":"WebSite","@id":"https:\/\/rxr.clereb-siteclient.fr\/es\/#website","url":"https:\/\/rxr.clereb-siteclient.fr\/es\/","name":"RXR Protect","description":"Pare pierre et protection gonflable pour le motocross, le VTT et tous les sports extr\u00eames.","publisher":{"@id":"https:\/\/rxr.clereb-siteclient.fr\/es\/#organization"},"alternateName":"RXR","potentialAction":[{"@type":"SearchAction","target":{"@type":"EntryPoint","urlTemplate":"https:\/\/rxr.clereb-siteclient.fr\/es\/?s={search_term_string}"},"query-input":{"@type":"PropertyValueSpecification","valueRequired":true,"valueName":"search_term_string"}}],"inLanguage":"es"},{"@type":"Organization","@id":"https:\/\/rxr.clereb-siteclient.fr\/es\/#organization","name":"RXR Protect","alternateName":"RXR","url":"https:\/\/rxr.clereb-siteclient.fr\/es\/","logo":{"@type":"ImageObject","inLanguage":"es","@id":"https:\/\/rxr.clereb-siteclient.fr\/es\/#\/schema\/logo\/image\/","url":"https:\/\/rxr.clereb-siteclient.fr\/wp-content\/uploads\/2023\/10\/RXR-Logo-Noir.png","contentUrl":"https:\/\/rxr.clereb-siteclient.fr\/wp-content\/uploads\/2023\/10\/RXR-Logo-Noir.png","width":500,"height":104,"caption":"RXR Protect"},"image":{"@id":"https:\/\/rxr.clereb-siteclient.fr\/es\/#\/schema\/logo\/image\/"},"sameAs":["https:\/\/www.facebook.com\/rxrprotectcom","https:\/\/www.instagram.com\/rxrprotect\/","https:\/\/www.tiktok.com\/@rxrprotect.com"],"email":"info@rxrprotect.com","telephone":"09 70 24 01 01","legalName":"PRO SHOP RXR","vatID":"FR05511897548","taxID":"51189754800034","numberOfEmployees":{"@type":"QuantitativeValue","minValue":"1","maxValue":"10"},"hasMerchantReturnPolicy":{"@type":"MerchantReturnPolicy","merchantReturnLink":"https:\/\/rxr.clereb-siteclient.fr\/conditions-generales-de-vente\/"}}]},"og_availability":"instock","product_availability":"instock","product_condition":"new"},"_links":{"self":[{"href":"https:\/\/rxr.clereb-siteclient.fr\/es\/wp-json\/wp\/v2\/product\/28267","targetHints":{"allow":["GET"]}}],"collection":[{"href":"https:\/\/rxr.clereb-siteclient.fr\/es\/wp-json\/wp\/v2\/product"}],"about":[{"href":"https:\/\/rxr.clereb-siteclient.fr\/es\/wp-json\/wp\/v2\/types\/product"}],"version-history":[{"count":0,"href":"https:\/\/rxr.clereb-siteclient.fr\/es\/wp-json\/wp\/v2\/product\/28267\/revisions"}],"wp:featuredmedia":[{"embeddable":true,"href":"https:\/\/rxr.clereb-siteclient.fr\/es\/wp-json\/wp\/v2\/media\/33114"}],"wp:attachment":[{"href":"https:\/\/rxr.clereb-siteclient.fr\/es\/wp-json\/wp\/v2\/media?parent=28267"}],"wp:term":[{"taxonomy":"product_brand","embeddable":true,"href":"https:\/\/rxr.clereb-siteclient.fr\/es\/wp-json\/wp\/v2\/product_brand?post=28267"},{"taxonomy":"product_cat","embeddable":true,"href":"https:\/\/rxr.clereb-siteclient.fr\/es\/wp-json\/wp\/v2\/product_cat?post=28267"},{"taxonomy":"product_tag","embeddable":true,"href":"https:\/\/rxr.clereb-siteclient.fr\/es\/wp-json\/wp\/v2\/product_tag?post=28267"}],"curies":[{"name":"wp","href":"https:\/\/api.w.org\/{rel}","templated":true}]}}