{"id":22850,"date":"2023-12-21T15:54:04","date_gmt":"2023-12-21T14:54:04","guid":{"rendered":"https:\/\/rxrprotect.com\/boutique\/sin%20categor\u00eda\/rx-02\/"},"modified":"2025-12-04T13:38:31","modified_gmt":"2025-12-04T12:38:31","slug":"rx-02","status":"publish","type":"product","link":"https:\/\/rxr.clereb-siteclient.fr\/es\/official-store-es\/militar\/rx-02\/","title":{"rendered":"RX-02"},"content":{"rendered":"<div class=\"flex flex-grow flex-col max-w-full\">\n<div class=\"min-h-[20px] text-message flex flex-col items-start whitespace-pre-wrap break-words [.text-message+&amp;]:mt-5 juice:w-full juice:items-end overflow-x-auto gap-2\" dir=\"auto\" data-message-author-role=\"assistant\" data-message-id=\"c394b566-aa34-4f04-9a4e-e4bed2e14594\">\n<div class=\"flex w-full flex-col gap-1 juice:empty:hidden juice:first:pt-[3px]\">\n<div class=\"markdown prose w-full break-words dark:prose-invert light\">\n<h3>Placa antitrauma RX-02: La mejor protecci\u00f3n bal\u00edstica<\/h3>\n<p>El RX-02 es la soluci\u00f3n ideal contra los efectos traseros para llevar bajo la protecci\u00f3n bal\u00edstica dura NIJ de nivel 3 \u00f3 4 ICW o SA. Dise\u00f1ada para ofrecer la m\u00e1xima protecci\u00f3n, cuenta con tecnolog\u00eda avanzada y robustez. Descubra c\u00f3mo nuestra placa antitrauma RX-02 puede mejorar su seguridad.  <\/p>\n<h4>Tecnolog\u00eda avanzada ASA 3.0<\/h4>\n<p>Nuestra soluci\u00f3n utiliza aire multicompartimentado con tecnolog\u00eda ASA 3.0. En caso de impacto bal\u00edstico, esta tecnolog\u00eda se deforma y absorbe la onda de choque detr\u00e1s de la protecci\u00f3n. El aire del RX-02 se comprime, endureciendo el colch\u00f3n de aire para contrarrestar los efectos traseros.  <\/p>\n<h4>Caracter\u00edsticas del RX-02<\/h4>\n<ul>\n<li><strong>Uso universal<\/strong>: Compatible con portaplacas.<\/li>\n<li><strong>Durabilidad<\/strong>: Cambia los cojines cada 24 meses o despu\u00e9s de un impacto.<\/li>\n<li><strong>Condiciones de funcionamiento<\/strong>: Funciona entre -20\u00b0C y +70\u00b0C.<\/li>\n<li><strong>Ligero<\/strong>: Pesa unos 200 g, f\u00e1cil de transportar.<\/li>\n<li><strong>Dimensiones<\/strong>: 25 cm de ancho y 30 cm de alto, cobertura \u00f3ptima.<\/li>\n<li><strong>M\u00faltiples aplicaciones<\/strong>: limita los golpes y las lesiones, ideal en veh\u00edculos o contra impactos lentos.<\/li>\n<\/ul>\n<h4>Ventajas de la Placa Traumatol\u00f3gica RX-02<\/h4>\n<ul>\n<li><strong>Protecci\u00f3n mejorada<\/strong>: Reduce el riesgo de lesiones por impactos bal\u00edsticos.<\/li>\n<li><strong>Tecnolog\u00eda patent<\/strong> ada: ASA 3.0 patentado (n\u00famero 20760877.9 &#8211; 1001 \/ 4031780).<\/li>\n<\/ul>\n<p>Elija la placa antitrauma RX-02 para una protecci\u00f3n bal\u00edstica de vanguardia. Adecuada para un uso intensivo en condiciones extremas, mejora tu seguridad. <\/p>\n<\/div>\n<\/div>\n<\/div>\n<\/div>\n<div class=\"mt-1 flex gap-3 empty:hidden juice:-ml-3\">\n<div class=\"items-center justify-start rounded-xl p-1 flex\"><\/div>\n<\/div>\n","protected":false},"excerpt":{"rendered":"<p><strong>Producto desarrollado y destinado al uso por parte de las fuerzas armadas o policiales.<br \/>\nP\u00f3ngase en contacto con nosotros para realizar su pedido.<br \/>\n<\/strong><\/p>\n","protected":false},"featured_media":22854,"template":"","meta":{"_acf_changed":false},"product_brand":[],"product_cat":[595],"product_tag":[],"class_list":{"0":"post-22850","1":"product","2":"type-product","3":"status-publish","4":"has-post-thumbnail","6":"product_cat-militar","8":"first","9":"instock","10":"taxable","11":"shipping-taxable","12":"purchasable","13":"product-type-simple"},"acf":[],"yoast_head":"<!-- This site is optimized with the Yoast SEO Premium plugin v25.1 (Yoast SEO v26.7) - https:\/\/yoast.com\/wordpress\/plugins\/seo\/ -->\n<title>RX-02 la placa de trauma | RXR Protect<\/title>\n<meta name=\"description\" content=\"Optimiza tu seguridad con la RX-02, la placa antitrauma que destaca por su avanzada tecnolog\u00eda. \u00a1No corras riesgos!\" \/>\n<meta name=\"robots\" content=\"index, follow, max-snippet:-1, max-image-preview:large, max-video-preview:-1\" \/>\n<link rel=\"canonical\" href=\"https:\/\/rxr.clereb-siteclient.fr\/es\/official-store-es\/militar\/rx-02\/\" \/>\n<meta property=\"og:locale\" content=\"es_ES\" \/>\n<meta property=\"og:type\" content=\"article\" \/>\n<meta property=\"og:title\" content=\"RX-02\" \/>\n<meta property=\"og:description\" content=\"Optimiza tu seguridad con la RX-02, la placa antitrauma que destaca por su avanzada tecnolog\u00eda. \u00a1No corras riesgos!\" \/>\n<meta property=\"og:url\" content=\"https:\/\/rxr.clereb-siteclient.fr\/es\/official-store-es\/militar\/rx-02\/\" \/>\n<meta property=\"og:site_name\" content=\"RXR Protect\" \/>\n<meta property=\"article:publisher\" content=\"https:\/\/www.facebook.com\/rxrprotectcom\" \/>\n<meta property=\"article:modified_time\" content=\"2025-12-04T12:38:31+00:00\" \/>\n<meta property=\"og:image\" content=\"https:\/\/rxr.clereb-siteclient.fr\/wp-content\/uploads\/2023\/12\/RX02_1.jpg\" \/>\n\t<meta property=\"og:image:width\" content=\"1500\" \/>\n\t<meta property=\"og:image:height\" content=\"1500\" \/>\n\t<meta property=\"og:image:type\" content=\"image\/jpeg\" \/>\n<meta name=\"twitter:card\" content=\"summary_large_image\" \/>\n<script type=\"application\/ld+json\" class=\"yoast-schema-graph\">{\"@context\":\"https:\/\/schema.org\",\"@graph\":[{\"@type\":\"WebPage\",\"@id\":\"https:\/\/rxr.clereb-siteclient.fr\/es\/official-store-es\/militar\/rx-02\/\",\"url\":\"https:\/\/rxr.clereb-siteclient.fr\/es\/official-store-es\/militar\/rx-02\/\",\"name\":\"RX-02 la placa de trauma | RXR Protect\",\"isPartOf\":{\"@id\":\"https:\/\/rxr.clereb-siteclient.fr\/es\/#website\"},\"primaryImageOfPage\":{\"@id\":\"https:\/\/rxr.clereb-siteclient.fr\/es\/official-store-es\/militar\/rx-02\/#primaryimage\"},\"image\":{\"@id\":\"https:\/\/rxr.clereb-siteclient.fr\/es\/official-store-es\/militar\/rx-02\/#primaryimage\"},\"thumbnailUrl\":\"https:\/\/rxr.clereb-siteclient.fr\/wp-content\/uploads\/2023\/12\/RX02_1.jpg\",\"datePublished\":\"2023-12-21T14:54:04+00:00\",\"dateModified\":\"2025-12-04T12:38:31+00:00\",\"description\":\"Optimiza tu seguridad con la RX-02, la placa antitrauma que destaca por su avanzada tecnolog\u00eda. \u00a1No corras riesgos!\",\"breadcrumb\":{\"@id\":\"https:\/\/rxr.clereb-siteclient.fr\/es\/official-store-es\/militar\/rx-02\/#breadcrumb\"},\"inLanguage\":\"es\",\"potentialAction\":[{\"@type\":\"ReadAction\",\"target\":[\"https:\/\/rxr.clereb-siteclient.fr\/es\/official-store-es\/militar\/rx-02\/\"]}]},{\"@type\":\"ImageObject\",\"inLanguage\":\"es\",\"@id\":\"https:\/\/rxr.clereb-siteclient.fr\/es\/official-store-es\/militar\/rx-02\/#primaryimage\",\"url\":\"https:\/\/rxr.clereb-siteclient.fr\/wp-content\/uploads\/2023\/12\/RX02_1.jpg\",\"contentUrl\":\"https:\/\/rxr.clereb-siteclient.fr\/wp-content\/uploads\/2023\/12\/RX02_1.jpg\",\"width\":1500,\"height\":1500,\"caption\":\"placa antitrauma protecci\u00f3n bal\u00edstica\"},{\"@type\":\"BreadcrumbList\",\"@id\":\"https:\/\/rxr.clereb-siteclient.fr\/es\/official-store-es\/militar\/rx-02\/#breadcrumb\",\"itemListElement\":[{\"@type\":\"ListItem\",\"position\":1,\"name\":\"Accueil\",\"item\":\"https:\/\/rxr.clereb-siteclient.fr\/es\/inicio\/\"},{\"@type\":\"ListItem\",\"position\":2,\"name\":\"Official store\",\"item\":\"https:\/\/rxr.clereb-siteclient.fr\/boutique-officielle\/\"},{\"@type\":\"ListItem\",\"position\":3,\"name\":\"RX-02\"}]},{\"@type\":\"WebSite\",\"@id\":\"https:\/\/rxr.clereb-siteclient.fr\/es\/#website\",\"url\":\"https:\/\/rxr.clereb-siteclient.fr\/es\/\",\"name\":\"RXR Protect\",\"description\":\"Pare pierre et protection gonflable pour le motocross, le VTT et tous les sports extr\u00eames.\",\"publisher\":{\"@id\":\"https:\/\/rxr.clereb-siteclient.fr\/es\/#organization\"},\"alternateName\":\"RXR\",\"potentialAction\":[{\"@type\":\"SearchAction\",\"target\":{\"@type\":\"EntryPoint\",\"urlTemplate\":\"https:\/\/rxr.clereb-siteclient.fr\/es\/?s={search_term_string}\"},\"query-input\":{\"@type\":\"PropertyValueSpecification\",\"valueRequired\":true,\"valueName\":\"search_term_string\"}}],\"inLanguage\":\"es\"},{\"@type\":\"Organization\",\"@id\":\"https:\/\/rxr.clereb-siteclient.fr\/es\/#organization\",\"name\":\"RXR Protect\",\"alternateName\":\"RXR\",\"url\":\"https:\/\/rxr.clereb-siteclient.fr\/es\/\",\"logo\":{\"@type\":\"ImageObject\",\"inLanguage\":\"es\",\"@id\":\"https:\/\/rxr.clereb-siteclient.fr\/es\/#\/schema\/logo\/image\/\",\"url\":\"https:\/\/rxr.clereb-siteclient.fr\/wp-content\/uploads\/2023\/10\/RXR-Logo-Noir.png\",\"contentUrl\":\"https:\/\/rxr.clereb-siteclient.fr\/wp-content\/uploads\/2023\/10\/RXR-Logo-Noir.png\",\"width\":500,\"height\":104,\"caption\":\"RXR Protect\"},\"image\":{\"@id\":\"https:\/\/rxr.clereb-siteclient.fr\/es\/#\/schema\/logo\/image\/\"},\"sameAs\":[\"https:\/\/www.facebook.com\/rxrprotectcom\",\"https:\/\/www.instagram.com\/rxrprotect\/\",\"https:\/\/www.tiktok.com\/@rxrprotect.com\"],\"email\":\"info@rxrprotect.com\",\"telephone\":\"09 70 24 01 01\",\"legalName\":\"PRO SHOP RXR\",\"vatID\":\"FR05511897548\",\"taxID\":\"51189754800034\",\"numberOfEmployees\":{\"@type\":\"QuantitativeValue\",\"minValue\":\"1\",\"maxValue\":\"10\"},\"hasMerchantReturnPolicy\":{\"@type\":\"MerchantReturnPolicy\",\"merchantReturnLink\":\"https:\/\/rxr.clereb-siteclient.fr\/conditions-generales-de-vente\/\"}}]}<\/script>\n<meta property=\"product:price:amount\" content=\"79.00\" \/>\n<meta property=\"product:price:currency\" content=\"EUR\" \/>\n<meta property=\"og:availability\" content=\"instock\" \/>\n<meta property=\"product:availability\" content=\"instock\" \/>\n<meta property=\"product:condition\" content=\"new\" \/>\n<!-- \/ Yoast SEO Premium plugin. -->","yoast_head_json":{"title":"RX-02 la placa de trauma | RXR Protect","description":"Optimiza tu seguridad con la RX-02, la placa antitrauma que destaca por su avanzada tecnolog\u00eda. \u00a1No corras riesgos!","robots":{"index":"index","follow":"follow","max-snippet":"max-snippet:-1","max-image-preview":"max-image-preview:large","max-video-preview":"max-video-preview:-1"},"canonical":"https:\/\/rxr.clereb-siteclient.fr\/es\/official-store-es\/militar\/rx-02\/","og_locale":"es_ES","og_type":"article","og_title":"RX-02","og_description":"Optimiza tu seguridad con la RX-02, la placa antitrauma que destaca por su avanzada tecnolog\u00eda. \u00a1No corras riesgos!","og_url":"https:\/\/rxr.clereb-siteclient.fr\/es\/official-store-es\/militar\/rx-02\/","og_site_name":"RXR Protect","article_publisher":"https:\/\/www.facebook.com\/rxrprotectcom","article_modified_time":"2025-12-04T12:38:31+00:00","og_image":[{"width":1500,"height":1500,"url":"https:\/\/rxr.clereb-siteclient.fr\/wp-content\/uploads\/2023\/12\/RX02_1.jpg","type":"image\/jpeg"}],"twitter_card":"summary_large_image","schema":{"@context":"https:\/\/schema.org","@graph":[{"@type":"WebPage","@id":"https:\/\/rxr.clereb-siteclient.fr\/es\/official-store-es\/militar\/rx-02\/","url":"https:\/\/rxr.clereb-siteclient.fr\/es\/official-store-es\/militar\/rx-02\/","name":"RX-02 la placa de trauma | RXR Protect","isPartOf":{"@id":"https:\/\/rxr.clereb-siteclient.fr\/es\/#website"},"primaryImageOfPage":{"@id":"https:\/\/rxr.clereb-siteclient.fr\/es\/official-store-es\/militar\/rx-02\/#primaryimage"},"image":{"@id":"https:\/\/rxr.clereb-siteclient.fr\/es\/official-store-es\/militar\/rx-02\/#primaryimage"},"thumbnailUrl":"https:\/\/rxr.clereb-siteclient.fr\/wp-content\/uploads\/2023\/12\/RX02_1.jpg","datePublished":"2023-12-21T14:54:04+00:00","dateModified":"2025-12-04T12:38:31+00:00","description":"Optimiza tu seguridad con la RX-02, la placa antitrauma que destaca por su avanzada tecnolog\u00eda. \u00a1No corras riesgos!","breadcrumb":{"@id":"https:\/\/rxr.clereb-siteclient.fr\/es\/official-store-es\/militar\/rx-02\/#breadcrumb"},"inLanguage":"es","potentialAction":[{"@type":"ReadAction","target":["https:\/\/rxr.clereb-siteclient.fr\/es\/official-store-es\/militar\/rx-02\/"]}]},{"@type":"ImageObject","inLanguage":"es","@id":"https:\/\/rxr.clereb-siteclient.fr\/es\/official-store-es\/militar\/rx-02\/#primaryimage","url":"https:\/\/rxr.clereb-siteclient.fr\/wp-content\/uploads\/2023\/12\/RX02_1.jpg","contentUrl":"https:\/\/rxr.clereb-siteclient.fr\/wp-content\/uploads\/2023\/12\/RX02_1.jpg","width":1500,"height":1500,"caption":"placa antitrauma protecci\u00f3n bal\u00edstica"},{"@type":"BreadcrumbList","@id":"https:\/\/rxr.clereb-siteclient.fr\/es\/official-store-es\/militar\/rx-02\/#breadcrumb","itemListElement":[{"@type":"ListItem","position":1,"name":"Accueil","item":"https:\/\/rxr.clereb-siteclient.fr\/es\/inicio\/"},{"@type":"ListItem","position":2,"name":"Official store","item":"https:\/\/rxr.clereb-siteclient.fr\/boutique-officielle\/"},{"@type":"ListItem","position":3,"name":"RX-02"}]},{"@type":"WebSite","@id":"https:\/\/rxr.clereb-siteclient.fr\/es\/#website","url":"https:\/\/rxr.clereb-siteclient.fr\/es\/","name":"RXR Protect","description":"Pare pierre et protection gonflable pour le motocross, le VTT et tous les sports extr\u00eames.","publisher":{"@id":"https:\/\/rxr.clereb-siteclient.fr\/es\/#organization"},"alternateName":"RXR","potentialAction":[{"@type":"SearchAction","target":{"@type":"EntryPoint","urlTemplate":"https:\/\/rxr.clereb-siteclient.fr\/es\/?s={search_term_string}"},"query-input":{"@type":"PropertyValueSpecification","valueRequired":true,"valueName":"search_term_string"}}],"inLanguage":"es"},{"@type":"Organization","@id":"https:\/\/rxr.clereb-siteclient.fr\/es\/#organization","name":"RXR Protect","alternateName":"RXR","url":"https:\/\/rxr.clereb-siteclient.fr\/es\/","logo":{"@type":"ImageObject","inLanguage":"es","@id":"https:\/\/rxr.clereb-siteclient.fr\/es\/#\/schema\/logo\/image\/","url":"https:\/\/rxr.clereb-siteclient.fr\/wp-content\/uploads\/2023\/10\/RXR-Logo-Noir.png","contentUrl":"https:\/\/rxr.clereb-siteclient.fr\/wp-content\/uploads\/2023\/10\/RXR-Logo-Noir.png","width":500,"height":104,"caption":"RXR Protect"},"image":{"@id":"https:\/\/rxr.clereb-siteclient.fr\/es\/#\/schema\/logo\/image\/"},"sameAs":["https:\/\/www.facebook.com\/rxrprotectcom","https:\/\/www.instagram.com\/rxrprotect\/","https:\/\/www.tiktok.com\/@rxrprotect.com"],"email":"info@rxrprotect.com","telephone":"09 70 24 01 01","legalName":"PRO SHOP RXR","vatID":"FR05511897548","taxID":"51189754800034","numberOfEmployees":{"@type":"QuantitativeValue","minValue":"1","maxValue":"10"},"hasMerchantReturnPolicy":{"@type":"MerchantReturnPolicy","merchantReturnLink":"https:\/\/rxr.clereb-siteclient.fr\/conditions-generales-de-vente\/"}}]},"product_price_amount":"79.00","product_price_currency":"EUR","og_availability":"instock","product_availability":"instock","product_condition":"new"},"_links":{"self":[{"href":"https:\/\/rxr.clereb-siteclient.fr\/es\/wp-json\/wp\/v2\/product\/22850","targetHints":{"allow":["GET"]}}],"collection":[{"href":"https:\/\/rxr.clereb-siteclient.fr\/es\/wp-json\/wp\/v2\/product"}],"about":[{"href":"https:\/\/rxr.clereb-siteclient.fr\/es\/wp-json\/wp\/v2\/types\/product"}],"version-history":[{"count":0,"href":"https:\/\/rxr.clereb-siteclient.fr\/es\/wp-json\/wp\/v2\/product\/22850\/revisions"}],"wp:featuredmedia":[{"embeddable":true,"href":"https:\/\/rxr.clereb-siteclient.fr\/es\/wp-json\/wp\/v2\/media\/22854"}],"wp:attachment":[{"href":"https:\/\/rxr.clereb-siteclient.fr\/es\/wp-json\/wp\/v2\/media?parent=22850"}],"wp:term":[{"taxonomy":"product_brand","embeddable":true,"href":"https:\/\/rxr.clereb-siteclient.fr\/es\/wp-json\/wp\/v2\/product_brand?post=22850"},{"taxonomy":"product_cat","embeddable":true,"href":"https:\/\/rxr.clereb-siteclient.fr\/es\/wp-json\/wp\/v2\/product_cat?post=22850"},{"taxonomy":"product_tag","embeddable":true,"href":"https:\/\/rxr.clereb-siteclient.fr\/es\/wp-json\/wp\/v2\/product_tag?post=22850"}],"curies":[{"name":"wp","href":"https:\/\/api.w.org\/{rel}","templated":true}]}}