{"id":22016,"date":"2024-06-05T16:02:40","date_gmt":"2024-06-05T14:02:40","guid":{"rendered":"https:\/\/rxrprotect.com\/boutique\/sin%20categor\u00eda\/kit-de-decoracion-r-pro-anniversary-black\/"},"modified":"2026-01-22T12:01:59","modified_gmt":"2026-01-22T11:01:59","slug":"kit-de-decoracion-r-pro-anniversary-black","status":"publish","type":"product","link":"https:\/\/rxr.clereb-siteclient.fr\/es\/official-store-es\/kit-de-decoracion\/kit-de-decoracion-r-pro\/kit-de-decoracion-r-pro-anniversary-black\/","title":{"rendered":"Kit de decoraci\u00f3n R-Pro &#8211; Anniversary Black"},"content":{"rendered":"<h3><strong>Kits de decoraci\u00f3n RXR Protect<\/strong><\/h3>\n<p><strong>Fabricaci\u00f3n a medida y personalizaci\u00f3n<\/strong><br \/>\nLos kits de decoraci\u00f3n <strong>RXR Protect<\/strong> se fabrican directamente en nuestro taller mediante impresoras digitales, por lo que cada kit puede personalizarse para adaptarse a sus necesidades.<\/p>\n<hr>\n<h3><strong>Calidad del vinilo<\/strong><\/h3>\n<p>El vinilo utilizado en nuestros kits de decoraci\u00f3n cuenta con <strong>tecnolog\u00eda de microesferas<\/strong> para una instalaci\u00f3n f\u00e1cil y sin burbujas. Tambi\u00e9n cuenta con un pegamento <strong>extrafuerte<\/strong> para una adherencia \u00f3ptima. <\/p>\n<hr>\n<h3><strong>Protecci\u00f3n reforzada<\/strong><\/h3>\n<p>Para garantizar una larga vida \u00fatil, se aplica una<strong> pel\u00edcula protectora transparente<\/strong> que ofrece una excelente resistencia a los golpes y ara\u00f1azos.<\/p>\n<hr>\n<h3><strong>Consejos de instalaci\u00f3n<\/strong><\/h3>\n<ol>\n<li><strong>Desengrase a fondo<\/strong> la superficie de su producto antes de aplicar el kit deco.<\/li>\n<li>Una vez aplicada la pegatina, <strong>activa la adhesi\u00f3n<\/strong> con un secador de pelo (cuidado con el calor, <strong>evita utilizar una pistola de calor<\/strong>).<\/li>\n<li><strong>Espere 20 minutos<\/strong> para que el adhesivo se fije y garantice una adherencia perfecta.<\/li>\n<\/ol>\n<hr>\n<h3><strong>Listo para usar<\/strong><\/h3>\n<p>Su chaleco ya est\u00e1 listo para ser utilizado en todas las condiciones. Aprovecha su personalizaci\u00f3n y su protecci\u00f3n reforzada para tus actividades deportivas. <\/p>\n","protected":false},"excerpt":{"rendered":"<p>Kits de decoraci\u00f3n RXR Protect Fabricaci\u00f3n a medida y personalizaci\u00f3n Los kits de decoraci\u00f3n RXR Protect se fabrican directamente en nuestro taller mediante impresoras digitales, por lo que cada kit puede personalizarse para adaptarse a sus necesidades. Calidad del vinilo El vinilo utilizado en nuestros kits de decoraci\u00f3n cuenta con tecnolog\u00eda de microesferas para una [&hellip;]<\/p>\n","protected":false},"featured_media":26497,"template":"","meta":{"_acf_changed":false},"product_brand":[],"product_cat":[571,574],"product_tag":[],"class_list":{"0":"post-22016","1":"product","2":"type-product","3":"status-publish","4":"has-post-thumbnail","6":"product_cat-kit-de-decoracion","7":"product_cat-kit-de-decoracion-r-pro","9":"first","10":"instock","11":"taxable","12":"shipping-taxable","13":"purchasable","14":"product-type-variable"},"acf":[],"yoast_head":"<!-- This site is optimized with the Yoast SEO Premium plugin v25.1 (Yoast SEO v26.7) - https:\/\/yoast.com\/wordpress\/plugins\/seo\/ -->\n<title>Kit de decoraci\u00f3n R-Pro - Anniversary Black | RXR Protect<\/title>\n<meta name=\"robots\" content=\"index, follow, max-snippet:-1, max-image-preview:large, max-video-preview:-1\" \/>\n<link rel=\"canonical\" href=\"https:\/\/rxr.clereb-siteclient.fr\/es\/official-store-es\/kit-de-decoracion\/kit-de-decoracion-r-pro\/kit-de-decoracion-r-pro-anniversary-black\/\" \/>\n<meta property=\"og:locale\" content=\"es_ES\" \/>\n<meta property=\"og:type\" content=\"article\" \/>\n<meta property=\"og:title\" content=\"Kit de decoraci\u00f3n R-Pro - Anniversary Black\" \/>\n<meta property=\"og:description\" content=\"Kits de decoraci\u00f3n RXR Protect Fabricaci\u00f3n a medida y personalizaci\u00f3n Los kits de decoraci\u00f3n RXR Protect se fabrican directamente en nuestro taller mediante impresoras digitales, por lo que cada kit puede personalizarse para adaptarse a sus necesidades. Calidad del vinilo El vinilo utilizado en nuestros kits de decoraci\u00f3n cuenta con tecnolog\u00eda de microesferas para una [&hellip;]\" \/>\n<meta property=\"og:url\" content=\"https:\/\/rxr.clereb-siteclient.fr\/es\/official-store-es\/kit-de-decoracion\/kit-de-decoracion-r-pro\/kit-de-decoracion-r-pro-anniversary-black\/\" \/>\n<meta property=\"og:site_name\" content=\"RXR Protect\" \/>\n<meta property=\"article:publisher\" content=\"https:\/\/www.facebook.com\/rxrprotectcom\" \/>\n<meta property=\"article:modified_time\" content=\"2026-01-22T11:01:59+00:00\" \/>\n<meta property=\"og:image\" content=\"https:\/\/rxr.clereb-siteclient.fr\/wp-content\/uploads\/2024\/06\/RPRO_anniversary-black_1FLOU-1.jpg\" \/>\n\t<meta property=\"og:image:width\" content=\"1500\" \/>\n\t<meta property=\"og:image:height\" content=\"1500\" \/>\n\t<meta property=\"og:image:type\" content=\"image\/jpeg\" \/>\n<meta name=\"twitter:card\" content=\"summary_large_image\" \/>\n<script type=\"application\/ld+json\" class=\"yoast-schema-graph\">{\"@context\":\"https:\/\/schema.org\",\"@graph\":[{\"@type\":\"WebPage\",\"@id\":\"https:\/\/rxr.clereb-siteclient.fr\/es\/official-store-es\/kit-de-decoracion\/kit-de-decoracion-r-pro\/kit-de-decoracion-r-pro-anniversary-black\/\",\"url\":\"https:\/\/rxr.clereb-siteclient.fr\/es\/official-store-es\/kit-de-decoracion\/kit-de-decoracion-r-pro\/kit-de-decoracion-r-pro-anniversary-black\/\",\"name\":\"Kit de decoraci\u00f3n R-Pro - Anniversary Black | RXR Protect\",\"isPartOf\":{\"@id\":\"https:\/\/rxr.clereb-siteclient.fr\/es\/#website\"},\"primaryImageOfPage\":{\"@id\":\"https:\/\/rxr.clereb-siteclient.fr\/es\/official-store-es\/kit-de-decoracion\/kit-de-decoracion-r-pro\/kit-de-decoracion-r-pro-anniversary-black\/#primaryimage\"},\"image\":{\"@id\":\"https:\/\/rxr.clereb-siteclient.fr\/es\/official-store-es\/kit-de-decoracion\/kit-de-decoracion-r-pro\/kit-de-decoracion-r-pro-anniversary-black\/#primaryimage\"},\"thumbnailUrl\":\"https:\/\/rxr.clereb-siteclient.fr\/wp-content\/uploads\/2024\/06\/RPRO_anniversary-black_1FLOU-1.jpg\",\"datePublished\":\"2024-06-05T14:02:40+00:00\",\"dateModified\":\"2026-01-22T11:01:59+00:00\",\"breadcrumb\":{\"@id\":\"https:\/\/rxr.clereb-siteclient.fr\/es\/official-store-es\/kit-de-decoracion\/kit-de-decoracion-r-pro\/kit-de-decoracion-r-pro-anniversary-black\/#breadcrumb\"},\"inLanguage\":\"es\",\"potentialAction\":[{\"@type\":\"ReadAction\",\"target\":[\"https:\/\/rxr.clereb-siteclient.fr\/es\/official-store-es\/kit-de-decoracion\/kit-de-decoracion-r-pro\/kit-de-decoracion-r-pro-anniversary-black\/\"]}]},{\"@type\":\"ImageObject\",\"inLanguage\":\"es\",\"@id\":\"https:\/\/rxr.clereb-siteclient.fr\/es\/official-store-es\/kit-de-decoracion\/kit-de-decoracion-r-pro\/kit-de-decoracion-r-pro-anniversary-black\/#primaryimage\",\"url\":\"https:\/\/rxr.clereb-siteclient.fr\/wp-content\/uploads\/2024\/06\/RPRO_anniversary-black_1FLOU-1.jpg\",\"contentUrl\":\"https:\/\/rxr.clereb-siteclient.fr\/wp-content\/uploads\/2024\/06\/RPRO_anniversary-black_1FLOU-1.jpg\",\"width\":1500,\"height\":1500},{\"@type\":\"BreadcrumbList\",\"@id\":\"https:\/\/rxr.clereb-siteclient.fr\/es\/official-store-es\/kit-de-decoracion\/kit-de-decoracion-r-pro\/kit-de-decoracion-r-pro-anniversary-black\/#breadcrumb\",\"itemListElement\":[{\"@type\":\"ListItem\",\"position\":1,\"name\":\"Accueil\",\"item\":\"https:\/\/rxr.clereb-siteclient.fr\/es\/inicio\/\"},{\"@type\":\"ListItem\",\"position\":2,\"name\":\"Official store\",\"item\":\"https:\/\/rxr.clereb-siteclient.fr\/boutique-officielle\/\"},{\"@type\":\"ListItem\",\"position\":3,\"name\":\"Kit de decoraci\u00f3n R-Pro &#8211; Anniversary Black\"}]},{\"@type\":\"WebSite\",\"@id\":\"https:\/\/rxr.clereb-siteclient.fr\/es\/#website\",\"url\":\"https:\/\/rxr.clereb-siteclient.fr\/es\/\",\"name\":\"RXR Protect\",\"description\":\"Pare pierre et protection gonflable pour le motocross, le VTT et tous les sports extr\u00eames.\",\"publisher\":{\"@id\":\"https:\/\/rxr.clereb-siteclient.fr\/es\/#organization\"},\"alternateName\":\"RXR\",\"potentialAction\":[{\"@type\":\"SearchAction\",\"target\":{\"@type\":\"EntryPoint\",\"urlTemplate\":\"https:\/\/rxr.clereb-siteclient.fr\/es\/?s={search_term_string}\"},\"query-input\":{\"@type\":\"PropertyValueSpecification\",\"valueRequired\":true,\"valueName\":\"search_term_string\"}}],\"inLanguage\":\"es\"},{\"@type\":\"Organization\",\"@id\":\"https:\/\/rxr.clereb-siteclient.fr\/es\/#organization\",\"name\":\"RXR Protect\",\"alternateName\":\"RXR\",\"url\":\"https:\/\/rxr.clereb-siteclient.fr\/es\/\",\"logo\":{\"@type\":\"ImageObject\",\"inLanguage\":\"es\",\"@id\":\"https:\/\/rxr.clereb-siteclient.fr\/es\/#\/schema\/logo\/image\/\",\"url\":\"https:\/\/rxr.clereb-siteclient.fr\/wp-content\/uploads\/2023\/10\/RXR-Logo-Noir.png\",\"contentUrl\":\"https:\/\/rxr.clereb-siteclient.fr\/wp-content\/uploads\/2023\/10\/RXR-Logo-Noir.png\",\"width\":500,\"height\":104,\"caption\":\"RXR Protect\"},\"image\":{\"@id\":\"https:\/\/rxr.clereb-siteclient.fr\/es\/#\/schema\/logo\/image\/\"},\"sameAs\":[\"https:\/\/www.facebook.com\/rxrprotectcom\",\"https:\/\/www.instagram.com\/rxrprotect\/\",\"https:\/\/www.tiktok.com\/@rxrprotect.com\"],\"email\":\"info@rxrprotect.com\",\"telephone\":\"09 70 24 01 01\",\"legalName\":\"PRO SHOP RXR\",\"vatID\":\"FR05511897548\",\"taxID\":\"51189754800034\",\"numberOfEmployees\":{\"@type\":\"QuantitativeValue\",\"minValue\":\"1\",\"maxValue\":\"10\"},\"hasMerchantReturnPolicy\":{\"@type\":\"MerchantReturnPolicy\",\"merchantReturnLink\":\"https:\/\/rxr.clereb-siteclient.fr\/conditions-generales-de-vente\/\"}}]}<\/script>\n<meta property=\"og:availability\" content=\"instock\" \/>\n<meta property=\"product:availability\" content=\"instock\" \/>\n<meta property=\"product:condition\" content=\"new\" \/>\n<!-- \/ Yoast SEO Premium plugin. -->","yoast_head_json":{"title":"Kit de decoraci\u00f3n R-Pro - Anniversary Black | RXR Protect","robots":{"index":"index","follow":"follow","max-snippet":"max-snippet:-1","max-image-preview":"max-image-preview:large","max-video-preview":"max-video-preview:-1"},"canonical":"https:\/\/rxr.clereb-siteclient.fr\/es\/official-store-es\/kit-de-decoracion\/kit-de-decoracion-r-pro\/kit-de-decoracion-r-pro-anniversary-black\/","og_locale":"es_ES","og_type":"article","og_title":"Kit de decoraci\u00f3n R-Pro - Anniversary Black","og_description":"Kits de decoraci\u00f3n RXR Protect Fabricaci\u00f3n a medida y personalizaci\u00f3n Los kits de decoraci\u00f3n RXR Protect se fabrican directamente en nuestro taller mediante impresoras digitales, por lo que cada kit puede personalizarse para adaptarse a sus necesidades. Calidad del vinilo El vinilo utilizado en nuestros kits de decoraci\u00f3n cuenta con tecnolog\u00eda de microesferas para una [&hellip;]","og_url":"https:\/\/rxr.clereb-siteclient.fr\/es\/official-store-es\/kit-de-decoracion\/kit-de-decoracion-r-pro\/kit-de-decoracion-r-pro-anniversary-black\/","og_site_name":"RXR Protect","article_publisher":"https:\/\/www.facebook.com\/rxrprotectcom","article_modified_time":"2026-01-22T11:01:59+00:00","og_image":[{"width":1500,"height":1500,"url":"https:\/\/rxr.clereb-siteclient.fr\/wp-content\/uploads\/2024\/06\/RPRO_anniversary-black_1FLOU-1.jpg","type":"image\/jpeg"}],"twitter_card":"summary_large_image","schema":{"@context":"https:\/\/schema.org","@graph":[{"@type":"WebPage","@id":"https:\/\/rxr.clereb-siteclient.fr\/es\/official-store-es\/kit-de-decoracion\/kit-de-decoracion-r-pro\/kit-de-decoracion-r-pro-anniversary-black\/","url":"https:\/\/rxr.clereb-siteclient.fr\/es\/official-store-es\/kit-de-decoracion\/kit-de-decoracion-r-pro\/kit-de-decoracion-r-pro-anniversary-black\/","name":"Kit de decoraci\u00f3n R-Pro - Anniversary Black | RXR Protect","isPartOf":{"@id":"https:\/\/rxr.clereb-siteclient.fr\/es\/#website"},"primaryImageOfPage":{"@id":"https:\/\/rxr.clereb-siteclient.fr\/es\/official-store-es\/kit-de-decoracion\/kit-de-decoracion-r-pro\/kit-de-decoracion-r-pro-anniversary-black\/#primaryimage"},"image":{"@id":"https:\/\/rxr.clereb-siteclient.fr\/es\/official-store-es\/kit-de-decoracion\/kit-de-decoracion-r-pro\/kit-de-decoracion-r-pro-anniversary-black\/#primaryimage"},"thumbnailUrl":"https:\/\/rxr.clereb-siteclient.fr\/wp-content\/uploads\/2024\/06\/RPRO_anniversary-black_1FLOU-1.jpg","datePublished":"2024-06-05T14:02:40+00:00","dateModified":"2026-01-22T11:01:59+00:00","breadcrumb":{"@id":"https:\/\/rxr.clereb-siteclient.fr\/es\/official-store-es\/kit-de-decoracion\/kit-de-decoracion-r-pro\/kit-de-decoracion-r-pro-anniversary-black\/#breadcrumb"},"inLanguage":"es","potentialAction":[{"@type":"ReadAction","target":["https:\/\/rxr.clereb-siteclient.fr\/es\/official-store-es\/kit-de-decoracion\/kit-de-decoracion-r-pro\/kit-de-decoracion-r-pro-anniversary-black\/"]}]},{"@type":"ImageObject","inLanguage":"es","@id":"https:\/\/rxr.clereb-siteclient.fr\/es\/official-store-es\/kit-de-decoracion\/kit-de-decoracion-r-pro\/kit-de-decoracion-r-pro-anniversary-black\/#primaryimage","url":"https:\/\/rxr.clereb-siteclient.fr\/wp-content\/uploads\/2024\/06\/RPRO_anniversary-black_1FLOU-1.jpg","contentUrl":"https:\/\/rxr.clereb-siteclient.fr\/wp-content\/uploads\/2024\/06\/RPRO_anniversary-black_1FLOU-1.jpg","width":1500,"height":1500},{"@type":"BreadcrumbList","@id":"https:\/\/rxr.clereb-siteclient.fr\/es\/official-store-es\/kit-de-decoracion\/kit-de-decoracion-r-pro\/kit-de-decoracion-r-pro-anniversary-black\/#breadcrumb","itemListElement":[{"@type":"ListItem","position":1,"name":"Accueil","item":"https:\/\/rxr.clereb-siteclient.fr\/es\/inicio\/"},{"@type":"ListItem","position":2,"name":"Official store","item":"https:\/\/rxr.clereb-siteclient.fr\/boutique-officielle\/"},{"@type":"ListItem","position":3,"name":"Kit de decoraci\u00f3n R-Pro &#8211; Anniversary Black"}]},{"@type":"WebSite","@id":"https:\/\/rxr.clereb-siteclient.fr\/es\/#website","url":"https:\/\/rxr.clereb-siteclient.fr\/es\/","name":"RXR Protect","description":"Pare pierre et protection gonflable pour le motocross, le VTT et tous les sports extr\u00eames.","publisher":{"@id":"https:\/\/rxr.clereb-siteclient.fr\/es\/#organization"},"alternateName":"RXR","potentialAction":[{"@type":"SearchAction","target":{"@type":"EntryPoint","urlTemplate":"https:\/\/rxr.clereb-siteclient.fr\/es\/?s={search_term_string}"},"query-input":{"@type":"PropertyValueSpecification","valueRequired":true,"valueName":"search_term_string"}}],"inLanguage":"es"},{"@type":"Organization","@id":"https:\/\/rxr.clereb-siteclient.fr\/es\/#organization","name":"RXR Protect","alternateName":"RXR","url":"https:\/\/rxr.clereb-siteclient.fr\/es\/","logo":{"@type":"ImageObject","inLanguage":"es","@id":"https:\/\/rxr.clereb-siteclient.fr\/es\/#\/schema\/logo\/image\/","url":"https:\/\/rxr.clereb-siteclient.fr\/wp-content\/uploads\/2023\/10\/RXR-Logo-Noir.png","contentUrl":"https:\/\/rxr.clereb-siteclient.fr\/wp-content\/uploads\/2023\/10\/RXR-Logo-Noir.png","width":500,"height":104,"caption":"RXR Protect"},"image":{"@id":"https:\/\/rxr.clereb-siteclient.fr\/es\/#\/schema\/logo\/image\/"},"sameAs":["https:\/\/www.facebook.com\/rxrprotectcom","https:\/\/www.instagram.com\/rxrprotect\/","https:\/\/www.tiktok.com\/@rxrprotect.com"],"email":"info@rxrprotect.com","telephone":"09 70 24 01 01","legalName":"PRO SHOP RXR","vatID":"FR05511897548","taxID":"51189754800034","numberOfEmployees":{"@type":"QuantitativeValue","minValue":"1","maxValue":"10"},"hasMerchantReturnPolicy":{"@type":"MerchantReturnPolicy","merchantReturnLink":"https:\/\/rxr.clereb-siteclient.fr\/conditions-generales-de-vente\/"}}]},"og_availability":"instock","product_availability":"instock","product_condition":"new"},"_links":{"self":[{"href":"https:\/\/rxr.clereb-siteclient.fr\/es\/wp-json\/wp\/v2\/product\/22016","targetHints":{"allow":["GET"]}}],"collection":[{"href":"https:\/\/rxr.clereb-siteclient.fr\/es\/wp-json\/wp\/v2\/product"}],"about":[{"href":"https:\/\/rxr.clereb-siteclient.fr\/es\/wp-json\/wp\/v2\/types\/product"}],"version-history":[{"count":0,"href":"https:\/\/rxr.clereb-siteclient.fr\/es\/wp-json\/wp\/v2\/product\/22016\/revisions"}],"wp:featuredmedia":[{"embeddable":true,"href":"https:\/\/rxr.clereb-siteclient.fr\/es\/wp-json\/wp\/v2\/media\/26497"}],"wp:attachment":[{"href":"https:\/\/rxr.clereb-siteclient.fr\/es\/wp-json\/wp\/v2\/media?parent=22016"}],"wp:term":[{"taxonomy":"product_brand","embeddable":true,"href":"https:\/\/rxr.clereb-siteclient.fr\/es\/wp-json\/wp\/v2\/product_brand?post=22016"},{"taxonomy":"product_cat","embeddable":true,"href":"https:\/\/rxr.clereb-siteclient.fr\/es\/wp-json\/wp\/v2\/product_cat?post=22016"},{"taxonomy":"product_tag","embeddable":true,"href":"https:\/\/rxr.clereb-siteclient.fr\/es\/wp-json\/wp\/v2\/product_tag?post=22016"}],"curies":[{"name":"wp","href":"https:\/\/api.w.org\/{rel}","templated":true}]}}