{"id":20479,"date":"2023-10-13T17:22:35","date_gmt":"2023-10-13T15:22:35","guid":{"rendered":"https:\/\/rxrprotect.com\/boutique\/sin%20categor\u00eda\/r-pro-blackb\/"},"modified":"2025-12-04T00:02:26","modified_gmt":"2025-12-03T23:02:26","slug":"peto-motocross-r-pro-blackb","status":"publish","type":"product","link":"https:\/\/rxr.clereb-siteclient.fr\/es\/official-store-es\/chaleco-de-proteccion\/r-pro-es\/peto-motocross-r-pro-blackb\/","title":{"rendered":"R-Pro &#8211; BlackB"},"content":{"rendered":"<p>Gracias a la tecnolog\u00eda <strong data-start=\"576\" data-end=\"608\">ASA 3.0 (Air Shock Absorber)<\/strong>, el R-Pro est\u00e1 equipado con un coj\u00edn de aire siempre inflado que act\u00faa como un aut\u00e9ntico airbag sin activaci\u00f3n. La protezione \u00e8 immediata, costante e controllata. Este sistema autoinflable, reutilizable y sin mantenimiento complejo, ahora incorpora un chip <strong data-start=\"869\" data-end=\"876\">NFC<\/strong> que permite realizar un <strong data-start=\"891\" data-end=\"926\">seguimiento preciso de la vida \u00fatil<\/strong> de sus cojines a trav\u00e9s de su smartphone.<\/p>\n<p>Este desarrollo simplifica el uso de nuestros productos y mejora sus prestaciones. Recibe su chaleco listo para usar durante 24 meses. <\/p>\n<p>El chaleco protector para moto R-Pro incorpora los \u00faltimos avances tecnol\u00f3gicos de nuestra divisi\u00f3n militar. Ofrece un compromiso \u00f3ptimo entre volumen m\u00ednimo y m\u00e1xima protecci\u00f3n. <\/p>\n<p>El R-Pro incluye :<\/p>\n<ul>\n<li>Un armaz\u00f3n de espuma EVA termoformada para mayor comodidad y durabilidad.<\/li>\n<li>Un coj\u00edn de aire ASA 3.0 siempre inflado.<\/li>\n<li>Una carcasa de pl\u00e1stico blando distribuye los impactos sobre el coj\u00edn de aire.<\/li>\n<li>Protecci\u00f3n lateral desmontable (excepto para la talla infantil).<\/li>\n<li>Grosor m\u00e1ximo de 3 cm para utilizar debajo de la camiseta.<\/li>\n<\/ul>\n<p>Este chaleco protector es ce\u00f1ido, ultrafino, c\u00f3modo, flexible, resistente, ligero, ventilado y ergon\u00f3mico para su uso bajo la ropa.<\/p>\n<p>Nuestro R-Pro es adecuado para todos los pilotos y todas las situaciones: motocross, moto, bicicleta de monta\u00f1a o esqu\u00ed. Se puede personalizar con protectores de hombros y codos, un kit deco o un collar\u00edn. <\/p>\n","protected":false},"excerpt":{"rendered":"<p>Nuestro R-Pro es adecuado para todos los pilotos y todas las situaciones: motocross, moto, bicicleta de monta\u00f1a o esqu\u00ed. Este chaleco de protecci\u00f3n es ce\u00f1ido, ultrafino, c\u00f3modo, flexible, resistente, ligero, ventilado y ergon\u00f3mico para utilizarlo debajo de la ropa. <\/p>\n","protected":false},"featured_media":20480,"template":"","meta":{"_acf_changed":false},"product_brand":[],"product_cat":[590,593],"product_tag":[929],"class_list":{"0":"post-20479","1":"product","2":"type-product","3":"status-publish","4":"has-post-thumbnail","6":"product_cat-chaleco-de-proteccion","7":"product_cat-r-pro-es","8":"product_tag-r-pro-es","10":"first","11":"instock","12":"taxable","13":"shipping-taxable","14":"purchasable","15":"product-type-variable"},"acf":[],"yoast_head":"<!-- This site is optimized with the Yoast SEO Premium plugin v25.1 (Yoast SEO v26.7) - https:\/\/yoast.com\/wordpress\/plugins\/seo\/ -->\n<title>Chaleco protector de moto R-Pro | Protecci\u00f3n contra el aire RXR Protect<\/title>\n<meta name=\"description\" content=\"Descubre nuestra gama de chalecos protectores para moto, bicicleta de monta\u00f1a y equitaci\u00f3n, con una amplia selecci\u00f3n de productos personalizables, fabricados en Francia.\" \/>\n<meta name=\"robots\" content=\"index, follow, max-snippet:-1, max-image-preview:large, max-video-preview:-1\" \/>\n<link rel=\"canonical\" href=\"https:\/\/rxr.clereb-siteclient.fr\/es\/official-store-es\/chaleco-de-proteccion\/r-pro-es\/peto-motocross-r-pro-blackb\/\" \/>\n<meta property=\"og:locale\" content=\"es_ES\" \/>\n<meta property=\"og:type\" content=\"article\" \/>\n<meta property=\"og:title\" content=\"R-Pro - BlackB\" \/>\n<meta property=\"og:description\" content=\"Descubre nuestra gama de chalecos protectores para moto, bicicleta de monta\u00f1a y equitaci\u00f3n, con una amplia selecci\u00f3n de productos personalizables, fabricados en Francia.\" \/>\n<meta property=\"og:url\" content=\"https:\/\/rxr.clereb-siteclient.fr\/es\/official-store-es\/chaleco-de-proteccion\/r-pro-es\/peto-motocross-r-pro-blackb\/\" \/>\n<meta property=\"og:site_name\" content=\"RXR Protect\" \/>\n<meta property=\"article:publisher\" content=\"https:\/\/www.facebook.com\/rxrprotectcom\" \/>\n<meta property=\"article:modified_time\" content=\"2025-12-03T23:02:26+00:00\" \/>\n<meta property=\"og:image\" content=\"https:\/\/rxr.clereb-siteclient.fr\/wp-content\/uploads\/2023\/11\/RPRO-BlackB-4.jpg\" \/>\n\t<meta property=\"og:image:width\" content=\"1500\" \/>\n\t<meta property=\"og:image:height\" content=\"1500\" \/>\n\t<meta property=\"og:image:type\" content=\"image\/jpeg\" \/>\n<meta name=\"twitter:card\" content=\"summary_large_image\" \/>\n<script type=\"application\/ld+json\" class=\"yoast-schema-graph\">{\"@context\":\"https:\/\/schema.org\",\"@graph\":[{\"@type\":\"WebPage\",\"@id\":\"https:\/\/rxr.clereb-siteclient.fr\/es\/official-store-es\/chaleco-de-proteccion\/r-pro-es\/peto-motocross-r-pro-blackb\/\",\"url\":\"https:\/\/rxr.clereb-siteclient.fr\/es\/official-store-es\/chaleco-de-proteccion\/r-pro-es\/peto-motocross-r-pro-blackb\/\",\"name\":\"Chaleco protector de moto R-Pro | Protecci\u00f3n contra el aire RXR Protect\",\"isPartOf\":{\"@id\":\"https:\/\/rxr.clereb-siteclient.fr\/es\/#website\"},\"primaryImageOfPage\":{\"@id\":\"https:\/\/rxr.clereb-siteclient.fr\/es\/official-store-es\/chaleco-de-proteccion\/r-pro-es\/peto-motocross-r-pro-blackb\/#primaryimage\"},\"image\":{\"@id\":\"https:\/\/rxr.clereb-siteclient.fr\/es\/official-store-es\/chaleco-de-proteccion\/r-pro-es\/peto-motocross-r-pro-blackb\/#primaryimage\"},\"thumbnailUrl\":\"https:\/\/rxr.clereb-siteclient.fr\/wp-content\/uploads\/2023\/11\/RPRO-BlackB-4.jpg\",\"datePublished\":\"2023-10-13T15:22:35+00:00\",\"dateModified\":\"2025-12-03T23:02:26+00:00\",\"description\":\"Descubre nuestra gama de chalecos protectores para moto, bicicleta de monta\u00f1a y equitaci\u00f3n, con una amplia selecci\u00f3n de productos personalizables, fabricados en Francia.\",\"breadcrumb\":{\"@id\":\"https:\/\/rxr.clereb-siteclient.fr\/es\/official-store-es\/chaleco-de-proteccion\/r-pro-es\/peto-motocross-r-pro-blackb\/#breadcrumb\"},\"inLanguage\":\"es\",\"potentialAction\":[{\"@type\":\"ReadAction\",\"target\":[\"https:\/\/rxr.clereb-siteclient.fr\/es\/official-store-es\/chaleco-de-proteccion\/r-pro-es\/peto-motocross-r-pro-blackb\/\"]}]},{\"@type\":\"ImageObject\",\"inLanguage\":\"es\",\"@id\":\"https:\/\/rxr.clereb-siteclient.fr\/es\/official-store-es\/chaleco-de-proteccion\/r-pro-es\/peto-motocross-r-pro-blackb\/#primaryimage\",\"url\":\"https:\/\/rxr.clereb-siteclient.fr\/wp-content\/uploads\/2023\/11\/RPRO-BlackB-4.jpg\",\"contentUrl\":\"https:\/\/rxr.clereb-siteclient.fr\/wp-content\/uploads\/2023\/11\/RPRO-BlackB-4.jpg\",\"width\":1500,\"height\":1500,\"caption\":\"Chaleco de protecci\u00f3n R-Pro RXR Protect motocross moto bicicleta de monta\u00f1a mtb esqu\u00ed pilotaje\"},{\"@type\":\"BreadcrumbList\",\"@id\":\"https:\/\/rxr.clereb-siteclient.fr\/es\/official-store-es\/chaleco-de-proteccion\/r-pro-es\/peto-motocross-r-pro-blackb\/#breadcrumb\",\"itemListElement\":[{\"@type\":\"ListItem\",\"position\":1,\"name\":\"Accueil\",\"item\":\"https:\/\/rxr.clereb-siteclient.fr\/es\/inicio\/\"},{\"@type\":\"ListItem\",\"position\":2,\"name\":\"Official store\",\"item\":\"https:\/\/rxr.clereb-siteclient.fr\/boutique-officielle\/\"},{\"@type\":\"ListItem\",\"position\":3,\"name\":\"R-Pro &#8211; BlackB\"}]},{\"@type\":\"WebSite\",\"@id\":\"https:\/\/rxr.clereb-siteclient.fr\/es\/#website\",\"url\":\"https:\/\/rxr.clereb-siteclient.fr\/es\/\",\"name\":\"RXR Protect\",\"description\":\"Pare pierre et protection gonflable pour le motocross, le VTT et tous les sports extr\u00eames.\",\"publisher\":{\"@id\":\"https:\/\/rxr.clereb-siteclient.fr\/es\/#organization\"},\"alternateName\":\"RXR\",\"potentialAction\":[{\"@type\":\"SearchAction\",\"target\":{\"@type\":\"EntryPoint\",\"urlTemplate\":\"https:\/\/rxr.clereb-siteclient.fr\/es\/?s={search_term_string}\"},\"query-input\":{\"@type\":\"PropertyValueSpecification\",\"valueRequired\":true,\"valueName\":\"search_term_string\"}}],\"inLanguage\":\"es\"},{\"@type\":\"Organization\",\"@id\":\"https:\/\/rxr.clereb-siteclient.fr\/es\/#organization\",\"name\":\"RXR Protect\",\"alternateName\":\"RXR\",\"url\":\"https:\/\/rxr.clereb-siteclient.fr\/es\/\",\"logo\":{\"@type\":\"ImageObject\",\"inLanguage\":\"es\",\"@id\":\"https:\/\/rxr.clereb-siteclient.fr\/es\/#\/schema\/logo\/image\/\",\"url\":\"https:\/\/rxr.clereb-siteclient.fr\/wp-content\/uploads\/2023\/10\/RXR-Logo-Noir.png\",\"contentUrl\":\"https:\/\/rxr.clereb-siteclient.fr\/wp-content\/uploads\/2023\/10\/RXR-Logo-Noir.png\",\"width\":500,\"height\":104,\"caption\":\"RXR Protect\"},\"image\":{\"@id\":\"https:\/\/rxr.clereb-siteclient.fr\/es\/#\/schema\/logo\/image\/\"},\"sameAs\":[\"https:\/\/www.facebook.com\/rxrprotectcom\",\"https:\/\/www.instagram.com\/rxrprotect\/\",\"https:\/\/www.tiktok.com\/@rxrprotect.com\"],\"email\":\"info@rxrprotect.com\",\"telephone\":\"09 70 24 01 01\",\"legalName\":\"PRO SHOP RXR\",\"vatID\":\"FR05511897548\",\"taxID\":\"51189754800034\",\"numberOfEmployees\":{\"@type\":\"QuantitativeValue\",\"minValue\":\"1\",\"maxValue\":\"10\"},\"hasMerchantReturnPolicy\":{\"@type\":\"MerchantReturnPolicy\",\"merchantReturnLink\":\"https:\/\/rxr.clereb-siteclient.fr\/conditions-generales-de-vente\/\"}}]}<\/script>\n<meta property=\"og:availability\" content=\"instock\" \/>\n<meta property=\"product:availability\" content=\"instock\" \/>\n<meta property=\"product:condition\" content=\"new\" \/>\n<!-- \/ Yoast SEO Premium plugin. -->","yoast_head_json":{"title":"Chaleco protector de moto R-Pro | Protecci\u00f3n contra el aire RXR Protect","description":"Descubre nuestra gama de chalecos protectores para moto, bicicleta de monta\u00f1a y equitaci\u00f3n, con una amplia selecci\u00f3n de productos personalizables, fabricados en Francia.","robots":{"index":"index","follow":"follow","max-snippet":"max-snippet:-1","max-image-preview":"max-image-preview:large","max-video-preview":"max-video-preview:-1"},"canonical":"https:\/\/rxr.clereb-siteclient.fr\/es\/official-store-es\/chaleco-de-proteccion\/r-pro-es\/peto-motocross-r-pro-blackb\/","og_locale":"es_ES","og_type":"article","og_title":"R-Pro - BlackB","og_description":"Descubre nuestra gama de chalecos protectores para moto, bicicleta de monta\u00f1a y equitaci\u00f3n, con una amplia selecci\u00f3n de productos personalizables, fabricados en Francia.","og_url":"https:\/\/rxr.clereb-siteclient.fr\/es\/official-store-es\/chaleco-de-proteccion\/r-pro-es\/peto-motocross-r-pro-blackb\/","og_site_name":"RXR Protect","article_publisher":"https:\/\/www.facebook.com\/rxrprotectcom","article_modified_time":"2025-12-03T23:02:26+00:00","og_image":[{"width":1500,"height":1500,"url":"https:\/\/rxr.clereb-siteclient.fr\/wp-content\/uploads\/2023\/11\/RPRO-BlackB-4.jpg","type":"image\/jpeg"}],"twitter_card":"summary_large_image","schema":{"@context":"https:\/\/schema.org","@graph":[{"@type":"WebPage","@id":"https:\/\/rxr.clereb-siteclient.fr\/es\/official-store-es\/chaleco-de-proteccion\/r-pro-es\/peto-motocross-r-pro-blackb\/","url":"https:\/\/rxr.clereb-siteclient.fr\/es\/official-store-es\/chaleco-de-proteccion\/r-pro-es\/peto-motocross-r-pro-blackb\/","name":"Chaleco protector de moto R-Pro | Protecci\u00f3n contra el aire RXR Protect","isPartOf":{"@id":"https:\/\/rxr.clereb-siteclient.fr\/es\/#website"},"primaryImageOfPage":{"@id":"https:\/\/rxr.clereb-siteclient.fr\/es\/official-store-es\/chaleco-de-proteccion\/r-pro-es\/peto-motocross-r-pro-blackb\/#primaryimage"},"image":{"@id":"https:\/\/rxr.clereb-siteclient.fr\/es\/official-store-es\/chaleco-de-proteccion\/r-pro-es\/peto-motocross-r-pro-blackb\/#primaryimage"},"thumbnailUrl":"https:\/\/rxr.clereb-siteclient.fr\/wp-content\/uploads\/2023\/11\/RPRO-BlackB-4.jpg","datePublished":"2023-10-13T15:22:35+00:00","dateModified":"2025-12-03T23:02:26+00:00","description":"Descubre nuestra gama de chalecos protectores para moto, bicicleta de monta\u00f1a y equitaci\u00f3n, con una amplia selecci\u00f3n de productos personalizables, fabricados en Francia.","breadcrumb":{"@id":"https:\/\/rxr.clereb-siteclient.fr\/es\/official-store-es\/chaleco-de-proteccion\/r-pro-es\/peto-motocross-r-pro-blackb\/#breadcrumb"},"inLanguage":"es","potentialAction":[{"@type":"ReadAction","target":["https:\/\/rxr.clereb-siteclient.fr\/es\/official-store-es\/chaleco-de-proteccion\/r-pro-es\/peto-motocross-r-pro-blackb\/"]}]},{"@type":"ImageObject","inLanguage":"es","@id":"https:\/\/rxr.clereb-siteclient.fr\/es\/official-store-es\/chaleco-de-proteccion\/r-pro-es\/peto-motocross-r-pro-blackb\/#primaryimage","url":"https:\/\/rxr.clereb-siteclient.fr\/wp-content\/uploads\/2023\/11\/RPRO-BlackB-4.jpg","contentUrl":"https:\/\/rxr.clereb-siteclient.fr\/wp-content\/uploads\/2023\/11\/RPRO-BlackB-4.jpg","width":1500,"height":1500,"caption":"Chaleco de protecci\u00f3n R-Pro RXR Protect motocross moto bicicleta de monta\u00f1a mtb esqu\u00ed pilotaje"},{"@type":"BreadcrumbList","@id":"https:\/\/rxr.clereb-siteclient.fr\/es\/official-store-es\/chaleco-de-proteccion\/r-pro-es\/peto-motocross-r-pro-blackb\/#breadcrumb","itemListElement":[{"@type":"ListItem","position":1,"name":"Accueil","item":"https:\/\/rxr.clereb-siteclient.fr\/es\/inicio\/"},{"@type":"ListItem","position":2,"name":"Official store","item":"https:\/\/rxr.clereb-siteclient.fr\/boutique-officielle\/"},{"@type":"ListItem","position":3,"name":"R-Pro &#8211; BlackB"}]},{"@type":"WebSite","@id":"https:\/\/rxr.clereb-siteclient.fr\/es\/#website","url":"https:\/\/rxr.clereb-siteclient.fr\/es\/","name":"RXR Protect","description":"Pare pierre et protection gonflable pour le motocross, le VTT et tous les sports extr\u00eames.","publisher":{"@id":"https:\/\/rxr.clereb-siteclient.fr\/es\/#organization"},"alternateName":"RXR","potentialAction":[{"@type":"SearchAction","target":{"@type":"EntryPoint","urlTemplate":"https:\/\/rxr.clereb-siteclient.fr\/es\/?s={search_term_string}"},"query-input":{"@type":"PropertyValueSpecification","valueRequired":true,"valueName":"search_term_string"}}],"inLanguage":"es"},{"@type":"Organization","@id":"https:\/\/rxr.clereb-siteclient.fr\/es\/#organization","name":"RXR Protect","alternateName":"RXR","url":"https:\/\/rxr.clereb-siteclient.fr\/es\/","logo":{"@type":"ImageObject","inLanguage":"es","@id":"https:\/\/rxr.clereb-siteclient.fr\/es\/#\/schema\/logo\/image\/","url":"https:\/\/rxr.clereb-siteclient.fr\/wp-content\/uploads\/2023\/10\/RXR-Logo-Noir.png","contentUrl":"https:\/\/rxr.clereb-siteclient.fr\/wp-content\/uploads\/2023\/10\/RXR-Logo-Noir.png","width":500,"height":104,"caption":"RXR Protect"},"image":{"@id":"https:\/\/rxr.clereb-siteclient.fr\/es\/#\/schema\/logo\/image\/"},"sameAs":["https:\/\/www.facebook.com\/rxrprotectcom","https:\/\/www.instagram.com\/rxrprotect\/","https:\/\/www.tiktok.com\/@rxrprotect.com"],"email":"info@rxrprotect.com","telephone":"09 70 24 01 01","legalName":"PRO SHOP RXR","vatID":"FR05511897548","taxID":"51189754800034","numberOfEmployees":{"@type":"QuantitativeValue","minValue":"1","maxValue":"10"},"hasMerchantReturnPolicy":{"@type":"MerchantReturnPolicy","merchantReturnLink":"https:\/\/rxr.clereb-siteclient.fr\/conditions-generales-de-vente\/"}}]},"og_availability":"instock","product_availability":"instock","product_condition":"new"},"_links":{"self":[{"href":"https:\/\/rxr.clereb-siteclient.fr\/es\/wp-json\/wp\/v2\/product\/20479","targetHints":{"allow":["GET"]}}],"collection":[{"href":"https:\/\/rxr.clereb-siteclient.fr\/es\/wp-json\/wp\/v2\/product"}],"about":[{"href":"https:\/\/rxr.clereb-siteclient.fr\/es\/wp-json\/wp\/v2\/types\/product"}],"version-history":[{"count":0,"href":"https:\/\/rxr.clereb-siteclient.fr\/es\/wp-json\/wp\/v2\/product\/20479\/revisions"}],"wp:featuredmedia":[{"embeddable":true,"href":"https:\/\/rxr.clereb-siteclient.fr\/es\/wp-json\/wp\/v2\/media\/20480"}],"wp:attachment":[{"href":"https:\/\/rxr.clereb-siteclient.fr\/es\/wp-json\/wp\/v2\/media?parent=20479"}],"wp:term":[{"taxonomy":"product_brand","embeddable":true,"href":"https:\/\/rxr.clereb-siteclient.fr\/es\/wp-json\/wp\/v2\/product_brand?post=20479"},{"taxonomy":"product_cat","embeddable":true,"href":"https:\/\/rxr.clereb-siteclient.fr\/es\/wp-json\/wp\/v2\/product_cat?post=20479"},{"taxonomy":"product_tag","embeddable":true,"href":"https:\/\/rxr.clereb-siteclient.fr\/es\/wp-json\/wp\/v2\/product_tag?post=20479"}],"curies":[{"name":"wp","href":"https:\/\/api.w.org\/{rel}","templated":true}]}}