{"id":20275,"date":"2025-01-03T11:56:17","date_gmt":"2025-01-03T10:56:17","guid":{"rendered":"https:\/\/rxrprotect.com\/boutique\/sin%20categor\u00eda\/cyb-r-cr\/"},"modified":"2026-01-07T11:43:22","modified_gmt":"2026-01-07T10:43:22","slug":"cyb-r-cr","status":"publish","type":"product","link":"https:\/\/rxr.clereb-siteclient.fr\/es\/official-store-es\/chaleco-de-proteccion\/cyb-r-bullet-es\/cyb-r-cr\/","title":{"rendered":"Cyb-R &#8211; Cr"},"content":{"rendered":"<h3>Descubre nuestra Cyb-R<\/h3>\n<p>El chaleco protector Cyb-R, \u00a1nuestro chaleco protector m\u00e1s vendido! Respaldado por a\u00f1os de experiencia y rigurosas pruebas con nuestros pilotos profesionales, hemos obtenido numerosas victorias en las competiciones m\u00e1s importantes desde 2016. <\/p>\n<h3>Mejoras inspiradas en el dise\u00f1o industrial<\/h3>\n<p>Inspirados por la nueva tendencia Face Lift en dise\u00f1o industrial, nuestros equipos se plantearon una pregunta crucial: \u00bfC\u00f3mo podr\u00edamos mejorar el Bullet para ofrecer un salvapiedras de motocross a\u00fan mejor?<\/p>\n<h3>Mejoras realizadas<\/h3>\n<p>Hemos conseguido mejorar varios aspectos clave de nuestro producto:<\/p>\n<ul>\n<li>M\u00e1s ventilaci\u00f3n.<\/li>\n<li>Menos grosor.<\/li>\n<li>A\u00fan m\u00e1s rendimiento.<\/li>\n<\/ul>\n<h3>Presentamos Cyb-R: el chaleco protector del futuro<\/h3>\n<p>Estos pensamientos llevaron a la creaci\u00f3n de nuestro \u00faltimo producto: \u00a1el Cyb-R! Con un dise\u00f1o futurista y una visi\u00f3n innovadora de nuestra marca, te ofrecemos una soluci\u00f3n de <strong>protecci\u00f3n de alta gama<\/strong> que puedes utilizar en todas tus actividades de alto riesgo. <\/p>\n<h3>Tecnolog\u00eda punta para una protecci\u00f3n m\u00e1xima<\/h3>\n<p>El chaleco protector Cyb-R, equipado con nuestra tecnolog\u00eda A.S.A* (Air Shock Absorber, cojines de aire siempre inflados), ofrece una protecci\u00f3n para la moto hasta 5 veces m\u00e1s eficaz que los productos de pl\u00e1stico y\/o espuma.<\/p>\n<h3>Composici\u00f3n de Cyb-R<\/h3>\n<p>El Cyb-R consta de :<\/p>\n<ul>\n<li>Un chasis de espuma EVA termoformada para mejorar el confort y la durabilidad.<\/li>\n<li>Un coj\u00edn de aire ASA para una deformaci\u00f3n y absorci\u00f3n \u00f3ptimas.<\/li>\n<li>Una carcasa de pl\u00e1stico blando para distribuir los impactos sobre el coj\u00edn de aire.<\/li>\n<\/ul>\n<h3>Comodidad y flexibilidad<\/h3>\n<p>Este chaleco de protecci\u00f3n ofrece un ajuste ce\u00f1ido, c\u00f3modo, extremadamente flexible, resistente y ligero. Adem\u00e1s, es modular, por lo que puedes a\u00f1adir protecci\u00f3n para hombros y codos, un kit deco o un collar\u00edn. <\/p>\n<h3>Adaptabilidad y versatilidad<\/h3>\n<p>Nuestro Cyb-R es adecuado para todos los pilotos y todas las situaciones: motocross, moto, bicicleta de monta\u00f1a o esqu\u00ed. Con nuestro kit de correas, puedes convertir tu Cyb-R en un protector de espalda para una gama de usos a\u00fan m\u00e1s amplia. <\/p>\n","protected":false},"excerpt":{"rendered":"<p>Nuestro Cyb-R es adecuado para todos los pilotos y todas las situaciones: motocross, moto, bicicleta de monta\u00f1a o esqu\u00ed. Este chaleco protector se ajusta al cuerpo, es c\u00f3modo, extremadamente flexible, resistente y ligero. <\/p>\n","protected":false},"featured_media":20276,"template":"","meta":{"_acf_changed":false},"product_brand":[],"product_cat":[590,592],"product_tag":[782],"class_list":{"0":"post-20275","1":"product","2":"type-product","3":"status-publish","4":"has-post-thumbnail","6":"product_cat-chaleco-de-proteccion","7":"product_cat-cyb-r-bullet-es","8":"product_tag-avec-kit-deco-es","10":"first","11":"instock","12":"taxable","13":"shipping-taxable","14":"purchasable","15":"product-type-variable"},"acf":[],"yoast_head":"<!-- This site is optimized with the Yoast SEO Premium plugin v25.1 (Yoast SEO v26.7) - https:\/\/yoast.com\/wordpress\/plugins\/seo\/ -->\n<title>Chaleco protector Cyb-R - Cr | RXR Protect<\/title>\n<meta name=\"description\" content=\"\u00a1El chaleco protector con mejores prestaciones del mercado! Para protegerte en todos tus deportes favoritos, \u00a1elige el Cyb-R - Cr!\" \/>\n<meta name=\"robots\" content=\"index, follow, max-snippet:-1, max-image-preview:large, max-video-preview:-1\" \/>\n<link rel=\"canonical\" href=\"https:\/\/rxr.clereb-siteclient.fr\/es\/official-store-es\/chaleco-de-proteccion\/cyb-r-bullet-es\/cyb-r-cr\/\" \/>\n<meta property=\"og:locale\" content=\"es_ES\" \/>\n<meta property=\"og:type\" content=\"article\" \/>\n<meta property=\"og:title\" content=\"Cyb-R - Cr\" \/>\n<meta property=\"og:description\" content=\"\u00a1El chaleco protector con mejores prestaciones del mercado! Para protegerte en todos tus deportes favoritos, \u00a1elige el Cyb-R - Cr!\" \/>\n<meta property=\"og:url\" content=\"https:\/\/rxr.clereb-siteclient.fr\/es\/official-store-es\/chaleco-de-proteccion\/cyb-r-bullet-es\/cyb-r-cr\/\" \/>\n<meta property=\"og:site_name\" content=\"RXR Protect\" \/>\n<meta property=\"article:publisher\" content=\"https:\/\/www.facebook.com\/rxrprotectcom\" \/>\n<meta property=\"article:modified_time\" content=\"2026-01-07T10:43:22+00:00\" \/>\n<meta property=\"og:image\" content=\"https:\/\/rxr.clereb-siteclient.fr\/wp-content\/uploads\/2023\/11\/CYBR-HRC-3.jpg\" \/>\n\t<meta property=\"og:image:width\" content=\"1500\" \/>\n\t<meta property=\"og:image:height\" content=\"1500\" \/>\n\t<meta property=\"og:image:type\" content=\"image\/jpeg\" \/>\n<meta name=\"twitter:card\" content=\"summary_large_image\" \/>\n<script type=\"application\/ld+json\" class=\"yoast-schema-graph\">{\"@context\":\"https:\/\/schema.org\",\"@graph\":[{\"@type\":\"WebPage\",\"@id\":\"https:\/\/rxr.clereb-siteclient.fr\/es\/official-store-es\/chaleco-de-proteccion\/cyb-r-bullet-es\/cyb-r-cr\/\",\"url\":\"https:\/\/rxr.clereb-siteclient.fr\/es\/official-store-es\/chaleco-de-proteccion\/cyb-r-bullet-es\/cyb-r-cr\/\",\"name\":\"Chaleco protector Cyb-R - Cr | RXR Protect\",\"isPartOf\":{\"@id\":\"https:\/\/rxr.clereb-siteclient.fr\/es\/#website\"},\"primaryImageOfPage\":{\"@id\":\"https:\/\/rxr.clereb-siteclient.fr\/es\/official-store-es\/chaleco-de-proteccion\/cyb-r-bullet-es\/cyb-r-cr\/#primaryimage\"},\"image\":{\"@id\":\"https:\/\/rxr.clereb-siteclient.fr\/es\/official-store-es\/chaleco-de-proteccion\/cyb-r-bullet-es\/cyb-r-cr\/#primaryimage\"},\"thumbnailUrl\":\"https:\/\/rxr.clereb-siteclient.fr\/wp-content\/uploads\/2023\/11\/CYBR-HRC-3.jpg\",\"datePublished\":\"2025-01-03T10:56:17+00:00\",\"dateModified\":\"2026-01-07T10:43:22+00:00\",\"description\":\"\u00a1El chaleco protector con mejores prestaciones del mercado! Para protegerte en todos tus deportes favoritos, \u00a1elige el Cyb-R - Cr!\",\"breadcrumb\":{\"@id\":\"https:\/\/rxr.clereb-siteclient.fr\/es\/official-store-es\/chaleco-de-proteccion\/cyb-r-bullet-es\/cyb-r-cr\/#breadcrumb\"},\"inLanguage\":\"es\",\"potentialAction\":[{\"@type\":\"ReadAction\",\"target\":[\"https:\/\/rxr.clereb-siteclient.fr\/es\/official-store-es\/chaleco-de-proteccion\/cyb-r-bullet-es\/cyb-r-cr\/\"]}]},{\"@type\":\"ImageObject\",\"inLanguage\":\"es\",\"@id\":\"https:\/\/rxr.clereb-siteclient.fr\/es\/official-store-es\/chaleco-de-proteccion\/cyb-r-bullet-es\/cyb-r-cr\/#primaryimage\",\"url\":\"https:\/\/rxr.clereb-siteclient.fr\/wp-content\/uploads\/2023\/11\/CYBR-HRC-3.jpg\",\"contentUrl\":\"https:\/\/rxr.clereb-siteclient.fr\/wp-content\/uploads\/2023\/11\/CYBR-HRC-3.jpg\",\"width\":1500,\"height\":1500,\"caption\":\"Protecci\u00f3n protector de piedras motocross chaleco protector bicicleta de monta\u00f1a esqu\u00ed chaqueta protectora espalda\"},{\"@type\":\"BreadcrumbList\",\"@id\":\"https:\/\/rxr.clereb-siteclient.fr\/es\/official-store-es\/chaleco-de-proteccion\/cyb-r-bullet-es\/cyb-r-cr\/#breadcrumb\",\"itemListElement\":[{\"@type\":\"ListItem\",\"position\":1,\"name\":\"Accueil\",\"item\":\"https:\/\/rxr.clereb-siteclient.fr\/es\/inicio\/\"},{\"@type\":\"ListItem\",\"position\":2,\"name\":\"Official store\",\"item\":\"https:\/\/rxr.clereb-siteclient.fr\/boutique-officielle\/\"},{\"@type\":\"ListItem\",\"position\":3,\"name\":\"Cyb-R &#8211; Cr\"}]},{\"@type\":\"WebSite\",\"@id\":\"https:\/\/rxr.clereb-siteclient.fr\/es\/#website\",\"url\":\"https:\/\/rxr.clereb-siteclient.fr\/es\/\",\"name\":\"RXR Protect\",\"description\":\"Pare pierre et protection gonflable pour le motocross, le VTT et tous les sports extr\u00eames.\",\"publisher\":{\"@id\":\"https:\/\/rxr.clereb-siteclient.fr\/es\/#organization\"},\"alternateName\":\"RXR\",\"potentialAction\":[{\"@type\":\"SearchAction\",\"target\":{\"@type\":\"EntryPoint\",\"urlTemplate\":\"https:\/\/rxr.clereb-siteclient.fr\/es\/?s={search_term_string}\"},\"query-input\":{\"@type\":\"PropertyValueSpecification\",\"valueRequired\":true,\"valueName\":\"search_term_string\"}}],\"inLanguage\":\"es\"},{\"@type\":\"Organization\",\"@id\":\"https:\/\/rxr.clereb-siteclient.fr\/es\/#organization\",\"name\":\"RXR Protect\",\"alternateName\":\"RXR\",\"url\":\"https:\/\/rxr.clereb-siteclient.fr\/es\/\",\"logo\":{\"@type\":\"ImageObject\",\"inLanguage\":\"es\",\"@id\":\"https:\/\/rxr.clereb-siteclient.fr\/es\/#\/schema\/logo\/image\/\",\"url\":\"https:\/\/rxr.clereb-siteclient.fr\/wp-content\/uploads\/2023\/10\/RXR-Logo-Noir.png\",\"contentUrl\":\"https:\/\/rxr.clereb-siteclient.fr\/wp-content\/uploads\/2023\/10\/RXR-Logo-Noir.png\",\"width\":500,\"height\":104,\"caption\":\"RXR Protect\"},\"image\":{\"@id\":\"https:\/\/rxr.clereb-siteclient.fr\/es\/#\/schema\/logo\/image\/\"},\"sameAs\":[\"https:\/\/www.facebook.com\/rxrprotectcom\",\"https:\/\/www.instagram.com\/rxrprotect\/\",\"https:\/\/www.tiktok.com\/@rxrprotect.com\"],\"email\":\"info@rxrprotect.com\",\"telephone\":\"09 70 24 01 01\",\"legalName\":\"PRO SHOP RXR\",\"vatID\":\"FR05511897548\",\"taxID\":\"51189754800034\",\"numberOfEmployees\":{\"@type\":\"QuantitativeValue\",\"minValue\":\"1\",\"maxValue\":\"10\"},\"hasMerchantReturnPolicy\":{\"@type\":\"MerchantReturnPolicy\",\"merchantReturnLink\":\"https:\/\/rxr.clereb-siteclient.fr\/conditions-generales-de-vente\/\"}}]}<\/script>\n<meta property=\"og:availability\" content=\"instock\" \/>\n<meta property=\"product:availability\" content=\"instock\" \/>\n<meta property=\"product:condition\" content=\"new\" \/>\n<!-- \/ Yoast SEO Premium plugin. -->","yoast_head_json":{"title":"Chaleco protector Cyb-R - Cr | RXR Protect","description":"\u00a1El chaleco protector con mejores prestaciones del mercado! Para protegerte en todos tus deportes favoritos, \u00a1elige el Cyb-R - Cr!","robots":{"index":"index","follow":"follow","max-snippet":"max-snippet:-1","max-image-preview":"max-image-preview:large","max-video-preview":"max-video-preview:-1"},"canonical":"https:\/\/rxr.clereb-siteclient.fr\/es\/official-store-es\/chaleco-de-proteccion\/cyb-r-bullet-es\/cyb-r-cr\/","og_locale":"es_ES","og_type":"article","og_title":"Cyb-R - Cr","og_description":"\u00a1El chaleco protector con mejores prestaciones del mercado! Para protegerte en todos tus deportes favoritos, \u00a1elige el Cyb-R - Cr!","og_url":"https:\/\/rxr.clereb-siteclient.fr\/es\/official-store-es\/chaleco-de-proteccion\/cyb-r-bullet-es\/cyb-r-cr\/","og_site_name":"RXR Protect","article_publisher":"https:\/\/www.facebook.com\/rxrprotectcom","article_modified_time":"2026-01-07T10:43:22+00:00","og_image":[{"width":1500,"height":1500,"url":"https:\/\/rxr.clereb-siteclient.fr\/wp-content\/uploads\/2023\/11\/CYBR-HRC-3.jpg","type":"image\/jpeg"}],"twitter_card":"summary_large_image","schema":{"@context":"https:\/\/schema.org","@graph":[{"@type":"WebPage","@id":"https:\/\/rxr.clereb-siteclient.fr\/es\/official-store-es\/chaleco-de-proteccion\/cyb-r-bullet-es\/cyb-r-cr\/","url":"https:\/\/rxr.clereb-siteclient.fr\/es\/official-store-es\/chaleco-de-proteccion\/cyb-r-bullet-es\/cyb-r-cr\/","name":"Chaleco protector Cyb-R - Cr | RXR Protect","isPartOf":{"@id":"https:\/\/rxr.clereb-siteclient.fr\/es\/#website"},"primaryImageOfPage":{"@id":"https:\/\/rxr.clereb-siteclient.fr\/es\/official-store-es\/chaleco-de-proteccion\/cyb-r-bullet-es\/cyb-r-cr\/#primaryimage"},"image":{"@id":"https:\/\/rxr.clereb-siteclient.fr\/es\/official-store-es\/chaleco-de-proteccion\/cyb-r-bullet-es\/cyb-r-cr\/#primaryimage"},"thumbnailUrl":"https:\/\/rxr.clereb-siteclient.fr\/wp-content\/uploads\/2023\/11\/CYBR-HRC-3.jpg","datePublished":"2025-01-03T10:56:17+00:00","dateModified":"2026-01-07T10:43:22+00:00","description":"\u00a1El chaleco protector con mejores prestaciones del mercado! Para protegerte en todos tus deportes favoritos, \u00a1elige el Cyb-R - Cr!","breadcrumb":{"@id":"https:\/\/rxr.clereb-siteclient.fr\/es\/official-store-es\/chaleco-de-proteccion\/cyb-r-bullet-es\/cyb-r-cr\/#breadcrumb"},"inLanguage":"es","potentialAction":[{"@type":"ReadAction","target":["https:\/\/rxr.clereb-siteclient.fr\/es\/official-store-es\/chaleco-de-proteccion\/cyb-r-bullet-es\/cyb-r-cr\/"]}]},{"@type":"ImageObject","inLanguage":"es","@id":"https:\/\/rxr.clereb-siteclient.fr\/es\/official-store-es\/chaleco-de-proteccion\/cyb-r-bullet-es\/cyb-r-cr\/#primaryimage","url":"https:\/\/rxr.clereb-siteclient.fr\/wp-content\/uploads\/2023\/11\/CYBR-HRC-3.jpg","contentUrl":"https:\/\/rxr.clereb-siteclient.fr\/wp-content\/uploads\/2023\/11\/CYBR-HRC-3.jpg","width":1500,"height":1500,"caption":"Protecci\u00f3n protector de piedras motocross chaleco protector bicicleta de monta\u00f1a esqu\u00ed chaqueta protectora espalda"},{"@type":"BreadcrumbList","@id":"https:\/\/rxr.clereb-siteclient.fr\/es\/official-store-es\/chaleco-de-proteccion\/cyb-r-bullet-es\/cyb-r-cr\/#breadcrumb","itemListElement":[{"@type":"ListItem","position":1,"name":"Accueil","item":"https:\/\/rxr.clereb-siteclient.fr\/es\/inicio\/"},{"@type":"ListItem","position":2,"name":"Official store","item":"https:\/\/rxr.clereb-siteclient.fr\/boutique-officielle\/"},{"@type":"ListItem","position":3,"name":"Cyb-R &#8211; Cr"}]},{"@type":"WebSite","@id":"https:\/\/rxr.clereb-siteclient.fr\/es\/#website","url":"https:\/\/rxr.clereb-siteclient.fr\/es\/","name":"RXR Protect","description":"Pare pierre et protection gonflable pour le motocross, le VTT et tous les sports extr\u00eames.","publisher":{"@id":"https:\/\/rxr.clereb-siteclient.fr\/es\/#organization"},"alternateName":"RXR","potentialAction":[{"@type":"SearchAction","target":{"@type":"EntryPoint","urlTemplate":"https:\/\/rxr.clereb-siteclient.fr\/es\/?s={search_term_string}"},"query-input":{"@type":"PropertyValueSpecification","valueRequired":true,"valueName":"search_term_string"}}],"inLanguage":"es"},{"@type":"Organization","@id":"https:\/\/rxr.clereb-siteclient.fr\/es\/#organization","name":"RXR Protect","alternateName":"RXR","url":"https:\/\/rxr.clereb-siteclient.fr\/es\/","logo":{"@type":"ImageObject","inLanguage":"es","@id":"https:\/\/rxr.clereb-siteclient.fr\/es\/#\/schema\/logo\/image\/","url":"https:\/\/rxr.clereb-siteclient.fr\/wp-content\/uploads\/2023\/10\/RXR-Logo-Noir.png","contentUrl":"https:\/\/rxr.clereb-siteclient.fr\/wp-content\/uploads\/2023\/10\/RXR-Logo-Noir.png","width":500,"height":104,"caption":"RXR Protect"},"image":{"@id":"https:\/\/rxr.clereb-siteclient.fr\/es\/#\/schema\/logo\/image\/"},"sameAs":["https:\/\/www.facebook.com\/rxrprotectcom","https:\/\/www.instagram.com\/rxrprotect\/","https:\/\/www.tiktok.com\/@rxrprotect.com"],"email":"info@rxrprotect.com","telephone":"09 70 24 01 01","legalName":"PRO SHOP RXR","vatID":"FR05511897548","taxID":"51189754800034","numberOfEmployees":{"@type":"QuantitativeValue","minValue":"1","maxValue":"10"},"hasMerchantReturnPolicy":{"@type":"MerchantReturnPolicy","merchantReturnLink":"https:\/\/rxr.clereb-siteclient.fr\/conditions-generales-de-vente\/"}}]},"og_availability":"instock","product_availability":"instock","product_condition":"new"},"_links":{"self":[{"href":"https:\/\/rxr.clereb-siteclient.fr\/es\/wp-json\/wp\/v2\/product\/20275","targetHints":{"allow":["GET"]}}],"collection":[{"href":"https:\/\/rxr.clereb-siteclient.fr\/es\/wp-json\/wp\/v2\/product"}],"about":[{"href":"https:\/\/rxr.clereb-siteclient.fr\/es\/wp-json\/wp\/v2\/types\/product"}],"version-history":[{"count":0,"href":"https:\/\/rxr.clereb-siteclient.fr\/es\/wp-json\/wp\/v2\/product\/20275\/revisions"}],"wp:featuredmedia":[{"embeddable":true,"href":"https:\/\/rxr.clereb-siteclient.fr\/es\/wp-json\/wp\/v2\/media\/20276"}],"wp:attachment":[{"href":"https:\/\/rxr.clereb-siteclient.fr\/es\/wp-json\/wp\/v2\/media?parent=20275"}],"wp:term":[{"taxonomy":"product_brand","embeddable":true,"href":"https:\/\/rxr.clereb-siteclient.fr\/es\/wp-json\/wp\/v2\/product_brand?post=20275"},{"taxonomy":"product_cat","embeddable":true,"href":"https:\/\/rxr.clereb-siteclient.fr\/es\/wp-json\/wp\/v2\/product_cat?post=20275"},{"taxonomy":"product_tag","embeddable":true,"href":"https:\/\/rxr.clereb-siteclient.fr\/es\/wp-json\/wp\/v2\/product_tag?post=20275"}],"curies":[{"name":"wp","href":"https:\/\/api.w.org\/{rel}","templated":true}]}}