{"id":19550,"date":"2023-11-29T11:22:17","date_gmt":"2023-11-29T10:22:17","guid":{"rendered":"https:\/\/rxrprotect.com\/informacion-legal\/"},"modified":"2025-02-06T16:38:05","modified_gmt":"2025-02-06T15:38:05","slug":"informacion-legal","status":"publish","type":"page","link":"https:\/\/rxr.clereb-siteclient.fr\/es\/informacion-legal\/","title":{"rendered":"Informaci\u00f3n legal"},"content":{"rendered":"\t\t<div data-elementor-type=\"wp-page\" data-elementor-id=\"19550\" class=\"elementor elementor-19550 elementor-4868\" data-elementor-post-type=\"page\">\n\t\t\t\t<div class=\"elementor-element elementor-element-6ed5bfb e-flex e-con-boxed e-con e-parent\" data-id=\"6ed5bfb\" data-element_type=\"container\">\n\t\t\t\t\t<div class=\"e-con-inner\">\n\t\t\t\t<div class=\"elementor-element elementor-element-5c77cfc elementor-widget elementor-widget-woocommerce-breadcrumb\" data-id=\"5c77cfc\" data-element_type=\"widget\" data-widget_type=\"woocommerce-breadcrumb.default\">\n\t\t\t\t\t<nav class=\"woocommerce-breadcrumb\" aria-label=\"Breadcrumb\">Inicio<\/nav>\t\t\t\t<\/div>\n\t\t\t\t<div class=\"elementor-element elementor-element-65715dd elementor-widget-divider--view-line elementor-widget elementor-widget-divider\" data-id=\"65715dd\" data-element_type=\"widget\" data-widget_type=\"divider.default\">\n\t\t\t\t\t\t\t<div class=\"elementor-divider\">\n\t\t\t<span class=\"elementor-divider-separator\">\n\t\t\t\t\t\t<\/span>\n\t\t<\/div>\n\t\t\t\t\t\t<\/div>\n\t\t\t\t\t<\/div>\n\t\t\t\t<\/div>\n\t\t<div class=\"elementor-element elementor-element-f796e10 e-flex e-con-boxed e-con e-parent\" data-id=\"f796e10\" data-element_type=\"container\">\n\t\t\t\t\t<div class=\"e-con-inner\">\n\t\t\t\t<div class=\"elementor-element elementor-element-5322638 elementor-widget elementor-widget-heading\" data-id=\"5322638\" data-element_type=\"widget\" data-widget_type=\"heading.default\">\n\t\t\t\t\t<h2 class=\"elementor-heading-title elementor-size-default\">Art\u00edculo 1: Finalidad<\/h2>\t\t\t\t<\/div>\n\t\t\t\t<div class=\"elementor-element elementor-element-caf3feb elementor-widget elementor-widget-text-editor\" data-id=\"caf3feb\" data-element_type=\"widget\" data-widget_type=\"text-editor.default\">\n\t\t\t\t\t\t\t\t\t<p>Las presentes Condiciones Generales de Uso regulan los t\u00e9rminos y condiciones en los que el sitio web rxrprotect.com y sus servicios son puestos a disposici\u00f3n de los usuarios por PRO SHOP RXR. Est\u00e1n dirigidas a todos los usuarios de Internet que accedan y utilicen el sitio web, ya sean simples visitantes, consumidores de servicios o compradores. Cualquier conexi\u00f3n al sitio web rxrprotect.com implica la aceptaci\u00f3n de las presentes Condiciones Generales de Uso.<\/p>\n\t\t\t\t\t\t\t\t<\/div>\n\t\t\t\t<div class=\"elementor-element elementor-element-8ed92a0 elementor-widget elementor-widget-heading\" data-id=\"8ed92a0\" data-element_type=\"widget\" data-widget_type=\"heading.default\">\n\t\t\t\t\t<h2 class=\"elementor-heading-title elementor-size-default\">Art\u00edculo 2: Informaci\u00f3n jur\u00eddica<\/h2>\t\t\t\t<\/div>\n\t\t\t\t<div class=\"elementor-element elementor-element-70e7ac6 elementor-widget elementor-widget-text-editor\" data-id=\"70e7ac6\" data-element_type=\"widget\" data-widget_type=\"text-editor.default\">\n\t\t\t\t\t\t\t\t\t<p>Propietario y editor del sitio web rxrprotect.com:<br \/>SA PRO SHOP RXR<br \/>Domicilio social: 270 rue de L&#8217;Odon 14790 MOUEN<br \/>Capital social: 75 089\u20ac<br \/>SIRET: 51189754800026<br \/>RCS: Caen B 511 897 548<br \/>TVA : FR 05 511 897 548<\/p>\n<p>El sitio est\u00e1 alojado por HOSTINGER, cuya sede social se encuentra en HOSTINGER INTERNATIONAL LTD, 61 Lordou Vironos Street, 6023 Larnaca, Chipre, con la que se puede contactar por los siguientes medios: https:\/\/www.hostinger.fr\/contacto.<\/p>\n\t\t\t\t\t\t\t\t<\/div>\n\t\t\t\t<div class=\"elementor-element elementor-element-0485db9 elementor-widget elementor-widget-heading\" data-id=\"0485db9\" data-element_type=\"widget\" data-widget_type=\"heading.default\">\n\t\t\t\t\t<h2 class=\"elementor-heading-title elementor-size-default\">Art\u00edculo 3: Acceso al recinto<\/h2>\t\t\t\t<\/div>\n\t\t\t\t<div class=\"elementor-element elementor-element-755116c elementor-widget elementor-widget-text-editor\" data-id=\"755116c\" data-element_type=\"widget\" data-widget_type=\"text-editor.default\">\n\t\t\t\t\t\t\t\t\t<p>El sitio web de rxrprotect es accesible a cualquier usuario con conexi\u00f3n a Internet.<br \/>Para acceder a la secci\u00f3n \u00abmi cuenta\u00bb, los usuarios deben identificarse utilizando su nombre de usuario y contrase\u00f1a.<br \/>Salvo en caso de operaciones de mantenimiento, RXR PRO SHOP hace todo lo posible para garantizar el acceso a su sitio web rxrprotect.com 7 d\u00edas a la semana, 24 horas al d\u00eda, pero no se hace responsable en caso de fuerza mayor o de un acontecimiento que escape a su control.<br \/>RXR PRO SHOP se reserva el derecho a modificar, interrumpir o suspender el acceso al sitio sin previo aviso, sin que pueda exigirse por parte del usuario ning\u00fan tipo de reclamaci\u00f3n o indemnizaci\u00f3n.<\/p>\n\t\t\t\t\t\t\t\t<\/div>\n\t\t\t\t<div class=\"elementor-element elementor-element-a37894e elementor-widget elementor-widget-heading\" data-id=\"a37894e\" data-element_type=\"widget\" data-widget_type=\"heading.default\">\n\t\t\t\t\t<h2 class=\"elementor-heading-title elementor-size-default\">Art\u00edculo 4: Propiedad intelectual<\/h2>\t\t\t\t<\/div>\n\t\t\t\t<div class=\"elementor-element elementor-element-44381d9 elementor-widget elementor-widget-text-editor\" data-id=\"44381d9\" data-element_type=\"widget\" data-widget_type=\"text-editor.default\">\n\t\t\t\t\t\t\t\t\t<p>La marca RXRPROTECT es una marca registrada por RXR PRO SHOP. Los contenidos textuales, logotipos, im\u00e1genes y videos son propiedad exclusiva de la empresa RXR PRO SHOP.<br \/>Cualquier uso: reproducci\u00f3n, explotaci\u00f3n de los contenidos, incluso parcial, debe ser sujeto a una solicitud previa a la empresa RXRPROTECT, bajo el riesgo de constituir una infracci\u00f3n seg\u00fan los art\u00edculos L335-2 y siguientes del C\u00f3digo de Propiedad Intelectual. <\/p>\n\t\t\t\t\t\t\t\t<\/div>\n\t\t\t\t<div class=\"elementor-element elementor-element-326fa5c elementor-widget elementor-widget-heading\" data-id=\"326fa5c\" data-element_type=\"widget\" data-widget_type=\"heading.default\">\n\t\t\t\t\t<h2 class=\"elementor-heading-title elementor-size-default\">Art\u00edculo 5: Publicaci\u00f3n por parte del usuario<\/h2>\t\t\t\t<\/div>\n\t\t\t\t<div class=\"elementor-element elementor-element-a48ecfc elementor-widget elementor-widget-text-editor\" data-id=\"a48ecfc\" data-element_type=\"widget\" data-widget_type=\"text-editor.default\">\n\t\t\t\t\t\t\t\t\t<p>En el sitio web rxrprotect.com, se invita a los miembros a enviar comentarios sobre el blog, las fichas de producto y el chat en l\u00ednea.<\/p>\n<p>These publications are subject to moderation by the site editor. In case of non-compliance with Netiquette and the applicable legislation, the site editor reserves the right to refuse to publish them online without having to justify this decision to the members. <\/p>\n<p>Cualquier contenido publicado por un miembro puede ser eliminado o modificado en cualquier momento sin justificaci\u00f3n previa ni notificaci\u00f3n al autor del contenido.<\/p>\n<p>Cada publicaci\u00f3n publicada en este sitio sigue siendo propiedad intelectual de su autor. Sin embargo, al publicar un comentario, el autor otorga al editor del sitio el derecho de utilizar esta publicaci\u00f3n de forma gratuita durante el tiempo que desee. <\/p>\n\t\t\t\t\t\t\t\t<\/div>\n\t\t\t\t<div class=\"elementor-element elementor-element-36a5f57 elementor-widget elementor-widget-heading\" data-id=\"36a5f57\" data-element_type=\"widget\" data-widget_type=\"heading.default\">\n\t\t\t\t\t<h2 class=\"elementor-heading-title elementor-size-default\">Art\u00edculo 6: Datos personales<\/h2>\t\t\t\t<\/div>\n\t\t\t\t<div class=\"elementor-element elementor-element-0171c00 elementor-widget elementor-widget-text-editor\" data-id=\"0171c00\" data-element_type=\"widget\" data-widget_type=\"text-editor.default\">\n\t\t\t\t\t\t\t\t\t<p>La creaci\u00f3n de una cuenta de usuario implica la recopilaci\u00f3n de informaci\u00f3n personal, incluyendo la direcci\u00f3n de correo electr\u00f3nico. El editor del sitio se compromete a cumplir con la ley n\u00b078-17 del 6 de enero de 1978 relativa a la inform\u00e1tica, los archivos y las libertades en el tratamiento de esta informaci\u00f3n. El sitio est\u00e1 registrado en la CNIL con el n\u00famero:. Esta informaci\u00f3n no se utiliza con fines comerciales y no se cede a terceros.  <\/p>\n<p>De acuerdo con los art\u00edculos 39 y 40 de esta normativa, el usuario tiene derecho a acceder, modificar, rectificar y suprimir los datos que le conciernen. Basta con hacer una solicitud a la empresa editora de este sitio: SA PRO SHOP RXR. <\/p>\n\t\t\t\t\t\t\t\t<\/div>\n\t\t\t\t<div class=\"elementor-element elementor-element-8bd5cce elementor-widget elementor-widget-heading\" data-id=\"8bd5cce\" data-element_type=\"widget\" data-widget_type=\"heading.default\">\n\t\t\t\t\t<h2 class=\"elementor-heading-title elementor-size-default\">Art\u00edculo 7: Enlaces de hipertexto<\/h2>\t\t\t\t<\/div>\n\t\t\t\t<div class=\"elementor-element elementor-element-9cf6482 elementor-widget elementor-widget-text-editor\" data-id=\"9cf6482\" data-element_type=\"widget\" data-widget_type=\"text-editor.default\">\n\t\t\t\t\t\t\t\t\t<p>El sitio puede contener enlaces de hipertexto salientes. El editor del sitio no se hace responsable del contenido de las p\u00e1ginas web a las que conducen estos enlaces.<\/p>\n\t\t\t\t\t\t\t\t<\/div>\n\t\t\t\t<div class=\"elementor-element elementor-element-561adec elementor-widget elementor-widget-heading\" data-id=\"561adec\" data-element_type=\"widget\" data-widget_type=\"heading.default\">\n\t\t\t\t\t<h2 class=\"elementor-heading-title elementor-size-default\">Art\u00edculo 8: Uso de cookies<\/h2>\t\t\t\t<\/div>\n\t\t\t\t<div class=\"elementor-element elementor-element-75a1255 elementor-widget elementor-widget-text-editor\" data-id=\"75a1255\" data-element_type=\"widget\" data-widget_type=\"text-editor.default\">\n\t\t\t\t\t\t\t\t\t<p>El sitio rxrprotect.com utiliza cookies. Estos peque\u00f1os archivos alfanum\u00e9ricos transferidos a su disco duro permiten almacenar informaci\u00f3n relacionada con su navegaci\u00f3n para mejorarla en sus pr\u00f3ximas conexiones, as\u00ed como realizar procesos estad\u00edsticos. Estas cookies no contienen datos personales.  <\/p>\n<p>Puedes desactivar, reducir o eliminar estas cookies en cualquier momento utilizando el navegador que est\u00e9s utilizando.<\/p>\n\t\t\t\t\t\t\t\t<\/div>\n\t\t\t\t<div class=\"elementor-element elementor-element-dd1bf82 elementor-widget elementor-widget-heading\" data-id=\"dd1bf82\" data-element_type=\"widget\" data-widget_type=\"heading.default\">\n\t\t\t\t\t<h2 class=\"elementor-heading-title elementor-size-default\">Art\u00edculo 9: Modificaci\u00f3n de los avisos legales del sitio web<\/h2>\t\t\t\t<\/div>\n\t\t\t\t<div class=\"elementor-element elementor-element-45a9f66 elementor-widget elementor-widget-text-editor\" data-id=\"45a9f66\" data-element_type=\"widget\" data-widget_type=\"text-editor.default\">\n\t\t\t\t\t\t\t\t\t<p>El editor del sitio se reserva el derecho de modificar, en cualquier momento y sin previo aviso, las menciones legales del sitio rxrprotect.com con el fin de adaptar dichas menciones legales al desarrollo del sitio.<\/p>\n\t\t\t\t\t\t\t\t<\/div>\n\t\t\t\t<div class=\"elementor-element elementor-element-12c28c8 elementor-widget elementor-widget-heading\" data-id=\"12c28c8\" data-element_type=\"widget\" data-widget_type=\"heading.default\">\n\t\t\t\t\t<h2 class=\"elementor-heading-title elementor-size-default\">Art\u00edculo 10: Legislaci\u00f3n aplicable<\/h2>\t\t\t\t<\/div>\n\t\t\t\t<div class=\"elementor-element elementor-element-826f785 elementor-widget elementor-widget-text-editor\" data-id=\"826f785\" data-element_type=\"widget\" data-widget_type=\"text-editor.default\">\n\t\t\t\t\t\t\t\t\t<p>Las normas jur\u00eddicas aplicables al contenido y a la transmisi\u00f3n de datos en torno al sitio se rigen por la legislaci\u00f3n francesa.  <\/p>\n\t\t\t\t\t\t\t\t<\/div>\n\t\t\t\t\t<\/div>\n\t\t\t\t<\/div>\n\t\t\t\t<\/div>\n\t\t","protected":false},"excerpt":{"rendered":"<p>Art\u00edculo 1: Finalidad Las presentes Condiciones Generales de Uso regulan los t\u00e9rminos y condiciones en los que el sitio web rxrprotect.com y sus servicios son puestos a disposici\u00f3n de los usuarios por PRO SHOP RXR. Est\u00e1n dirigidas a todos los usuarios de Internet que accedan y utilicen el sitio web, ya sean simples visitantes, consumidores [&hellip;]<\/p>\n","protected":false},"author":1,"featured_media":0,"parent":0,"menu_order":0,"comment_status":"closed","ping_status":"closed","template":"","meta":{"_acf_changed":false,"footnotes":""},"class_list":["post-19550","page","type-page","status-publish","hentry"],"acf":[],"yoast_head":"<!-- This site is optimized with the Yoast SEO Premium plugin v25.1 (Yoast SEO v26.7) - https:\/\/yoast.com\/wordpress\/plugins\/seo\/ -->\n<title>Informaci\u00f3n legal - RXR Protect<\/title>\n<meta name=\"robots\" content=\"index, follow, max-snippet:-1, max-image-preview:large, max-video-preview:-1\" \/>\n<link rel=\"canonical\" href=\"https:\/\/rxr.clereb-siteclient.fr\/es\/informacion-legal\/\" \/>\n<meta property=\"og:locale\" content=\"es_ES\" \/>\n<meta property=\"og:type\" content=\"article\" \/>\n<meta property=\"og:title\" content=\"Informaci\u00f3n legal\" \/>\n<meta property=\"og:description\" content=\"Art\u00edculo 1: Finalidad Las presentes Condiciones Generales de Uso regulan los t\u00e9rminos y condiciones en los que el sitio web rxrprotect.com y sus servicios son puestos a disposici\u00f3n de los usuarios por PRO SHOP RXR. Est\u00e1n dirigidas a todos los usuarios de Internet que accedan y utilicen el sitio web, ya sean simples visitantes, consumidores [&hellip;]\" \/>\n<meta property=\"og:url\" content=\"https:\/\/rxr.clereb-siteclient.fr\/es\/informacion-legal\/\" \/>\n<meta property=\"og:site_name\" content=\"RXR Protect\" \/>\n<meta property=\"article:publisher\" content=\"https:\/\/www.facebook.com\/rxrprotectcom\" \/>\n<meta property=\"article:modified_time\" content=\"2025-02-06T15:38:05+00:00\" \/>\n<meta property=\"og:image\" content=\"https:\/\/rxr.clereb-siteclient.fr\/wp-content\/uploads\/2023\/10\/RXR-Logo-Noir.png\" \/>\n\t<meta property=\"og:image:width\" content=\"500\" \/>\n\t<meta property=\"og:image:height\" content=\"104\" \/>\n\t<meta property=\"og:image:type\" content=\"image\/png\" \/>\n<meta name=\"twitter:card\" content=\"summary_large_image\" \/>\n<script type=\"application\/ld+json\" class=\"yoast-schema-graph\">{\"@context\":\"https:\/\/schema.org\",\"@graph\":[{\"@type\":\"WebPage\",\"@id\":\"https:\/\/rxr.clereb-siteclient.fr\/es\/informacion-legal\/\",\"url\":\"https:\/\/rxr.clereb-siteclient.fr\/es\/informacion-legal\/\",\"name\":\"Informaci\u00f3n legal - RXR Protect\",\"isPartOf\":{\"@id\":\"https:\/\/rxr.clereb-siteclient.fr\/es\/#website\"},\"datePublished\":\"2023-11-29T10:22:17+00:00\",\"dateModified\":\"2025-02-06T15:38:05+00:00\",\"breadcrumb\":{\"@id\":\"https:\/\/rxr.clereb-siteclient.fr\/es\/informacion-legal\/#breadcrumb\"},\"inLanguage\":\"es\",\"potentialAction\":[{\"@type\":\"ReadAction\",\"target\":[\"https:\/\/rxr.clereb-siteclient.fr\/es\/informacion-legal\/\"]}]},{\"@type\":\"BreadcrumbList\",\"@id\":\"https:\/\/rxr.clereb-siteclient.fr\/es\/informacion-legal\/#breadcrumb\",\"itemListElement\":[{\"@type\":\"ListItem\",\"position\":1,\"name\":\"Accueil\",\"item\":\"https:\/\/rxr.clereb-siteclient.fr\/es\/inicio\/\"},{\"@type\":\"ListItem\",\"position\":2,\"name\":\"Informaci\u00f3n legal\"}]},{\"@type\":\"WebSite\",\"@id\":\"https:\/\/rxr.clereb-siteclient.fr\/es\/#website\",\"url\":\"https:\/\/rxr.clereb-siteclient.fr\/es\/\",\"name\":\"RXR Protect\",\"description\":\"Pare pierre et protection gonflable pour le motocross, le VTT et tous les sports extr\u00eames.\",\"publisher\":{\"@id\":\"https:\/\/rxr.clereb-siteclient.fr\/es\/#organization\"},\"alternateName\":\"RXR\",\"potentialAction\":[{\"@type\":\"SearchAction\",\"target\":{\"@type\":\"EntryPoint\",\"urlTemplate\":\"https:\/\/rxr.clereb-siteclient.fr\/es\/?s={search_term_string}\"},\"query-input\":{\"@type\":\"PropertyValueSpecification\",\"valueRequired\":true,\"valueName\":\"search_term_string\"}}],\"inLanguage\":\"es\"},{\"@type\":\"Organization\",\"@id\":\"https:\/\/rxr.clereb-siteclient.fr\/es\/#organization\",\"name\":\"RXR Protect\",\"alternateName\":\"RXR\",\"url\":\"https:\/\/rxr.clereb-siteclient.fr\/es\/\",\"logo\":{\"@type\":\"ImageObject\",\"inLanguage\":\"es\",\"@id\":\"https:\/\/rxr.clereb-siteclient.fr\/es\/#\/schema\/logo\/image\/\",\"url\":\"https:\/\/rxr.clereb-siteclient.fr\/wp-content\/uploads\/2023\/10\/RXR-Logo-Noir.png\",\"contentUrl\":\"https:\/\/rxr.clereb-siteclient.fr\/wp-content\/uploads\/2023\/10\/RXR-Logo-Noir.png\",\"width\":500,\"height\":104,\"caption\":\"RXR Protect\"},\"image\":{\"@id\":\"https:\/\/rxr.clereb-siteclient.fr\/es\/#\/schema\/logo\/image\/\"},\"sameAs\":[\"https:\/\/www.facebook.com\/rxrprotectcom\",\"https:\/\/www.instagram.com\/rxrprotect\/\",\"https:\/\/www.tiktok.com\/@rxrprotect.com\"],\"email\":\"info@rxrprotect.com\",\"telephone\":\"09 70 24 01 01\",\"legalName\":\"PRO SHOP RXR\",\"vatID\":\"FR05511897548\",\"taxID\":\"51189754800034\",\"numberOfEmployees\":{\"@type\":\"QuantitativeValue\",\"minValue\":\"1\",\"maxValue\":\"10\"},\"hasMerchantReturnPolicy\":{\"@type\":\"MerchantReturnPolicy\",\"merchantReturnLink\":\"https:\/\/rxr.clereb-siteclient.fr\/conditions-generales-de-vente\/\"}}]}<\/script>\n<!-- \/ Yoast SEO Premium plugin. -->","yoast_head_json":{"title":"Informaci\u00f3n legal - RXR Protect","robots":{"index":"index","follow":"follow","max-snippet":"max-snippet:-1","max-image-preview":"max-image-preview:large","max-video-preview":"max-video-preview:-1"},"canonical":"https:\/\/rxr.clereb-siteclient.fr\/es\/informacion-legal\/","og_locale":"es_ES","og_type":"article","og_title":"Informaci\u00f3n legal","og_description":"Art\u00edculo 1: Finalidad Las presentes Condiciones Generales de Uso regulan los t\u00e9rminos y condiciones en los que el sitio web rxrprotect.com y sus servicios son puestos a disposici\u00f3n de los usuarios por PRO SHOP RXR. Est\u00e1n dirigidas a todos los usuarios de Internet que accedan y utilicen el sitio web, ya sean simples visitantes, consumidores [&hellip;]","og_url":"https:\/\/rxr.clereb-siteclient.fr\/es\/informacion-legal\/","og_site_name":"RXR Protect","article_publisher":"https:\/\/www.facebook.com\/rxrprotectcom","article_modified_time":"2025-02-06T15:38:05+00:00","og_image":[{"width":500,"height":104,"url":"https:\/\/rxr.clereb-siteclient.fr\/wp-content\/uploads\/2023\/10\/RXR-Logo-Noir.png","type":"image\/png"}],"twitter_card":"summary_large_image","schema":{"@context":"https:\/\/schema.org","@graph":[{"@type":"WebPage","@id":"https:\/\/rxr.clereb-siteclient.fr\/es\/informacion-legal\/","url":"https:\/\/rxr.clereb-siteclient.fr\/es\/informacion-legal\/","name":"Informaci\u00f3n legal - RXR Protect","isPartOf":{"@id":"https:\/\/rxr.clereb-siteclient.fr\/es\/#website"},"datePublished":"2023-11-29T10:22:17+00:00","dateModified":"2025-02-06T15:38:05+00:00","breadcrumb":{"@id":"https:\/\/rxr.clereb-siteclient.fr\/es\/informacion-legal\/#breadcrumb"},"inLanguage":"es","potentialAction":[{"@type":"ReadAction","target":["https:\/\/rxr.clereb-siteclient.fr\/es\/informacion-legal\/"]}]},{"@type":"BreadcrumbList","@id":"https:\/\/rxr.clereb-siteclient.fr\/es\/informacion-legal\/#breadcrumb","itemListElement":[{"@type":"ListItem","position":1,"name":"Accueil","item":"https:\/\/rxr.clereb-siteclient.fr\/es\/inicio\/"},{"@type":"ListItem","position":2,"name":"Informaci\u00f3n legal"}]},{"@type":"WebSite","@id":"https:\/\/rxr.clereb-siteclient.fr\/es\/#website","url":"https:\/\/rxr.clereb-siteclient.fr\/es\/","name":"RXR Protect","description":"Pare pierre et protection gonflable pour le motocross, le VTT et tous les sports extr\u00eames.","publisher":{"@id":"https:\/\/rxr.clereb-siteclient.fr\/es\/#organization"},"alternateName":"RXR","potentialAction":[{"@type":"SearchAction","target":{"@type":"EntryPoint","urlTemplate":"https:\/\/rxr.clereb-siteclient.fr\/es\/?s={search_term_string}"},"query-input":{"@type":"PropertyValueSpecification","valueRequired":true,"valueName":"search_term_string"}}],"inLanguage":"es"},{"@type":"Organization","@id":"https:\/\/rxr.clereb-siteclient.fr\/es\/#organization","name":"RXR Protect","alternateName":"RXR","url":"https:\/\/rxr.clereb-siteclient.fr\/es\/","logo":{"@type":"ImageObject","inLanguage":"es","@id":"https:\/\/rxr.clereb-siteclient.fr\/es\/#\/schema\/logo\/image\/","url":"https:\/\/rxr.clereb-siteclient.fr\/wp-content\/uploads\/2023\/10\/RXR-Logo-Noir.png","contentUrl":"https:\/\/rxr.clereb-siteclient.fr\/wp-content\/uploads\/2023\/10\/RXR-Logo-Noir.png","width":500,"height":104,"caption":"RXR Protect"},"image":{"@id":"https:\/\/rxr.clereb-siteclient.fr\/es\/#\/schema\/logo\/image\/"},"sameAs":["https:\/\/www.facebook.com\/rxrprotectcom","https:\/\/www.instagram.com\/rxrprotect\/","https:\/\/www.tiktok.com\/@rxrprotect.com"],"email":"info@rxrprotect.com","telephone":"09 70 24 01 01","legalName":"PRO SHOP RXR","vatID":"FR05511897548","taxID":"51189754800034","numberOfEmployees":{"@type":"QuantitativeValue","minValue":"1","maxValue":"10"},"hasMerchantReturnPolicy":{"@type":"MerchantReturnPolicy","merchantReturnLink":"https:\/\/rxr.clereb-siteclient.fr\/conditions-generales-de-vente\/"}}]}},"_links":{"self":[{"href":"https:\/\/rxr.clereb-siteclient.fr\/es\/wp-json\/wp\/v2\/pages\/19550","targetHints":{"allow":["GET"]}}],"collection":[{"href":"https:\/\/rxr.clereb-siteclient.fr\/es\/wp-json\/wp\/v2\/pages"}],"about":[{"href":"https:\/\/rxr.clereb-siteclient.fr\/es\/wp-json\/wp\/v2\/types\/page"}],"author":[{"embeddable":true,"href":"https:\/\/rxr.clereb-siteclient.fr\/es\/wp-json\/wp\/v2\/users\/1"}],"replies":[{"embeddable":true,"href":"https:\/\/rxr.clereb-siteclient.fr\/es\/wp-json\/wp\/v2\/comments?post=19550"}],"version-history":[{"count":0,"href":"https:\/\/rxr.clereb-siteclient.fr\/es\/wp-json\/wp\/v2\/pages\/19550\/revisions"}],"wp:attachment":[{"href":"https:\/\/rxr.clereb-siteclient.fr\/es\/wp-json\/wp\/v2\/media?parent=19550"}],"curies":[{"name":"wp","href":"https:\/\/api.w.org\/{rel}","templated":true}]}}