{"id":19524,"date":"2023-12-11T12:43:58","date_gmt":"2023-12-11T11:43:58","guid":{"rendered":"https:\/\/rxrprotect.com\/centro-de-ayuda\/contratacion\/"},"modified":"2025-01-09T10:51:43","modified_gmt":"2025-01-09T09:51:43","slug":"contratacion","status":"publish","type":"page","link":"https:\/\/rxr.clereb-siteclient.fr\/es\/centro-de-ayuda\/contratacion\/","title":{"rendered":"Contrataci\u00f3n"},"content":{"rendered":"\t\t<div data-elementor-type=\"wp-page\" data-elementor-id=\"19524\" class=\"elementor elementor-19524 elementor-5586\" data-elementor-post-type=\"page\">\n\t\t\t\t<div class=\"elementor-element elementor-element-3e4b5f6 e-flex e-con-boxed e-con e-parent\" data-id=\"3e4b5f6\" data-element_type=\"container\">\n\t\t\t\t\t<div class=\"e-con-inner\">\n\t\t\t\t<div class=\"elementor-element elementor-element-8bf8911 elementor-widget elementor-widget-woocommerce-breadcrumb\" data-id=\"8bf8911\" data-element_type=\"widget\" data-widget_type=\"woocommerce-breadcrumb.default\">\n\t\t\t\t\t<nav class=\"woocommerce-breadcrumb\" aria-label=\"Breadcrumb\">Inicio<\/nav>\t\t\t\t<\/div>\n\t\t\t\t<div class=\"elementor-element elementor-element-5f83a3f elementor-widget-divider--view-line elementor-widget elementor-widget-divider\" data-id=\"5f83a3f\" data-element_type=\"widget\" data-widget_type=\"divider.default\">\n\t\t\t\t\t\t\t<div class=\"elementor-divider\">\n\t\t\t<span class=\"elementor-divider-separator\">\n\t\t\t\t\t\t<\/span>\n\t\t<\/div>\n\t\t\t\t\t\t<\/div>\n\t\t\t\t\t<\/div>\n\t\t\t\t<\/div>\n\t\t<div class=\"elementor-element elementor-element-2132c85 e-flex e-con-boxed e-con e-parent\" data-id=\"2132c85\" data-element_type=\"container\">\n\t\t\t\t\t<div class=\"e-con-inner\">\n\t\t\t\t<div class=\"elementor-element elementor-element-9e50d48 elementor-widget elementor-widget-heading\" data-id=\"9e50d48\" data-element_type=\"widget\" data-widget_type=\"heading.default\">\n\t\t\t\t\t<h2 class=\"elementor-heading-title elementor-size-default\">Si est\u00e1s interesado en alguna de las ofertas que figuran a continuaci\u00f3n, env\u00eda un correo electr\u00f3nico a la siguiente direcci\u00f3n:<\/h2>\t\t\t\t<\/div>\n\t\t\t\t<div class=\"elementor-element elementor-element-8e78221 elementor-widget elementor-widget-heading\" data-id=\"8e78221\" data-element_type=\"widget\" data-widget_type=\"heading.default\">\n\t\t\t\t\t<h2 class=\"elementor-heading-title elementor-size-default\">david@rxrprotect.com<\/h2>\t\t\t\t<\/div>\n\t\t\t\t<div class=\"elementor-element elementor-element-bab37b1 e-n-tabs-none elementor-widget elementor-widget-n-tabs\" data-id=\"bab37b1\" data-element_type=\"widget\" data-settings=\"{&quot;tabs_justify_horizontal_mobile&quot;:&quot;center&quot;,&quot;horizontal_scroll_mobile&quot;:&quot;disable&quot;,&quot;horizontal_scroll&quot;:&quot;disable&quot;}\" data-widget_type=\"nested-tabs.default\">\n\t\t\t\t\t\t\t<div class=\"e-n-tabs\" data-widget-number=\"195770289\" aria-label=\"Pesta\u00f1as. Abre elementos con Intro o Espacio, ci\u00e9rralos con Escape y navega con las fechas.\">\n\t\t\t<div class=\"e-n-tabs-heading\" role=\"tablist\">\n\t\t\t\t\t<button id=\"e-n-tab-title-1957702891\" data-tab-title-id=\"e-n-tab-title-1957702891\" class=\"e-n-tab-title\" aria-selected=\"true\" data-tab-index=\"1\" role=\"tab\" tabindex=\"0\" aria-controls=\"e-n-tab-content-1957702891\" style=\"--n-tabs-title-order: 1;\">\n\t\t\t\t\t\t<span class=\"e-n-tab-title-text\">\n\t\t\t\tCONTRATO INDEFINIDO\t\t\t<\/span>\n\t\t<\/button>\n\t\t\t\t<button id=\"e-n-tab-title-1957702892\" data-tab-title-id=\"e-n-tab-title-1957702892\" class=\"e-n-tab-title\" aria-selected=\"false\" data-tab-index=\"2\" role=\"tab\" tabindex=\"-1\" aria-controls=\"e-n-tab-content-1957702892\" style=\"--n-tabs-title-order: 2;\">\n\t\t\t\t\t\t<span class=\"e-n-tab-title-text\">\n\t\t\t\tEstudio-trabajo\t\t\t<\/span>\n\t\t<\/button>\n\t\t\t\t\t<\/div>\n\t\t\t<div class=\"e-n-tabs-content\">\n\t\t\t\t<div id=\"e-n-tab-content-1957702891\" role=\"tabpanel\" aria-labelledby=\"e-n-tab-title-1957702891\" data-tab-index=\"1\" style=\"--n-tabs-title-order: 1;\" class=\"e-active elementor-element elementor-element-747968b e-con-full e-flex e-con e-child\" data-id=\"747968b\" data-element_type=\"container\">\n\t\t\t\t<div class=\"elementor-element elementor-element-875ff07 elementor-widget elementor-widget-heading\" data-id=\"875ff07\" data-element_type=\"widget\" data-widget_type=\"heading.default\">\n\t\t\t\t\t<h2 class=\"elementor-heading-title elementor-size-default\">Responsable de Desarrollo Empresarial - Divisi\u00f3n de Deportes y Movilidad Urbana.<\/h2>\t\t\t\t<\/div>\n\t\t\t\t<div class=\"elementor-element elementor-element-3606b47 elementor-widget elementor-widget-text-editor\" data-id=\"3606b47\" data-element_type=\"widget\" data-widget_type=\"text-editor.default\">\n\t\t\t\t\t\t\t\t\t<p>RXR Protect busca un Director de Desarrollo de Negocio &#8211; Divisi\u00f3n de Deportes y Movilidad Urbana<\/p>\n<p>Buscamos a alguien a quien le apasionen los retos de ventas, que se desenvuelva bien en un entorno tanto digital como sobre el terreno, y que conozca a fondo el mundo del deporte.<\/p>\n<p>Como miembro de nuestro equipo, ser\u00e1s responsable de :<\/p>\n<p>P<strong>rospecci\u00f3n activa:<\/strong> Ser\u00e1s responsable de abrir nuevas puertas, ganarte a tus contactos t\u00e9cnicos y proponer, negociar y concluir con \u00e9xito las ventas. Desarrollo directo de las ventas de EXPORTACI\u00d3N (nuevos clientes).<\/p>\n<p><strong>Excelentes habilidades interpersonales:<\/strong> Tendr\u00e1s que tener una mentalidad abierta y excelentes habilidades interpersonales, adem\u00e1s de ser lo suficientemente organizado y met\u00f3dico como para trabajar de forma independiente.<\/p>\n<p><strong>Disponibilidad para viajar:<\/strong> Estar\u00e1s dispuesto a viajar por Francia y el extranjero para realizar tus misiones, as\u00ed como a participar en ferias y eventos del mundo del deporte, con un perfecto dominio del ingl\u00e9s.<\/p>\n<p><strong>Experiencia en marketing digital:<\/strong> Tendr\u00e1s un gran inter\u00e9s en el marketing digital, pero tambi\u00e9n estar\u00e1s sobre el terreno trabajando estrechamente con tus clientes\/posibles clientes.<\/p>\n<p>Marca compartida<strong>:<\/strong> participar\u00e1s en la creaci\u00f3n de marcas compartidas para nuestra gama de productos.<\/p>\n<p>Tus puntos clave: &#8211; Competencia en marketing digital. &#8211; Apetencia por el entorno del deporte y la movilidad urbana. &#8211; Dominio del ingl\u00e9s.<\/p>\n<p>Si te apasiona el mundo del deporte, tienes esp\u00edritu emprendedor y buscas un reto apasionante en un entorno din\u00e1mico y estimulante, \u00a1esta es tu oportunidad!<\/p>\n<p>Presenta ahora tu candidatura y \u00fanete a nuestro equipo para contribuir a nuestro \u00e9xito en el mundo del deporte y la movilidad urbana.<\/p>\n\t\t\t\t\t\t\t\t<\/div>\n\t\t\t\t<div class=\"elementor-element elementor-element-15afe67 elementor-widget-divider--view-line elementor-widget elementor-widget-divider\" data-id=\"15afe67\" data-element_type=\"widget\" data-widget_type=\"divider.default\">\n\t\t\t\t\t\t\t<div class=\"elementor-divider\">\n\t\t\t<span class=\"elementor-divider-separator\">\n\t\t\t\t\t\t<\/span>\n\t\t<\/div>\n\t\t\t\t\t\t<\/div>\n\t\t\t\t<div class=\"elementor-element elementor-element-5622fbb elementor-widget elementor-widget-heading\" data-id=\"5622fbb\" data-element_type=\"widget\" data-widget_type=\"heading.default\">\n\t\t\t\t\t<h2 class=\"elementor-heading-title elementor-size-default\">Marketing y Marketing Digital.<\/h2>\t\t\t\t<\/div>\n\t\t\t\t<div class=\"elementor-element elementor-element-1e9775d elementor-widget elementor-widget-text-editor\" data-id=\"1e9775d\" data-element_type=\"widget\" data-widget_type=\"text-editor.default\">\n\t\t\t\t\t\t\t\t\t<p>\u00a1Oportunidad apasionante para entusiastas del Marketing y el Marketing Digital con pasi\u00f3n por el deporte!<\/p>\n<p>\u00bfTe apasiona el mundo del deporte y quieres iniciar tu carrera en marketing y marketing digital?<\/p>\n<p>No busques m\u00e1s! Tenemos una oportunidad apasionante para ti. Actualmente buscamos a una persona entusiasta para unirse a nuestro equipo de Marketing y Marketing Digital.<\/p>\n<p>En este puesto, tendr\u00e1s la oportunidad de explorar tanto las estrategias de marketing tradicionales como el din\u00e1mico mundo del marketing digital.<br \/>Ser\u00e1s responsable de crear contenidos atractivos, desarrollar campa\u00f1as de marketing y utilizar diferentes plataformas digitales para promocionar nuestra marca y nuestros productos.<br \/>Adem\u00e1s, tendr\u00e1s la oportunidad de explorar el creativo campo del dise\u00f1o gr\u00e1fico.<br \/>Tus conocimientos de dise\u00f1o gr\u00e1fico se pondr\u00e1n al servicio de la creaci\u00f3n de atractivos elementos visuales para apoyar nuestros esfuerzos de marketing.<br \/>Pero eso no es todo: este puesto tambi\u00e9n implica la gesti\u00f3n de campa\u00f1as publicitarias en Google Ads y las plataformas Meta.<br \/>Tendr\u00e1s la oportunidad de dirigir nuestras campa\u00f1as publicitarias en estas plataformas l\u00edderes, maximizando nuestro alcance y compromiso con nuestro p\u00fablico objetivo.<\/p>\n<p>Requisitos: &#8211; Dominio del franc\u00e9s y el ingl\u00e9s. &#8211; Pasi\u00f3n por el deporte y ganas de contribuir al sector. &#8211; Gran inter\u00e9s por el marketing y el marketing digital. &#8211; Conocimientos de dise\u00f1o gr\u00e1fico. &#8211; Se valorar\u00e1 positivamente el conocimiento de Google Ads y las plataformas Meta.<\/p>\n<p>Si est\u00e1s preparado para combinar tu amor por el deporte con tus habilidades de marketing, \u00a1queremos saber de ti!<\/p>\n<p>\u00danete a nosotros para impulsar nuestra marca y marcar la diferencia en el mundo del deporte.<\/p>\n<p>\u00a1Presenta tu candidatura ahora y forma parte de un viaje apasionante!<\/p>\n\t\t\t\t\t\t\t\t<\/div>\n\t\t\t\t<\/div>\n\t\t<div id=\"e-n-tab-content-1957702892\" role=\"tabpanel\" aria-labelledby=\"e-n-tab-title-1957702892\" data-tab-index=\"2\" style=\"--n-tabs-title-order: 2;\" class=\" elementor-element elementor-element-10f877b e-con-full e-flex e-con e-child\" data-id=\"10f877b\" data-element_type=\"container\">\n\t\t\t\t<div class=\"elementor-element elementor-element-077fde6 elementor-widget elementor-widget-heading\" data-id=\"077fde6\" data-element_type=\"widget\" data-widget_type=\"heading.default\">\n\t\t\t\t\t<h2 class=\"elementor-heading-title elementor-size-default\">Responsable de Desarrollo Empresarial - Divisi\u00f3n de Deportes y Movilidad Urbana.<\/h2>\t\t\t\t<\/div>\n\t\t\t\t<div class=\"elementor-element elementor-element-9f8c60f elementor-widget elementor-widget-text-editor\" data-id=\"9f8c60f\" data-element_type=\"widget\" data-widget_type=\"text-editor.default\">\n\t\t\t\t\t\t\t\t\t<p>RXR Protect busca un Director de Desarrollo de Negocio &#8211; Divisi\u00f3n de Deportes y Movilidad Urbana<\/p>\n<p>Buscamos a alguien a quien le apasionen los retos de ventas, que se desenvuelva bien en un entorno tanto digital como sobre el terreno, y que conozca a fondo el mundo del deporte.<\/p>\n<p>Como miembro de nuestro equipo, ser\u00e1s responsable de :<\/p>\n<p>P<strong>rospecci\u00f3n activa:<\/strong> Ser\u00e1s responsable de abrir nuevas puertas, ganarte a tus contactos t\u00e9cnicos y proponer, negociar y concluir con \u00e9xito las ventas. Desarrollo directo de las ventas de EXPORTACI\u00d3N (nuevos clientes).<\/p>\n<p><strong>Excelentes habilidades interpersonales:<\/strong> Tendr\u00e1s que tener una mentalidad abierta y excelentes habilidades interpersonales, adem\u00e1s de ser lo suficientemente organizado y met\u00f3dico como para trabajar de forma independiente.<\/p>\n<p><strong>Disponibilidad para viajar:<\/strong> Estar\u00e1s dispuesto a viajar por Francia y el extranjero para realizar tus misiones, as\u00ed como a participar en ferias y eventos del mundo del deporte, con un perfecto dominio del ingl\u00e9s.<\/p>\n<p><strong>Experiencia en marketing digital:<\/strong> Tendr\u00e1s un gran inter\u00e9s en el marketing digital, pero tambi\u00e9n estar\u00e1s sobre el terreno trabajando estrechamente con tus clientes\/posibles clientes.<\/p>\n<p>Marca compartida<strong>:<\/strong> participar\u00e1s en la creaci\u00f3n de marcas compartidas para nuestra gama de productos.<\/p>\n<p>Tus puntos clave: &#8211; Competencia en marketing digital. &#8211; Apetencia por el entorno del deporte y la movilidad urbana. &#8211; Dominio del ingl\u00e9s.<\/p>\n<p>Si te apasiona el mundo del deporte, tienes esp\u00edritu emprendedor y buscas un reto apasionante en un entorno din\u00e1mico y estimulante, \u00a1esta es tu oportunidad!<\/p>\n<p>Presenta ahora tu candidatura y \u00fanete a nuestro equipo para contribuir a nuestro \u00e9xito en el mundo del deporte y la movilidad urbana.<\/p>\n\t\t\t\t\t\t\t\t<\/div>\n\t\t\t\t<div class=\"elementor-element elementor-element-6f65439 elementor-widget-divider--view-line elementor-widget elementor-widget-divider\" data-id=\"6f65439\" data-element_type=\"widget\" data-widget_type=\"divider.default\">\n\t\t\t\t\t\t\t<div class=\"elementor-divider\">\n\t\t\t<span class=\"elementor-divider-separator\">\n\t\t\t\t\t\t<\/span>\n\t\t<\/div>\n\t\t\t\t\t\t<\/div>\n\t\t\t\t<div class=\"elementor-element elementor-element-c074b0c elementor-widget elementor-widget-heading\" data-id=\"c074b0c\" data-element_type=\"widget\" data-widget_type=\"heading.default\">\n\t\t\t\t\t<h2 class=\"elementor-heading-title elementor-size-default\">Marketing y Marketing Digital.<\/h2>\t\t\t\t<\/div>\n\t\t\t\t<div class=\"elementor-element elementor-element-79ebe58 elementor-widget elementor-widget-text-editor\" data-id=\"79ebe58\" data-element_type=\"widget\" data-widget_type=\"text-editor.default\">\n\t\t\t\t\t\t\t\t\t<p>\u00a1Oportunidad apasionante para entusiastas del Marketing y el Marketing Digital con pasi\u00f3n por el deporte!<\/p>\n<p>\u00bfTe apasiona el mundo del deporte y quieres iniciar tu carrera en marketing y marketing digital?<\/p>\n<p>No busques m\u00e1s! Tenemos una oportunidad apasionante para ti. Actualmente buscamos a una persona entusiasta para unirse a nuestro equipo de Marketing y Marketing Digital.<\/p>\n<p>En este puesto, tendr\u00e1s la oportunidad de explorar tanto las estrategias de marketing tradicionales como el din\u00e1mico mundo del marketing digital.<br \/>Ser\u00e1s responsable de crear contenidos atractivos, desarrollar campa\u00f1as de marketing y utilizar diferentes plataformas digitales para promocionar nuestra marca y nuestros productos.<br \/>Adem\u00e1s, tendr\u00e1s la oportunidad de explorar el creativo campo del dise\u00f1o gr\u00e1fico.<br \/>Tus conocimientos de dise\u00f1o gr\u00e1fico se pondr\u00e1n al servicio de la creaci\u00f3n de atractivos elementos visuales para apoyar nuestros esfuerzos de marketing.<br \/>Pero eso no es todo: este puesto tambi\u00e9n implica la gesti\u00f3n de campa\u00f1as publicitarias en Google Ads y las plataformas Meta.<br \/>Tendr\u00e1s la oportunidad de dirigir nuestras campa\u00f1as publicitarias en estas plataformas l\u00edderes, maximizando nuestro alcance y compromiso con nuestro p\u00fablico objetivo.<\/p>\n<p>Requisitos: &#8211; Dominio del franc\u00e9s y el ingl\u00e9s. &#8211; Pasi\u00f3n por el deporte y ganas de contribuir al sector. &#8211; Gran inter\u00e9s por el marketing y el marketing digital. &#8211; Conocimientos de dise\u00f1o gr\u00e1fico. &#8211; Se valorar\u00e1 positivamente el conocimiento de Google Ads y las plataformas Meta.<\/p>\n<p>Si est\u00e1s preparado para combinar tu amor por el deporte con tus habilidades de marketing, \u00a1queremos saber de ti!<\/p>\n<p>\u00danete a nosotros para impulsar nuestra marca y marcar la diferencia en el mundo del deporte.<\/p>\n<p>\u00a1Presenta tu candidatura ahora y forma parte de un viaje apasionante!<\/p>\n\t\t\t\t\t\t\t\t<\/div>\n\t\t\t\t<\/div>\n\t\t\t\t\t<\/div>\n\t\t<\/div>\n\t\t\t\t\t\t<\/div>\n\t\t\t\t\t<\/div>\n\t\t\t\t<\/div>\n\t\t\t\t<\/div>\n\t\t","protected":false},"excerpt":{"rendered":"<p>Si est\u00e1s interesado en alguna de las ofertas que figuran a continuaci\u00f3n, env\u00eda un correo electr\u00f3nico a la siguiente direcci\u00f3n: david@rxrprotect.com CONTRATO INDEFINIDO Estudio-trabajo Responsable de Desarrollo Empresarial &#8211; Divisi\u00f3n de Deportes y Movilidad Urbana. RXR Protect busca un Director de Desarrollo de Negocio &#8211; Divisi\u00f3n de Deportes y Movilidad Urbana Buscamos a alguien a [&hellip;]<\/p>\n","protected":false},"author":1,"featured_media":0,"parent":19495,"menu_order":0,"comment_status":"closed","ping_status":"closed","template":"","meta":{"_acf_changed":false,"footnotes":""},"class_list":["post-19524","page","type-page","status-publish","hentry"],"acf":[],"yoast_head":"<!-- This site is optimized with the Yoast SEO Premium plugin v25.1 (Yoast SEO v26.7) - https:\/\/yoast.com\/wordpress\/plugins\/seo\/ -->\n<title>Contrataci\u00f3n - RXR Protect<\/title>\n<meta name=\"robots\" content=\"index, follow, max-snippet:-1, max-image-preview:large, max-video-preview:-1\" \/>\n<link rel=\"canonical\" href=\"https:\/\/rxr.clereb-siteclient.fr\/es\/centro-de-ayuda\/contratacion\/\" \/>\n<meta property=\"og:locale\" content=\"es_ES\" \/>\n<meta property=\"og:type\" content=\"article\" \/>\n<meta property=\"og:title\" content=\"Contrataci\u00f3n\" \/>\n<meta property=\"og:description\" content=\"Si est\u00e1s interesado en alguna de las ofertas que figuran a continuaci\u00f3n, env\u00eda un correo electr\u00f3nico a la siguiente direcci\u00f3n: david@rxrprotect.com CONTRATO INDEFINIDO Estudio-trabajo Responsable de Desarrollo Empresarial &#8211; Divisi\u00f3n de Deportes y Movilidad Urbana. RXR Protect busca un Director de Desarrollo de Negocio &#8211; Divisi\u00f3n de Deportes y Movilidad Urbana Buscamos a alguien a [&hellip;]\" \/>\n<meta property=\"og:url\" content=\"https:\/\/rxr.clereb-siteclient.fr\/es\/centro-de-ayuda\/contratacion\/\" \/>\n<meta property=\"og:site_name\" content=\"RXR Protect\" \/>\n<meta property=\"article:publisher\" content=\"https:\/\/www.facebook.com\/rxrprotectcom\" \/>\n<meta property=\"article:modified_time\" content=\"2025-01-09T09:51:43+00:00\" \/>\n<meta property=\"og:image\" content=\"https:\/\/rxr.clereb-siteclient.fr\/wp-content\/uploads\/2023\/10\/RXR-Logo-Noir.png\" \/>\n\t<meta property=\"og:image:width\" content=\"500\" \/>\n\t<meta property=\"og:image:height\" content=\"104\" \/>\n\t<meta property=\"og:image:type\" content=\"image\/png\" \/>\n<meta name=\"twitter:card\" content=\"summary_large_image\" \/>\n<script type=\"application\/ld+json\" class=\"yoast-schema-graph\">{\"@context\":\"https:\/\/schema.org\",\"@graph\":[{\"@type\":\"WebPage\",\"@id\":\"https:\/\/rxr.clereb-siteclient.fr\/es\/centro-de-ayuda\/contratacion\/\",\"url\":\"https:\/\/rxr.clereb-siteclient.fr\/es\/centro-de-ayuda\/contratacion\/\",\"name\":\"Contrataci\u00f3n - RXR Protect\",\"isPartOf\":{\"@id\":\"https:\/\/rxr.clereb-siteclient.fr\/es\/#website\"},\"datePublished\":\"2023-12-11T11:43:58+00:00\",\"dateModified\":\"2025-01-09T09:51:43+00:00\",\"breadcrumb\":{\"@id\":\"https:\/\/rxr.clereb-siteclient.fr\/es\/centro-de-ayuda\/contratacion\/#breadcrumb\"},\"inLanguage\":\"es\",\"potentialAction\":[{\"@type\":\"ReadAction\",\"target\":[\"https:\/\/rxr.clereb-siteclient.fr\/es\/centro-de-ayuda\/contratacion\/\"]}]},{\"@type\":\"BreadcrumbList\",\"@id\":\"https:\/\/rxr.clereb-siteclient.fr\/es\/centro-de-ayuda\/contratacion\/#breadcrumb\",\"itemListElement\":[{\"@type\":\"ListItem\",\"position\":1,\"name\":\"Accueil\",\"item\":\"https:\/\/rxr.clereb-siteclient.fr\/es\/inicio\/\"},{\"@type\":\"ListItem\",\"position\":2,\"name\":\"Centro de ayuda\",\"item\":\"https:\/\/rxr.clereb-siteclient.fr\/es\/centro-de-ayuda\/\"},{\"@type\":\"ListItem\",\"position\":3,\"name\":\"Contrataci\u00f3n\"}]},{\"@type\":\"WebSite\",\"@id\":\"https:\/\/rxr.clereb-siteclient.fr\/es\/#website\",\"url\":\"https:\/\/rxr.clereb-siteclient.fr\/es\/\",\"name\":\"RXR Protect\",\"description\":\"Pare pierre et protection gonflable pour le motocross, le VTT et tous les sports extr\u00eames.\",\"publisher\":{\"@id\":\"https:\/\/rxr.clereb-siteclient.fr\/es\/#organization\"},\"alternateName\":\"RXR\",\"potentialAction\":[{\"@type\":\"SearchAction\",\"target\":{\"@type\":\"EntryPoint\",\"urlTemplate\":\"https:\/\/rxr.clereb-siteclient.fr\/es\/?s={search_term_string}\"},\"query-input\":{\"@type\":\"PropertyValueSpecification\",\"valueRequired\":true,\"valueName\":\"search_term_string\"}}],\"inLanguage\":\"es\"},{\"@type\":\"Organization\",\"@id\":\"https:\/\/rxr.clereb-siteclient.fr\/es\/#organization\",\"name\":\"RXR Protect\",\"alternateName\":\"RXR\",\"url\":\"https:\/\/rxr.clereb-siteclient.fr\/es\/\",\"logo\":{\"@type\":\"ImageObject\",\"inLanguage\":\"es\",\"@id\":\"https:\/\/rxr.clereb-siteclient.fr\/es\/#\/schema\/logo\/image\/\",\"url\":\"https:\/\/rxr.clereb-siteclient.fr\/wp-content\/uploads\/2023\/10\/RXR-Logo-Noir.png\",\"contentUrl\":\"https:\/\/rxr.clereb-siteclient.fr\/wp-content\/uploads\/2023\/10\/RXR-Logo-Noir.png\",\"width\":500,\"height\":104,\"caption\":\"RXR Protect\"},\"image\":{\"@id\":\"https:\/\/rxr.clereb-siteclient.fr\/es\/#\/schema\/logo\/image\/\"},\"sameAs\":[\"https:\/\/www.facebook.com\/rxrprotectcom\",\"https:\/\/www.instagram.com\/rxrprotect\/\",\"https:\/\/www.tiktok.com\/@rxrprotect.com\"],\"email\":\"info@rxrprotect.com\",\"telephone\":\"09 70 24 01 01\",\"legalName\":\"PRO SHOP RXR\",\"vatID\":\"FR05511897548\",\"taxID\":\"51189754800034\",\"numberOfEmployees\":{\"@type\":\"QuantitativeValue\",\"minValue\":\"1\",\"maxValue\":\"10\"},\"hasMerchantReturnPolicy\":{\"@type\":\"MerchantReturnPolicy\",\"merchantReturnLink\":\"https:\/\/rxr.clereb-siteclient.fr\/conditions-generales-de-vente\/\"}}]}<\/script>\n<!-- \/ Yoast SEO Premium plugin. -->","yoast_head_json":{"title":"Contrataci\u00f3n - RXR Protect","robots":{"index":"index","follow":"follow","max-snippet":"max-snippet:-1","max-image-preview":"max-image-preview:large","max-video-preview":"max-video-preview:-1"},"canonical":"https:\/\/rxr.clereb-siteclient.fr\/es\/centro-de-ayuda\/contratacion\/","og_locale":"es_ES","og_type":"article","og_title":"Contrataci\u00f3n","og_description":"Si est\u00e1s interesado en alguna de las ofertas que figuran a continuaci\u00f3n, env\u00eda un correo electr\u00f3nico a la siguiente direcci\u00f3n: david@rxrprotect.com CONTRATO INDEFINIDO Estudio-trabajo Responsable de Desarrollo Empresarial &#8211; Divisi\u00f3n de Deportes y Movilidad Urbana. RXR Protect busca un Director de Desarrollo de Negocio &#8211; Divisi\u00f3n de Deportes y Movilidad Urbana Buscamos a alguien a [&hellip;]","og_url":"https:\/\/rxr.clereb-siteclient.fr\/es\/centro-de-ayuda\/contratacion\/","og_site_name":"RXR Protect","article_publisher":"https:\/\/www.facebook.com\/rxrprotectcom","article_modified_time":"2025-01-09T09:51:43+00:00","og_image":[{"width":500,"height":104,"url":"https:\/\/rxr.clereb-siteclient.fr\/wp-content\/uploads\/2023\/10\/RXR-Logo-Noir.png","type":"image\/png"}],"twitter_card":"summary_large_image","schema":{"@context":"https:\/\/schema.org","@graph":[{"@type":"WebPage","@id":"https:\/\/rxr.clereb-siteclient.fr\/es\/centro-de-ayuda\/contratacion\/","url":"https:\/\/rxr.clereb-siteclient.fr\/es\/centro-de-ayuda\/contratacion\/","name":"Contrataci\u00f3n - RXR Protect","isPartOf":{"@id":"https:\/\/rxr.clereb-siteclient.fr\/es\/#website"},"datePublished":"2023-12-11T11:43:58+00:00","dateModified":"2025-01-09T09:51:43+00:00","breadcrumb":{"@id":"https:\/\/rxr.clereb-siteclient.fr\/es\/centro-de-ayuda\/contratacion\/#breadcrumb"},"inLanguage":"es","potentialAction":[{"@type":"ReadAction","target":["https:\/\/rxr.clereb-siteclient.fr\/es\/centro-de-ayuda\/contratacion\/"]}]},{"@type":"BreadcrumbList","@id":"https:\/\/rxr.clereb-siteclient.fr\/es\/centro-de-ayuda\/contratacion\/#breadcrumb","itemListElement":[{"@type":"ListItem","position":1,"name":"Accueil","item":"https:\/\/rxr.clereb-siteclient.fr\/es\/inicio\/"},{"@type":"ListItem","position":2,"name":"Centro de ayuda","item":"https:\/\/rxr.clereb-siteclient.fr\/es\/centro-de-ayuda\/"},{"@type":"ListItem","position":3,"name":"Contrataci\u00f3n"}]},{"@type":"WebSite","@id":"https:\/\/rxr.clereb-siteclient.fr\/es\/#website","url":"https:\/\/rxr.clereb-siteclient.fr\/es\/","name":"RXR Protect","description":"Pare pierre et protection gonflable pour le motocross, le VTT et tous les sports extr\u00eames.","publisher":{"@id":"https:\/\/rxr.clereb-siteclient.fr\/es\/#organization"},"alternateName":"RXR","potentialAction":[{"@type":"SearchAction","target":{"@type":"EntryPoint","urlTemplate":"https:\/\/rxr.clereb-siteclient.fr\/es\/?s={search_term_string}"},"query-input":{"@type":"PropertyValueSpecification","valueRequired":true,"valueName":"search_term_string"}}],"inLanguage":"es"},{"@type":"Organization","@id":"https:\/\/rxr.clereb-siteclient.fr\/es\/#organization","name":"RXR Protect","alternateName":"RXR","url":"https:\/\/rxr.clereb-siteclient.fr\/es\/","logo":{"@type":"ImageObject","inLanguage":"es","@id":"https:\/\/rxr.clereb-siteclient.fr\/es\/#\/schema\/logo\/image\/","url":"https:\/\/rxr.clereb-siteclient.fr\/wp-content\/uploads\/2023\/10\/RXR-Logo-Noir.png","contentUrl":"https:\/\/rxr.clereb-siteclient.fr\/wp-content\/uploads\/2023\/10\/RXR-Logo-Noir.png","width":500,"height":104,"caption":"RXR Protect"},"image":{"@id":"https:\/\/rxr.clereb-siteclient.fr\/es\/#\/schema\/logo\/image\/"},"sameAs":["https:\/\/www.facebook.com\/rxrprotectcom","https:\/\/www.instagram.com\/rxrprotect\/","https:\/\/www.tiktok.com\/@rxrprotect.com"],"email":"info@rxrprotect.com","telephone":"09 70 24 01 01","legalName":"PRO SHOP RXR","vatID":"FR05511897548","taxID":"51189754800034","numberOfEmployees":{"@type":"QuantitativeValue","minValue":"1","maxValue":"10"},"hasMerchantReturnPolicy":{"@type":"MerchantReturnPolicy","merchantReturnLink":"https:\/\/rxr.clereb-siteclient.fr\/conditions-generales-de-vente\/"}}]}},"_links":{"self":[{"href":"https:\/\/rxr.clereb-siteclient.fr\/es\/wp-json\/wp\/v2\/pages\/19524","targetHints":{"allow":["GET"]}}],"collection":[{"href":"https:\/\/rxr.clereb-siteclient.fr\/es\/wp-json\/wp\/v2\/pages"}],"about":[{"href":"https:\/\/rxr.clereb-siteclient.fr\/es\/wp-json\/wp\/v2\/types\/page"}],"author":[{"embeddable":true,"href":"https:\/\/rxr.clereb-siteclient.fr\/es\/wp-json\/wp\/v2\/users\/1"}],"replies":[{"embeddable":true,"href":"https:\/\/rxr.clereb-siteclient.fr\/es\/wp-json\/wp\/v2\/comments?post=19524"}],"version-history":[{"count":0,"href":"https:\/\/rxr.clereb-siteclient.fr\/es\/wp-json\/wp\/v2\/pages\/19524\/revisions"}],"up":[{"embeddable":true,"href":"https:\/\/rxr.clereb-siteclient.fr\/es\/wp-json\/wp\/v2\/pages\/19495"}],"wp:attachment":[{"href":"https:\/\/rxr.clereb-siteclient.fr\/es\/wp-json\/wp\/v2\/media?parent=19524"}],"curies":[{"name":"wp","href":"https:\/\/api.w.org\/{rel}","templated":true}]}}