{"id":18891,"date":"2023-12-21T15:38:43","date_gmt":"2023-12-21T14:38:43","guid":{"rendered":"https:\/\/rxrprotect.com\/boutique\/uncategorized\/rx-03\/"},"modified":"2025-01-09T10:26:57","modified_gmt":"2025-01-09T09:26:57","slug":"rx-03","status":"publish","type":"product","link":"https:\/\/rxr.clereb-siteclient.fr\/en\/official-store\/military-en\/rx-03\/","title":{"rendered":"RX-03"},"content":{"rendered":"<h2>RX-03 Anti-Trauma Vest: Unrivalled Protection and Performance<\/h2>\n<p>Le <strong>gilet anti-trauma RX-03<\/strong> est con\u00e7u pour r\u00e9pondre \u00e0 plusieurs probl\u00e9matiques de protection pour les motards.<br \/>\nCompliant with protection standards 1621-2 level 2 and 1621-3 level 2, it provides optimum protection in the event of a fall.<br \/>\nBut that&#8217;s not all: the RX-03 also acts as a real anti-trauma device when worn under NIJ level 3 or 4 ICW or SA hard ballistic protection.  <\/p>\n<h3>Advanced Protection Technology<\/h3>\n<p>Our multi-compartment solution uses <strong>ASA 3.0 Technology<\/strong>, which enables effective deformation and absorption of shock waves in the event of ballistic impact.<br \/>\nThe air in the RX-03 vest compresses, hardening the air cushion to counteract rear effects, offering superior protection. <\/p>\n<h3>Key benefits<\/h3>\n<ul>\n<li><strong>Ballistic protection<\/strong>: Allows motorcycle forces to be ballistically protected during operations, while maintaining the effectiveness of their motorcycle protection, unlike airbag vests worn on the outside.<\/li>\n<li><strong>Versatile use<\/strong>: Effective in extreme conditions, from -20\u00b0C to +70\u00b0C.<\/li>\n<li><strong>Durability<\/strong>: The cushions must be replaced every 24 months or after a ballistic impact, guaranteeing constant protection.<\/li>\n<\/ul>\n<h3>Areas of application<\/h3>\n<p>The RX-03 vest is ideal for limiting impacts and injuries, not only for motorcyclists, but also in a variety of contexts such as vehicle interventions.<br \/>\nIt offers protection against slow shocks, increasing user safety in a variety of situations. <\/p>\n<h3>Patented Innovation<\/h3>\n<p>Our technology is patented under the number 20760877.9 &#8211; 1001 \/ 4031780, ensuring unique innovation and quality on the market.<br \/>\nChoose the <strong>RX-03 anti-trauma vest<\/strong> and benefit from superior protection thanks to advanced, proven technology.<\/p>\n","protected":false},"excerpt":{"rendered":"<div class=\"flex flex-grow flex-col max-w-full\">\n<div class=\"min-h-[20px] text-message flex flex-col items-start whitespace-pre-wrap break-words [.text-message+&amp;]:mt-5 juice:w-full juice:items-end overflow-x-auto gap-2\" dir=\"auto\" data-message-author-role=\"assistant\" data-message-id=\"32771873-6d0a-4448-9016-634771e18def\">\n<div class=\"flex w-full flex-col gap-1 juice:empty:hidden juice:first:pt-[3px]\">\n<div class=\"markdown prose w-full break-words dark:prose-invert light\">\n<p>The RX-03 anti-trauma vest accompanies and protects you in all situations.<br \/>\nCome and find out more about this innovative product. <\/p>\n<\/div>\n<\/div>\n<\/div>\n<\/div>\n","protected":false},"featured_media":16145,"template":"","meta":{"_acf_changed":false},"product_brand":[],"product_cat":[330],"product_tag":[],"class_list":{"0":"post-18891","1":"product","2":"type-product","3":"status-publish","4":"has-post-thumbnail","6":"product_cat-military-en","8":"first","9":"instock","10":"taxable","11":"shipping-taxable","12":"purchasable","13":"product-type-variable"},"acf":[],"yoast_head":"<!-- This site is optimized with the Yoast SEO Premium plugin v25.1 (Yoast SEO v26.7) - https:\/\/yoast.com\/wordpress\/plugins\/seo\/ -->\n<title>Anti-trauma vest RX-03 | RXR Protect<\/title>\n<meta name=\"description\" content=\"The RX-03 anti-trauma vest offers unrivalled protection in the event of a fall, and significantly reduces the backlash under ballistic protection.\" \/>\n<meta name=\"robots\" content=\"index, follow, max-snippet:-1, max-image-preview:large, max-video-preview:-1\" \/>\n<link rel=\"canonical\" href=\"https:\/\/rxr.clereb-siteclient.fr\/en\/official-store\/military-en\/rx-03\/\" \/>\n<meta property=\"og:locale\" content=\"en_US\" \/>\n<meta property=\"og:type\" content=\"article\" \/>\n<meta property=\"og:title\" content=\"RX-03\" \/>\n<meta property=\"og:description\" content=\"The RX-03 anti-trauma vest offers unrivalled protection in the event of a fall, and significantly reduces the backlash under ballistic protection.\" \/>\n<meta property=\"og:url\" content=\"https:\/\/rxr.clereb-siteclient.fr\/en\/official-store\/military-en\/rx-03\/\" \/>\n<meta property=\"og:site_name\" content=\"RXR Protect\" \/>\n<meta property=\"article:publisher\" content=\"https:\/\/www.facebook.com\/rxrprotectcom\" \/>\n<meta property=\"article:modified_time\" content=\"2025-01-09T09:26:57+00:00\" \/>\n<meta property=\"og:image\" content=\"https:\/\/rxr.clereb-siteclient.fr\/wp-content\/uploads\/2023\/12\/RX01_1-1.jpg\" \/>\n\t<meta property=\"og:image:width\" content=\"1500\" \/>\n\t<meta property=\"og:image:height\" content=\"1500\" \/>\n\t<meta property=\"og:image:type\" content=\"image\/jpeg\" \/>\n<meta name=\"twitter:card\" content=\"summary_large_image\" \/>\n<script type=\"application\/ld+json\" class=\"yoast-schema-graph\">{\"@context\":\"https:\/\/schema.org\",\"@graph\":[{\"@type\":\"WebPage\",\"@id\":\"https:\/\/rxr.clereb-siteclient.fr\/en\/official-store\/military-en\/rx-03\/\",\"url\":\"https:\/\/rxr.clereb-siteclient.fr\/en\/official-store\/military-en\/rx-03\/\",\"name\":\"Anti-trauma vest RX-03 | RXR Protect\",\"isPartOf\":{\"@id\":\"https:\/\/rxr.clereb-siteclient.fr\/en\/#website\"},\"primaryImageOfPage\":{\"@id\":\"https:\/\/rxr.clereb-siteclient.fr\/en\/official-store\/military-en\/rx-03\/#primaryimage\"},\"image\":{\"@id\":\"https:\/\/rxr.clereb-siteclient.fr\/en\/official-store\/military-en\/rx-03\/#primaryimage\"},\"thumbnailUrl\":\"https:\/\/rxr.clereb-siteclient.fr\/wp-content\/uploads\/2023\/12\/RX01_1-1.jpg\",\"datePublished\":\"2023-12-21T14:38:43+00:00\",\"dateModified\":\"2025-01-09T09:26:57+00:00\",\"description\":\"The RX-03 anti-trauma vest offers unrivalled protection in the event of a fall, and significantly reduces the backlash under ballistic protection.\",\"breadcrumb\":{\"@id\":\"https:\/\/rxr.clereb-siteclient.fr\/en\/official-store\/military-en\/rx-03\/#breadcrumb\"},\"inLanguage\":\"en-US\",\"potentialAction\":[{\"@type\":\"ReadAction\",\"target\":[\"https:\/\/rxr.clereb-siteclient.fr\/en\/official-store\/military-en\/rx-03\/\"]}]},{\"@type\":\"ImageObject\",\"inLanguage\":\"en-US\",\"@id\":\"https:\/\/rxr.clereb-siteclient.fr\/en\/official-store\/military-en\/rx-03\/#primaryimage\",\"url\":\"https:\/\/rxr.clereb-siteclient.fr\/wp-content\/uploads\/2023\/12\/RX01_1-1.jpg\",\"contentUrl\":\"https:\/\/rxr.clereb-siteclient.fr\/wp-content\/uploads\/2023\/12\/RX01_1-1.jpg\",\"width\":1500,\"height\":1500,\"caption\":\"anti-trauma plate ballistic protection\"},{\"@type\":\"BreadcrumbList\",\"@id\":\"https:\/\/rxr.clereb-siteclient.fr\/en\/official-store\/military-en\/rx-03\/#breadcrumb\",\"itemListElement\":[{\"@type\":\"ListItem\",\"position\":1,\"name\":\"Accueil\",\"item\":\"https:\/\/rxr.clereb-siteclient.fr\/en\/home\/\"},{\"@type\":\"ListItem\",\"position\":2,\"name\":\"Official store\",\"item\":\"https:\/\/rxr.clereb-siteclient.fr\/boutique-officielle\/\"},{\"@type\":\"ListItem\",\"position\":3,\"name\":\"RX-03\"}]},{\"@type\":\"WebSite\",\"@id\":\"https:\/\/rxr.clereb-siteclient.fr\/en\/#website\",\"url\":\"https:\/\/rxr.clereb-siteclient.fr\/en\/\",\"name\":\"RXR Protect\",\"description\":\"Pare pierre et protection gonflable pour le motocross, le VTT et tous les sports extr\u00eames.\",\"publisher\":{\"@id\":\"https:\/\/rxr.clereb-siteclient.fr\/en\/#organization\"},\"alternateName\":\"RXR\",\"potentialAction\":[{\"@type\":\"SearchAction\",\"target\":{\"@type\":\"EntryPoint\",\"urlTemplate\":\"https:\/\/rxr.clereb-siteclient.fr\/en\/?s={search_term_string}\"},\"query-input\":{\"@type\":\"PropertyValueSpecification\",\"valueRequired\":true,\"valueName\":\"search_term_string\"}}],\"inLanguage\":\"en-US\"},{\"@type\":\"Organization\",\"@id\":\"https:\/\/rxr.clereb-siteclient.fr\/en\/#organization\",\"name\":\"RXR Protect\",\"alternateName\":\"RXR\",\"url\":\"https:\/\/rxr.clereb-siteclient.fr\/en\/\",\"logo\":{\"@type\":\"ImageObject\",\"inLanguage\":\"en-US\",\"@id\":\"https:\/\/rxr.clereb-siteclient.fr\/en\/#\/schema\/logo\/image\/\",\"url\":\"https:\/\/rxr.clereb-siteclient.fr\/wp-content\/uploads\/2023\/10\/RXR-Logo-Noir.png\",\"contentUrl\":\"https:\/\/rxr.clereb-siteclient.fr\/wp-content\/uploads\/2023\/10\/RXR-Logo-Noir.png\",\"width\":500,\"height\":104,\"caption\":\"RXR Protect\"},\"image\":{\"@id\":\"https:\/\/rxr.clereb-siteclient.fr\/en\/#\/schema\/logo\/image\/\"},\"sameAs\":[\"https:\/\/www.facebook.com\/rxrprotectcom\",\"https:\/\/www.instagram.com\/rxrprotect\/\",\"https:\/\/www.tiktok.com\/@rxrprotect.com\"],\"email\":\"info@rxrprotect.com\",\"telephone\":\"09 70 24 01 01\",\"legalName\":\"PRO SHOP RXR\",\"vatID\":\"FR05511897548\",\"taxID\":\"51189754800034\",\"numberOfEmployees\":{\"@type\":\"QuantitativeValue\",\"minValue\":\"1\",\"maxValue\":\"10\"},\"hasMerchantReturnPolicy\":{\"@type\":\"MerchantReturnPolicy\",\"merchantReturnLink\":\"https:\/\/rxr.clereb-siteclient.fr\/conditions-generales-de-vente\/\"}}]}<\/script>\n<meta property=\"og:availability\" content=\"instock\" \/>\n<meta property=\"product:availability\" content=\"instock\" \/>\n<meta property=\"product:condition\" content=\"new\" \/>\n<!-- \/ Yoast SEO Premium plugin. -->","yoast_head_json":{"title":"Anti-trauma vest RX-03 | RXR Protect","description":"The RX-03 anti-trauma vest offers unrivalled protection in the event of a fall, and significantly reduces the backlash under ballistic protection.","robots":{"index":"index","follow":"follow","max-snippet":"max-snippet:-1","max-image-preview":"max-image-preview:large","max-video-preview":"max-video-preview:-1"},"canonical":"https:\/\/rxr.clereb-siteclient.fr\/en\/official-store\/military-en\/rx-03\/","og_locale":"en_US","og_type":"article","og_title":"RX-03","og_description":"The RX-03 anti-trauma vest offers unrivalled protection in the event of a fall, and significantly reduces the backlash under ballistic protection.","og_url":"https:\/\/rxr.clereb-siteclient.fr\/en\/official-store\/military-en\/rx-03\/","og_site_name":"RXR Protect","article_publisher":"https:\/\/www.facebook.com\/rxrprotectcom","article_modified_time":"2025-01-09T09:26:57+00:00","og_image":[{"width":1500,"height":1500,"url":"https:\/\/rxr.clereb-siteclient.fr\/wp-content\/uploads\/2023\/12\/RX01_1-1.jpg","type":"image\/jpeg"}],"twitter_card":"summary_large_image","schema":{"@context":"https:\/\/schema.org","@graph":[{"@type":"WebPage","@id":"https:\/\/rxr.clereb-siteclient.fr\/en\/official-store\/military-en\/rx-03\/","url":"https:\/\/rxr.clereb-siteclient.fr\/en\/official-store\/military-en\/rx-03\/","name":"Anti-trauma vest RX-03 | RXR Protect","isPartOf":{"@id":"https:\/\/rxr.clereb-siteclient.fr\/en\/#website"},"primaryImageOfPage":{"@id":"https:\/\/rxr.clereb-siteclient.fr\/en\/official-store\/military-en\/rx-03\/#primaryimage"},"image":{"@id":"https:\/\/rxr.clereb-siteclient.fr\/en\/official-store\/military-en\/rx-03\/#primaryimage"},"thumbnailUrl":"https:\/\/rxr.clereb-siteclient.fr\/wp-content\/uploads\/2023\/12\/RX01_1-1.jpg","datePublished":"2023-12-21T14:38:43+00:00","dateModified":"2025-01-09T09:26:57+00:00","description":"The RX-03 anti-trauma vest offers unrivalled protection in the event of a fall, and significantly reduces the backlash under ballistic protection.","breadcrumb":{"@id":"https:\/\/rxr.clereb-siteclient.fr\/en\/official-store\/military-en\/rx-03\/#breadcrumb"},"inLanguage":"en-US","potentialAction":[{"@type":"ReadAction","target":["https:\/\/rxr.clereb-siteclient.fr\/en\/official-store\/military-en\/rx-03\/"]}]},{"@type":"ImageObject","inLanguage":"en-US","@id":"https:\/\/rxr.clereb-siteclient.fr\/en\/official-store\/military-en\/rx-03\/#primaryimage","url":"https:\/\/rxr.clereb-siteclient.fr\/wp-content\/uploads\/2023\/12\/RX01_1-1.jpg","contentUrl":"https:\/\/rxr.clereb-siteclient.fr\/wp-content\/uploads\/2023\/12\/RX01_1-1.jpg","width":1500,"height":1500,"caption":"anti-trauma plate ballistic protection"},{"@type":"BreadcrumbList","@id":"https:\/\/rxr.clereb-siteclient.fr\/en\/official-store\/military-en\/rx-03\/#breadcrumb","itemListElement":[{"@type":"ListItem","position":1,"name":"Accueil","item":"https:\/\/rxr.clereb-siteclient.fr\/en\/home\/"},{"@type":"ListItem","position":2,"name":"Official store","item":"https:\/\/rxr.clereb-siteclient.fr\/boutique-officielle\/"},{"@type":"ListItem","position":3,"name":"RX-03"}]},{"@type":"WebSite","@id":"https:\/\/rxr.clereb-siteclient.fr\/en\/#website","url":"https:\/\/rxr.clereb-siteclient.fr\/en\/","name":"RXR Protect","description":"Pare pierre et protection gonflable pour le motocross, le VTT et tous les sports extr\u00eames.","publisher":{"@id":"https:\/\/rxr.clereb-siteclient.fr\/en\/#organization"},"alternateName":"RXR","potentialAction":[{"@type":"SearchAction","target":{"@type":"EntryPoint","urlTemplate":"https:\/\/rxr.clereb-siteclient.fr\/en\/?s={search_term_string}"},"query-input":{"@type":"PropertyValueSpecification","valueRequired":true,"valueName":"search_term_string"}}],"inLanguage":"en-US"},{"@type":"Organization","@id":"https:\/\/rxr.clereb-siteclient.fr\/en\/#organization","name":"RXR Protect","alternateName":"RXR","url":"https:\/\/rxr.clereb-siteclient.fr\/en\/","logo":{"@type":"ImageObject","inLanguage":"en-US","@id":"https:\/\/rxr.clereb-siteclient.fr\/en\/#\/schema\/logo\/image\/","url":"https:\/\/rxr.clereb-siteclient.fr\/wp-content\/uploads\/2023\/10\/RXR-Logo-Noir.png","contentUrl":"https:\/\/rxr.clereb-siteclient.fr\/wp-content\/uploads\/2023\/10\/RXR-Logo-Noir.png","width":500,"height":104,"caption":"RXR Protect"},"image":{"@id":"https:\/\/rxr.clereb-siteclient.fr\/en\/#\/schema\/logo\/image\/"},"sameAs":["https:\/\/www.facebook.com\/rxrprotectcom","https:\/\/www.instagram.com\/rxrprotect\/","https:\/\/www.tiktok.com\/@rxrprotect.com"],"email":"info@rxrprotect.com","telephone":"09 70 24 01 01","legalName":"PRO SHOP RXR","vatID":"FR05511897548","taxID":"51189754800034","numberOfEmployees":{"@type":"QuantitativeValue","minValue":"1","maxValue":"10"},"hasMerchantReturnPolicy":{"@type":"MerchantReturnPolicy","merchantReturnLink":"https:\/\/rxr.clereb-siteclient.fr\/conditions-generales-de-vente\/"}}]},"og_availability":"instock","product_availability":"instock","product_condition":"new"},"_links":{"self":[{"href":"https:\/\/rxr.clereb-siteclient.fr\/en\/wp-json\/wp\/v2\/product\/18891","targetHints":{"allow":["GET"]}}],"collection":[{"href":"https:\/\/rxr.clereb-siteclient.fr\/en\/wp-json\/wp\/v2\/product"}],"about":[{"href":"https:\/\/rxr.clereb-siteclient.fr\/en\/wp-json\/wp\/v2\/types\/product"}],"version-history":[{"count":0,"href":"https:\/\/rxr.clereb-siteclient.fr\/en\/wp-json\/wp\/v2\/product\/18891\/revisions"}],"wp:featuredmedia":[{"embeddable":true,"href":"https:\/\/rxr.clereb-siteclient.fr\/en\/wp-json\/wp\/v2\/media\/16145"}],"wp:attachment":[{"href":"https:\/\/rxr.clereb-siteclient.fr\/en\/wp-json\/wp\/v2\/media?parent=18891"}],"wp:term":[{"taxonomy":"product_brand","embeddable":true,"href":"https:\/\/rxr.clereb-siteclient.fr\/en\/wp-json\/wp\/v2\/product_brand?post=18891"},{"taxonomy":"product_cat","embeddable":true,"href":"https:\/\/rxr.clereb-siteclient.fr\/en\/wp-json\/wp\/v2\/product_cat?post=18891"},{"taxonomy":"product_tag","embeddable":true,"href":"https:\/\/rxr.clereb-siteclient.fr\/en\/wp-json\/wp\/v2\/product_tag?post=18891"}],"curies":[{"name":"wp","href":"https:\/\/api.w.org\/{rel}","templated":true}]}}