{"id":18886,"date":"2023-12-26T14:44:35","date_gmt":"2023-12-26T13:44:35","guid":{"rendered":"https:\/\/rxrprotect.com\/boutique\/uncategorized\/rx-01\/"},"modified":"2025-03-03T11:44:37","modified_gmt":"2025-03-03T10:44:37","slug":"rx-01","status":"publish","type":"product","link":"https:\/\/rxr.clereb-siteclient.fr\/en\/official-store\/military-en\/rx-01\/","title":{"rendered":"RX-01"},"content":{"rendered":"<p>The RX-01, a multi-compartment air anti-trauma plate, features ASA 3.0 technology for advanced ballistic protection.<br \/>\nIn the event of impact, its ability to absorb and deform the shockwave behind the protection makes it a remarkable solution. <\/p>\n<ul>\n<li>Versatility: compatible with soft or rigid vests, offering great agility of use.<\/li>\n<li>Durability: Cushions should be replaced every 24 months or after a ballistic impact.<\/li>\n<li>Adaptability: Operates in extreme conditions, from -20\u00b0C to +70\u00b0C.<\/li>\n<li>Lightweight: Weighing just 290g front and rear.<\/li>\n<li>Dimensions: Compact, with a width of 28cm and a height of 23cm.<\/li>\n<li>Ease of use: simple, practical adjustment for optimum fit.<\/li>\n<li>Versatile protection: Reduces shocks and injuries, especially in vehicles, against slow impacts, etc.<\/li>\n<li>Patented innovation: Our technology is protected by patent number 20760877.9 &#8211; 1001 \/ 4031780.<\/li>\n<\/ul>\n","protected":false},"excerpt":{"rendered":"<p><strong>Produit d\u00e9velopp\u00e9 et destin\u00e9 \u00e0 un usage par les forces arm\u00e9es ou de police.<br \/>\nMerci de nous contacter pour toute demande d&#8217;informations.<\/strong><\/p>\n","protected":false},"featured_media":30633,"template":"","meta":{"_acf_changed":false},"product_brand":[],"product_cat":[330],"product_tag":[],"class_list":{"0":"post-18886","1":"product","2":"type-product","3":"status-publish","4":"has-post-thumbnail","6":"product_cat-military-en","8":"first","9":"instock","10":"taxable","11":"shipping-taxable","12":"purchasable","13":"product-type-variable"},"acf":[],"yoast_head":"<!-- This site is optimized with the Yoast SEO Premium plugin v25.1 (Yoast SEO v26.7) - https:\/\/yoast.com\/wordpress\/plugins\/seo\/ -->\n<title>Anti-trauma plate RX-01 | RXR Protect<\/title>\n<meta name=\"description\" content=\"Be prepared for any situation with our RX-01 anti-trauma plate. Designed for ease of use and optimum protection. Protect yourself!\" \/>\n<meta name=\"robots\" content=\"index, follow, max-snippet:-1, max-image-preview:large, max-video-preview:-1\" \/>\n<link rel=\"canonical\" href=\"https:\/\/rxr.clereb-siteclient.fr\/en\/official-store\/military-en\/rx-01\/\" \/>\n<meta property=\"og:locale\" content=\"en_US\" \/>\n<meta property=\"og:type\" content=\"article\" \/>\n<meta property=\"og:title\" content=\"RX-01\" \/>\n<meta property=\"og:description\" content=\"Be prepared for any situation with our RX-01 anti-trauma plate. Designed for ease of use and optimum protection. Protect yourself!\" \/>\n<meta property=\"og:url\" content=\"https:\/\/rxr.clereb-siteclient.fr\/en\/official-store\/military-en\/rx-01\/\" \/>\n<meta property=\"og:site_name\" content=\"RXR Protect\" \/>\n<meta property=\"article:publisher\" content=\"https:\/\/www.facebook.com\/rxrprotectcom\" \/>\n<meta property=\"article:modified_time\" content=\"2025-03-03T10:44:37+00:00\" \/>\n<meta property=\"og:image\" content=\"https:\/\/rxr.clereb-siteclient.fr\/wp-content\/uploads\/2023\/10\/RXR-Logo-Noir.png\" \/>\n\t<meta property=\"og:image:width\" content=\"500\" \/>\n\t<meta property=\"og:image:height\" content=\"104\" \/>\n\t<meta property=\"og:image:type\" content=\"image\/png\" \/>\n<meta name=\"twitter:card\" content=\"summary_large_image\" \/>\n<script type=\"application\/ld+json\" class=\"yoast-schema-graph\">{\"@context\":\"https:\/\/schema.org\",\"@graph\":[{\"@type\":\"WebPage\",\"@id\":\"https:\/\/rxr.clereb-siteclient.fr\/en\/official-store\/military-en\/rx-01\/\",\"url\":\"https:\/\/rxr.clereb-siteclient.fr\/en\/official-store\/military-en\/rx-01\/\",\"name\":\"Anti-trauma plate RX-01 | RXR Protect\",\"isPartOf\":{\"@id\":\"https:\/\/rxr.clereb-siteclient.fr\/en\/#website\"},\"primaryImageOfPage\":{\"@id\":\"https:\/\/rxr.clereb-siteclient.fr\/en\/official-store\/military-en\/rx-01\/#primaryimage\"},\"image\":{\"@id\":\"https:\/\/rxr.clereb-siteclient.fr\/en\/official-store\/military-en\/rx-01\/#primaryimage\"},\"thumbnailUrl\":\"https:\/\/rxr.clereb-siteclient.fr\/wp-content\/uploads\/2025\/01\/RX01-Full.avif\",\"datePublished\":\"2023-12-26T13:44:35+00:00\",\"dateModified\":\"2025-03-03T10:44:37+00:00\",\"description\":\"Be prepared for any situation with our RX-01 anti-trauma plate. Designed for ease of use and optimum protection. Protect yourself!\",\"breadcrumb\":{\"@id\":\"https:\/\/rxr.clereb-siteclient.fr\/en\/official-store\/military-en\/rx-01\/#breadcrumb\"},\"inLanguage\":\"en-US\",\"potentialAction\":[{\"@type\":\"ReadAction\",\"target\":[\"https:\/\/rxr.clereb-siteclient.fr\/en\/official-store\/military-en\/rx-01\/\"]}]},{\"@type\":\"ImageObject\",\"inLanguage\":\"en-US\",\"@id\":\"https:\/\/rxr.clereb-siteclient.fr\/en\/official-store\/military-en\/rx-01\/#primaryimage\",\"url\":\"https:\/\/rxr.clereb-siteclient.fr\/wp-content\/uploads\/2025\/01\/RX01-Full.avif\",\"contentUrl\":\"https:\/\/rxr.clereb-siteclient.fr\/wp-content\/uploads\/2025\/01\/RX01-Full.avif\",\"width\":1500,\"height\":1500},{\"@type\":\"BreadcrumbList\",\"@id\":\"https:\/\/rxr.clereb-siteclient.fr\/en\/official-store\/military-en\/rx-01\/#breadcrumb\",\"itemListElement\":[{\"@type\":\"ListItem\",\"position\":1,\"name\":\"Accueil\",\"item\":\"https:\/\/rxr.clereb-siteclient.fr\/en\/home\/\"},{\"@type\":\"ListItem\",\"position\":2,\"name\":\"Official store\",\"item\":\"https:\/\/rxr.clereb-siteclient.fr\/boutique-officielle\/\"},{\"@type\":\"ListItem\",\"position\":3,\"name\":\"RX-01\"}]},{\"@type\":\"WebSite\",\"@id\":\"https:\/\/rxr.clereb-siteclient.fr\/en\/#website\",\"url\":\"https:\/\/rxr.clereb-siteclient.fr\/en\/\",\"name\":\"RXR Protect\",\"description\":\"Pare pierre et protection gonflable pour le motocross, le VTT et tous les sports extr\u00eames.\",\"publisher\":{\"@id\":\"https:\/\/rxr.clereb-siteclient.fr\/en\/#organization\"},\"alternateName\":\"RXR\",\"potentialAction\":[{\"@type\":\"SearchAction\",\"target\":{\"@type\":\"EntryPoint\",\"urlTemplate\":\"https:\/\/rxr.clereb-siteclient.fr\/en\/?s={search_term_string}\"},\"query-input\":{\"@type\":\"PropertyValueSpecification\",\"valueRequired\":true,\"valueName\":\"search_term_string\"}}],\"inLanguage\":\"en-US\"},{\"@type\":\"Organization\",\"@id\":\"https:\/\/rxr.clereb-siteclient.fr\/en\/#organization\",\"name\":\"RXR Protect\",\"alternateName\":\"RXR\",\"url\":\"https:\/\/rxr.clereb-siteclient.fr\/en\/\",\"logo\":{\"@type\":\"ImageObject\",\"inLanguage\":\"en-US\",\"@id\":\"https:\/\/rxr.clereb-siteclient.fr\/en\/#\/schema\/logo\/image\/\",\"url\":\"https:\/\/rxr.clereb-siteclient.fr\/wp-content\/uploads\/2023\/10\/RXR-Logo-Noir.png\",\"contentUrl\":\"https:\/\/rxr.clereb-siteclient.fr\/wp-content\/uploads\/2023\/10\/RXR-Logo-Noir.png\",\"width\":500,\"height\":104,\"caption\":\"RXR Protect\"},\"image\":{\"@id\":\"https:\/\/rxr.clereb-siteclient.fr\/en\/#\/schema\/logo\/image\/\"},\"sameAs\":[\"https:\/\/www.facebook.com\/rxrprotectcom\",\"https:\/\/www.instagram.com\/rxrprotect\/\",\"https:\/\/www.tiktok.com\/@rxrprotect.com\"],\"email\":\"info@rxrprotect.com\",\"telephone\":\"09 70 24 01 01\",\"legalName\":\"PRO SHOP RXR\",\"vatID\":\"FR05511897548\",\"taxID\":\"51189754800034\",\"numberOfEmployees\":{\"@type\":\"QuantitativeValue\",\"minValue\":\"1\",\"maxValue\":\"10\"},\"hasMerchantReturnPolicy\":{\"@type\":\"MerchantReturnPolicy\",\"merchantReturnLink\":\"https:\/\/rxr.clereb-siteclient.fr\/conditions-generales-de-vente\/\"}}]}<\/script>\n<meta property=\"og:availability\" content=\"instock\" \/>\n<meta property=\"product:availability\" content=\"instock\" \/>\n<meta property=\"product:condition\" content=\"new\" \/>\n<!-- \/ Yoast SEO Premium plugin. -->","yoast_head_json":{"title":"Anti-trauma plate RX-01 | RXR Protect","description":"Be prepared for any situation with our RX-01 anti-trauma plate. Designed for ease of use and optimum protection. Protect yourself!","robots":{"index":"index","follow":"follow","max-snippet":"max-snippet:-1","max-image-preview":"max-image-preview:large","max-video-preview":"max-video-preview:-1"},"canonical":"https:\/\/rxr.clereb-siteclient.fr\/en\/official-store\/military-en\/rx-01\/","og_locale":"en_US","og_type":"article","og_title":"RX-01","og_description":"Be prepared for any situation with our RX-01 anti-trauma plate. Designed for ease of use and optimum protection. Protect yourself!","og_url":"https:\/\/rxr.clereb-siteclient.fr\/en\/official-store\/military-en\/rx-01\/","og_site_name":"RXR Protect","article_publisher":"https:\/\/www.facebook.com\/rxrprotectcom","article_modified_time":"2025-03-03T10:44:37+00:00","og_image":[{"width":500,"height":104,"url":"https:\/\/rxr.clereb-siteclient.fr\/wp-content\/uploads\/2023\/10\/RXR-Logo-Noir.png","type":"image\/png"}],"twitter_card":"summary_large_image","schema":{"@context":"https:\/\/schema.org","@graph":[{"@type":"WebPage","@id":"https:\/\/rxr.clereb-siteclient.fr\/en\/official-store\/military-en\/rx-01\/","url":"https:\/\/rxr.clereb-siteclient.fr\/en\/official-store\/military-en\/rx-01\/","name":"Anti-trauma plate RX-01 | RXR Protect","isPartOf":{"@id":"https:\/\/rxr.clereb-siteclient.fr\/en\/#website"},"primaryImageOfPage":{"@id":"https:\/\/rxr.clereb-siteclient.fr\/en\/official-store\/military-en\/rx-01\/#primaryimage"},"image":{"@id":"https:\/\/rxr.clereb-siteclient.fr\/en\/official-store\/military-en\/rx-01\/#primaryimage"},"thumbnailUrl":"https:\/\/rxr.clereb-siteclient.fr\/wp-content\/uploads\/2025\/01\/RX01-Full.avif","datePublished":"2023-12-26T13:44:35+00:00","dateModified":"2025-03-03T10:44:37+00:00","description":"Be prepared for any situation with our RX-01 anti-trauma plate. Designed for ease of use and optimum protection. Protect yourself!","breadcrumb":{"@id":"https:\/\/rxr.clereb-siteclient.fr\/en\/official-store\/military-en\/rx-01\/#breadcrumb"},"inLanguage":"en-US","potentialAction":[{"@type":"ReadAction","target":["https:\/\/rxr.clereb-siteclient.fr\/en\/official-store\/military-en\/rx-01\/"]}]},{"@type":"ImageObject","inLanguage":"en-US","@id":"https:\/\/rxr.clereb-siteclient.fr\/en\/official-store\/military-en\/rx-01\/#primaryimage","url":"https:\/\/rxr.clereb-siteclient.fr\/wp-content\/uploads\/2025\/01\/RX01-Full.avif","contentUrl":"https:\/\/rxr.clereb-siteclient.fr\/wp-content\/uploads\/2025\/01\/RX01-Full.avif","width":1500,"height":1500},{"@type":"BreadcrumbList","@id":"https:\/\/rxr.clereb-siteclient.fr\/en\/official-store\/military-en\/rx-01\/#breadcrumb","itemListElement":[{"@type":"ListItem","position":1,"name":"Accueil","item":"https:\/\/rxr.clereb-siteclient.fr\/en\/home\/"},{"@type":"ListItem","position":2,"name":"Official store","item":"https:\/\/rxr.clereb-siteclient.fr\/boutique-officielle\/"},{"@type":"ListItem","position":3,"name":"RX-01"}]},{"@type":"WebSite","@id":"https:\/\/rxr.clereb-siteclient.fr\/en\/#website","url":"https:\/\/rxr.clereb-siteclient.fr\/en\/","name":"RXR Protect","description":"Pare pierre et protection gonflable pour le motocross, le VTT et tous les sports extr\u00eames.","publisher":{"@id":"https:\/\/rxr.clereb-siteclient.fr\/en\/#organization"},"alternateName":"RXR","potentialAction":[{"@type":"SearchAction","target":{"@type":"EntryPoint","urlTemplate":"https:\/\/rxr.clereb-siteclient.fr\/en\/?s={search_term_string}"},"query-input":{"@type":"PropertyValueSpecification","valueRequired":true,"valueName":"search_term_string"}}],"inLanguage":"en-US"},{"@type":"Organization","@id":"https:\/\/rxr.clereb-siteclient.fr\/en\/#organization","name":"RXR Protect","alternateName":"RXR","url":"https:\/\/rxr.clereb-siteclient.fr\/en\/","logo":{"@type":"ImageObject","inLanguage":"en-US","@id":"https:\/\/rxr.clereb-siteclient.fr\/en\/#\/schema\/logo\/image\/","url":"https:\/\/rxr.clereb-siteclient.fr\/wp-content\/uploads\/2023\/10\/RXR-Logo-Noir.png","contentUrl":"https:\/\/rxr.clereb-siteclient.fr\/wp-content\/uploads\/2023\/10\/RXR-Logo-Noir.png","width":500,"height":104,"caption":"RXR Protect"},"image":{"@id":"https:\/\/rxr.clereb-siteclient.fr\/en\/#\/schema\/logo\/image\/"},"sameAs":["https:\/\/www.facebook.com\/rxrprotectcom","https:\/\/www.instagram.com\/rxrprotect\/","https:\/\/www.tiktok.com\/@rxrprotect.com"],"email":"info@rxrprotect.com","telephone":"09 70 24 01 01","legalName":"PRO SHOP RXR","vatID":"FR05511897548","taxID":"51189754800034","numberOfEmployees":{"@type":"QuantitativeValue","minValue":"1","maxValue":"10"},"hasMerchantReturnPolicy":{"@type":"MerchantReturnPolicy","merchantReturnLink":"https:\/\/rxr.clereb-siteclient.fr\/conditions-generales-de-vente\/"}}]},"og_availability":"instock","product_availability":"instock","product_condition":"new"},"_links":{"self":[{"href":"https:\/\/rxr.clereb-siteclient.fr\/en\/wp-json\/wp\/v2\/product\/18886","targetHints":{"allow":["GET"]}}],"collection":[{"href":"https:\/\/rxr.clereb-siteclient.fr\/en\/wp-json\/wp\/v2\/product"}],"about":[{"href":"https:\/\/rxr.clereb-siteclient.fr\/en\/wp-json\/wp\/v2\/types\/product"}],"version-history":[{"count":0,"href":"https:\/\/rxr.clereb-siteclient.fr\/en\/wp-json\/wp\/v2\/product\/18886\/revisions"}],"wp:featuredmedia":[{"embeddable":true,"href":"https:\/\/rxr.clereb-siteclient.fr\/en\/wp-json\/wp\/v2\/media\/30633"}],"wp:attachment":[{"href":"https:\/\/rxr.clereb-siteclient.fr\/en\/wp-json\/wp\/v2\/media?parent=18886"}],"wp:term":[{"taxonomy":"product_brand","embeddable":true,"href":"https:\/\/rxr.clereb-siteclient.fr\/en\/wp-json\/wp\/v2\/product_brand?post=18886"},{"taxonomy":"product_cat","embeddable":true,"href":"https:\/\/rxr.clereb-siteclient.fr\/en\/wp-json\/wp\/v2\/product_cat?post=18886"},{"taxonomy":"product_tag","embeddable":true,"href":"https:\/\/rxr.clereb-siteclient.fr\/en\/wp-json\/wp\/v2\/product_tag?post=18886"}],"curies":[{"name":"wp","href":"https:\/\/api.w.org\/{rel}","templated":true}]}}